{"id":1017,"date":"2017-09-26T12:53:36","date_gmt":"2017-09-26T12:53:36","guid":{"rendered":"http:\/\/citycenterone.hr\/split\/?page_id=1017"},"modified":"2018-07-27T09:26:27","modified_gmt":"2018-07-27T09:26:27","slug":"uvjeti-koristenja","status":"publish","type":"page","link":"https:\/\/citycenterone.hr\/split\/uvjeti-koristenja\/","title":{"rendered":"Uvjeti kori\u0161tenja"},"content":{"rendered":"<h3>OP\u0106I UVJETI KORI\u0160TENJA<\/h3>\n<p><strong>I. PRIMJENA UVJETA KORI\u0160TENJA<\/strong><br \/>\nUvjeti kori\u0161tenja su svi uvjeti propisani u kategorijama I do VII.<br \/>\nUvjetima kori\u0161tenja reguliraju se pravni odnosi nastali iz kori\u0161tenja i\/ili uporabe domene www.citycenterone.hr kao i svih s njom povezanih poddomena, poveznica (linkova) i pripadaju\u0107eg sadr\u017eaja, aplikacija, softvera, usluga, materijala, informacija (zajedno \u201eweb servis\u201c).<br \/>\nUpotrebljavaju\u0107i\/koriste\u0107i citycenterone.hr web servis daje se izri\u010dit pristanak na po\u0161tivanje odredbi ovog ugovora o navedenim uvjetima kori\u0161tenja. U slu\u010daju da se sa istima korisnik ne sla\u017ee moli se ne koristite navedeni web servis. Dakle, u slu\u010daju pristupa i\/ili kori\u0161tenja domene www.citycenterone.hr kao i svih s njom povezanih poddomena, poveznica (linkova) i pripadaju\u0107eg sadr\u017eaja, aplikacija, softvera, usluga, materijala, informacija (zajedno \u201eweb servis\u201c) koje se omogu\u0107avaju putem web servisa bez obzira na na\u010din kori\u0161tenja, daje se izri\u010dit, neograni\u010den pristanak na kori\u0161tenje i uporabu web servisa u skladu sa svim propisanim uvjetima.<br \/>\nKori\u0161tenje web servisa dopu\u0161teno je isklju\u010divo punoljetnim osobama dok je navedeno dozvoljeno djeci samo uz dopu\u0161tenje i nadzor roditelja i\/ili skrbnika koji su o tome du\u017eni voditi brigu te preuzimaju sva prava i obveze nastale takvim kori\u0161tenjem dok na strani tvrtke CC Real d.o.o. ne postoji dogovornost s bilo kojeg osnova.<br \/>\nCC Real d.o.o. ima neograni\u010deno pravo promjene, ograni\u010denja i\/ili prestanka pru\u017eanja usluge web servisa.<br \/>\nU slu\u010daju kr\u0161enja i\/ili nepo\u0161tivanja propisanih odredbi CC Real d.o.o. pridr\u017eava pravo, u skladu sa svojom diskrecionom ocjenom ograni\u010diti pru\u017eanje svih i\/ili dijela usluga.<br \/>\nSvi propisani uvjeti i sadr\u017eaj podlo\u017eni su jednostranoj promjeni od strane CC Real d.o.o. u bilo kojem trenutku te u navedenom slu\u010daju CC Real d.o.o. ne\u0107e biti odgovoran ni za kakve posljedice proiza\u0161le iz promjena. Dan objave na internet stranicama www.citycenterone.hr smatra se danom stupanja na snagu nastalih promjena.<br \/>\nSvaki pristup na citycenterone.hr web servis bit \u0107e zasebna transakcija na koju se odnose propisani uvjeti kori\u0161tenja.<\/p>\n<p><strong>II. SADR\u017dAJ, SOFTVER, USLUGE, APLIKACIJE, WEB SERVISA, VIZAUALNI INDENTITET<\/strong><br \/>\nMaterijali, aplikacije, softver, informacije i vizualni identitet sa <a href=\"http:\/\/citycenterone.hr\/\">www.citycenterone.hr<\/a> ne smiju se kopirati, izdavati, prevoditi, ili na bilo koji drugi na\u010din koristiti i\/ili distribuirani osim u slu\u010daju izri\u010ditog pismenog pristanka tvrtke CC Real d.o.o.<br \/>\nCjelokupni sadr\u017eaj, materijali, informacije, aplikacije, softver i vizualni identitet za\u0161ti\u0107eni su Zakonom o autorskom i srodnim pravima, Zakonom o \u017eigu, Kaznenim zakonom. Isti su za\u0161ti\u0107eni autorskim pravima tvrtke CC Real d.o.o. ili drugih pravnih subjekata.<br \/>\nCjelokupni sadr\u017eaj, materijali, informacije, aplikacije, softver, vizualni identitet zabranjeno je koristiti u komercijalne svrhe te je pohrana i\/ili kopiranje zabranjeno za bilo koju svrhu osim za osobnu, nekomercijalnu uporabu \u0161to podrazumijeva da to nije prodavanje i\/ili posredovanje informacija, i\/ili publiciranje i\/ili distribuiranje i\/ili preno\u0161enje i\/ili reproduciranje. Dopu\u0161teno je sa\u010diniti kopiju svakog outputa, u machine-\u010ditaju\u0107oj formi ili u hard copy formi, \u0161to je dovoljno za gore spomenute dozvoljene ciljeve. Ni\u0161ta ovdje spomenuto ne daje pravo kreiranja bilo kakvih baza podataka, direktorija ili hard copy publikacija \u2013 iz ili od baza podataka, niti za internu, niti za eksternu uporabu.<br \/>\nWeb servis se ne smije koristiti na na\u010din da se pristup istome mo\u017ee ostvariti putem linka, druge stranice i\/ili portala putem linka ili na bilo koji drugi sli\u010dan na\u010din koji omogu\u0107ava da se stranice web servisa otvaraju unutar tu\u0111e domene, portala ili stranice.<\/p>\n<p><strong>III. JAMSTVO, ODGOVORNOST<\/strong><br \/>\nU slu\u010daju da je na web servisu odre\u0111eni sadr\u017eaj preuzet i\/ili kreiran od strane drugih poslovnih subjekata koje nisu CC Real d.o.o. isti nije odgovoran za navedeni sadr\u017eaj, neto\u010dnosti, pogre\u0161ke kao i eventualnu \u0161tetu koja iz toga proizlazi.<br \/>\nU slu\u010daju neovla\u0161tenog \/ili nepravilnog kori\u0161tenja i\/ili uporabe sadr\u017eaja, materijala, informacija, aplikacije, softvera, vizualnog identiteta, web servisa i\/ili u slu\u010daju njihove zlouporabe CC Real d.o.o. ne odgovora za bilo koji oblik \u0161tete.<br \/>\nU slu\u010daju neovla\u0161tenog \/ili nepravilnog kori\u0161tenja i\/ili uporabe sadr\u017eaja, materijala, informacija, aplikacije, softvera, vizualnog identiteta, web servisa i\/ili u slu\u010daju njihove zlouporabe CC Real d.o.o. ima pravo na naknadu \u0161tete kao i na svu dopu\u0161tenu za\u0161titu.<br \/>\nKori\u0161tenje servera CC Real d.o.o. vr\u0161i se na vlastitu odgovornost.<br \/>\nCC Real d.o.o. ne garantira ispravnost i to\u010dnost uporabe te rezultate uporabe bilo kojeg sadr\u017eaja dostupnog na citycenterone.hr .<br \/>\nCC Real d.o.o. ne odgovora za \u0161tete proiza\u0161le iz uporabe sadr\u017eaja na citycenterone.hr .<br \/>\nSadr\u017eaj na citycenterone.hr pripremljen je pa\u017eljivo i stru\u010dno, me\u0111utim, CC Real d.o.o. ne odgovara za posljedice njegove primjene uz napomenu da su svi podaci dostupni jedino u svrhu informiranja, ali ne i pru\u017eanja savjeta. Ukazuje se na mogu\u0107nost da objavljeni sadr\u017eaj nije sveobuhvatan te je ograni\u010den informacijama dostupnima CC Real d.o.o.<\/p>\n<p><strong>IV. POVEZNICE (LINKOVI) I OBILJE\u017dJA, ROBNE MARKE<\/strong><br \/>\nCC Real d.o.o. nije povezan sa web stranicama \u010dije su poveznice objavljene na citycenterone.hr web servisu, ni na koji na\u010din ne odgovara za njihov sadr\u017eaj te se pristup istima vr\u0161i isklju\u010divo na vlastitu odgovornost.<br \/>\nObjava poveznica je isklju\u010divo u informativne svrhe te ni u kojem slu\u010daju ne zna\u010di da CC Real d.o.o. daje dopu\u0161tenje za kori\u0161tenje odre\u0111enih proizvoda, usluge ili publikacija koje se na njima nalaze.<br \/>\nUkazuje se da odre\u0111ena imena, grafike, obilje\u017eja robnih marki, ikone, dizajn, rije\u010di, naslovi i fraze na citycenterone.hr web servisu mogu biti za\u0161ti\u0107eni pravima CC Real d.o.o. ili drugih pravnih subjekata te nije dopu\u0161teno njihovo kori\u0161tenje u bilo koje svrhe.<\/p>\n<p><strong> V. ZA\u0160TITA PRIVATNOSTI<br \/>\n<\/strong>CC Real d.o.o. brine o va\u0161oj privatnosti i osigurava da svaka obrada osobnih podataka, uklju\u010divo u kontekstu kori\u0161tenja na\u0161ih web-stranica, bude u skladu s mjerodavnim propisima. Sukladno tome, na dnu svake web-stranice dostupna je poveznica na na\u0161u <a href=\"http:\/\/citycenterone.hr\/split\/pravila-privatnosti\/\">Izjavu o za\u0161titi osobnih podataka\/Pravila privatnosti.<\/a><\/p>\n<p><strong>VI. KOLA\u010cI\u0106I I SLI\u010cNE TEHNOLOGIJE<br \/>\n<\/strong>Na na\u0161im web-stranicama koristimo kola\u010di\u0107e (<em>cookies<\/em>), tj. male tekstne datoteke koje se pohranjuju na va\u0161 krajnji ure\u0111aj (npr. ra\u010dunalo, mobilni ure\u0111aj) pri posjetu na\u0161im stranicama. Kola\u010di\u0107e i sli\u010dne tehnologije koristimo u skladu s mjerodavnim propisima, prvenstveno kako bismo omogu\u0107ili pojedine tehni\u010dke zna\u010dajke na\u0161ih stranica te kako bismo ih mogli dalje unapre\u0111ivati. Na dnu svake web-stranice dostupna je poveznica na na\u0161a pravila o <a href=\"http:\/\/citycenterone.hr\/split\/kolacici\/\">kola\u010di\u0107ima<\/a>, gdje mo\u017eete prona\u0107i detaljne informacije o tome koje vrste kola\u010di\u0107a se upotrebljavaju i za\u0161to te kako mo\u017eete urediti postavke njihovog kori\u0161tenja (uklju\u010duju\u0107i njihovo isklju\u010divanje).<\/p>\n<p><strong>VII. OP\u0106ENITO<\/strong><br \/>\nU slu\u010daju spora isklju\u010divo je nadle\u017ean stvarno nadle\u017ean sud u Zagrebu.<\/p>\n","protected":false},"excerpt":{"rendered":"<p>OP\u0106I UVJETI KORI\u0160TENJA I. PRIMJENA UVJETA KORI\u0160TENJA Uvjeti kori\u0161tenja su svi uvjeti propisani u kategorijama I do VII. Uvjetima kori\u0161tenja reguliraju se pravni odnosi nastali iz kori\u0161tenja i\/ili uporabe domene www.citycenterone.hr kao i svih s njom povezanih poddomena, poveznica (linkova) i pripadaju\u0107eg sadr\u017eaja, aplikacija, softvera, usluga, materijala, informacija (zajedno \u201eweb servis\u201c). Upotrebljavaju\u0107i\/koriste\u0107i citycenterone.hr web servis [&hellip;]<\/p>\n","protected":false},"author":1,"featured_media":0,"parent":0,"menu_order":4,"comment_status":"closed","ping_status":"closed","template":"","meta":{"_acf_changed":false,"footnotes":""},"class_list":["post-1017","page","type-page","status-publish","hentry"],"acf":[],"yoast_head":"<!-- This site is optimized with the Yoast SEO plugin v27.2 - https:\/\/yoast.com\/product\/yoast-seo-wordpress\/ -->\n<title>Op\u0107i uvjeti kori\u0161tenja - City Center one Split<\/title>\n<meta name=\"description\" content=\"Saznajte vi\u0161e o Op\u0107im uvjetima kori\u0161tenja na citycenterone.hr\" \/>\n<meta name=\"robots\" content=\"index, follow, max-snippet:-1, max-image-preview:large, max-video-preview:-1\" \/>\n<link rel=\"canonical\" href=\"https:\/\/citycenterone.hr\/split\/uvjeti-koristenja\/\" \/>\n<meta property=\"og:locale\" content=\"hr_HR\" \/>\n<meta property=\"og:type\" content=\"article\" \/>\n<meta property=\"og:title\" content=\"Op\u0107i uvjeti kori\u0161tenja - City Center one Split\" \/>\n<meta property=\"og:description\" content=\"Saznajte vi\u0161e o Op\u0107im uvjetima kori\u0161tenja na citycenterone.hr\" \/>\n<meta property=\"og:url\" content=\"https:\/\/citycenterone.hr\/split\/uvjeti-koristenja\/\" \/>\n<meta property=\"og:site_name\" content=\"Split\" \/>\n<meta property=\"article:modified_time\" content=\"2018-07-27T09:26:27+00:00\" \/>\n<meta name=\"twitter:card\" content=\"summary_large_image\" \/>\n<meta name=\"twitter:label1\" content=\"Est. reading time\" \/>\n\t<meta name=\"twitter:data1\" content=\"6 minutes\" \/>\n<script type=\"application\/ld+json\" class=\"yoast-schema-graph\">{\"@context\":\"https:\/\/schema.org\",\"@graph\":[{\"@type\":\"WebPage\",\"@id\":\"https:\/\/citycenterone.hr\/split\/uvjeti-koristenja\/\",\"url\":\"https:\/\/citycenterone.hr\/split\/uvjeti-koristenja\/\",\"name\":\"Op\u0107i uvjeti kori\u0161tenja - City Center one Split\",\"isPartOf\":{\"@id\":\"https:\/\/citycenterone.hr\/split\/#website\"},\"datePublished\":\"2017-09-26T12:53:36+00:00\",\"dateModified\":\"2018-07-27T09:26:27+00:00\",\"description\":\"Saznajte vi\u0161e o Op\u0107im uvjetima kori\u0161tenja na citycenterone.hr\",\"breadcrumb\":{\"@id\":\"https:\/\/citycenterone.hr\/split\/uvjeti-koristenja\/#breadcrumb\"},\"inLanguage\":\"hr-HR\",\"potentialAction\":[{\"@type\":\"ReadAction\",\"target\":[\"https:\/\/citycenterone.hr\/split\/uvjeti-koristenja\/\"]}]},{\"@type\":\"BreadcrumbList\",\"@id\":\"https:\/\/citycenterone.hr\/split\/uvjeti-koristenja\/#breadcrumb\",\"itemListElement\":[{\"@type\":\"ListItem\",\"position\":1,\"name\":\"Home\",\"item\":\"https:\/\/citycenterone.hr\/split\/\"},{\"@type\":\"ListItem\",\"position\":2,\"name\":\"Uvjeti kori\u0161tenja\"}]},{\"@type\":\"WebSite\",\"@id\":\"https:\/\/citycenterone.hr\/split\/#website\",\"url\":\"https:\/\/citycenterone.hr\/split\/\",\"name\":\"Split\",\"description\":\"Just another City Center One site\",\"potentialAction\":[{\"@type\":\"SearchAction\",\"target\":{\"@type\":\"EntryPoint\",\"urlTemplate\":\"https:\/\/citycenterone.hr\/split\/?s={search_term_string}\"},\"query-input\":{\"@type\":\"PropertyValueSpecification\",\"valueRequired\":true,\"valueName\":\"search_term_string\"}}],\"inLanguage\":\"hr-HR\"}]}<\/script>\n<!-- \/ Yoast SEO plugin. -->","yoast_head_json":{"title":"Op\u0107i uvjeti kori\u0161tenja - City Center one Split","description":"Saznajte vi\u0161e o Op\u0107im uvjetima kori\u0161tenja na citycenterone.hr","robots":{"index":"index","follow":"follow","max-snippet":"max-snippet:-1","max-image-preview":"max-image-preview:large","max-video-preview":"max-video-preview:-1"},"canonical":"https:\/\/citycenterone.hr\/split\/uvjeti-koristenja\/","og_locale":"hr_HR","og_type":"article","og_title":"Op\u0107i uvjeti kori\u0161tenja - City Center one Split","og_description":"Saznajte vi\u0161e o Op\u0107im uvjetima kori\u0161tenja na citycenterone.hr","og_url":"https:\/\/citycenterone.hr\/split\/uvjeti-koristenja\/","og_site_name":"Split","article_modified_time":"2018-07-27T09:26:27+00:00","twitter_card":"summary_large_image","twitter_misc":{"Est. reading time":"6 minutes"},"schema":{"@context":"https:\/\/schema.org","@graph":[{"@type":"WebPage","@id":"https:\/\/citycenterone.hr\/split\/uvjeti-koristenja\/","url":"https:\/\/citycenterone.hr\/split\/uvjeti-koristenja\/","name":"Op\u0107i uvjeti kori\u0161tenja - City Center one Split","isPartOf":{"@id":"https:\/\/citycenterone.hr\/split\/#website"},"datePublished":"2017-09-26T12:53:36+00:00","dateModified":"2018-07-27T09:26:27+00:00","description":"Saznajte vi\u0161e o Op\u0107im uvjetima kori\u0161tenja na citycenterone.hr","breadcrumb":{"@id":"https:\/\/citycenterone.hr\/split\/uvjeti-koristenja\/#breadcrumb"},"inLanguage":"hr-HR","potentialAction":[{"@type":"ReadAction","target":["https:\/\/citycenterone.hr\/split\/uvjeti-koristenja\/"]}]},{"@type":"BreadcrumbList","@id":"https:\/\/citycenterone.hr\/split\/uvjeti-koristenja\/#breadcrumb","itemListElement":[{"@type":"ListItem","position":1,"name":"Home","item":"https:\/\/citycenterone.hr\/split\/"},{"@type":"ListItem","position":2,"name":"Uvjeti kori\u0161tenja"}]},{"@type":"WebSite","@id":"https:\/\/citycenterone.hr\/split\/#website","url":"https:\/\/citycenterone.hr\/split\/","name":"Split","description":"Just another City Center One site","potentialAction":[{"@type":"SearchAction","target":{"@type":"EntryPoint","urlTemplate":"https:\/\/citycenterone.hr\/split\/?s={search_term_string}"},"query-input":{"@type":"PropertyValueSpecification","valueRequired":true,"valueName":"search_term_string"}}],"inLanguage":"hr-HR"}]}},"_links":{"self":[{"href":"https:\/\/citycenterone.hr\/split\/wp-json\/wp\/v2\/pages\/1017","targetHints":{"allow":["GET"]}}],"collection":[{"href":"https:\/\/citycenterone.hr\/split\/wp-json\/wp\/v2\/pages"}],"about":[{"href":"https:\/\/citycenterone.hr\/split\/wp-json\/wp\/v2\/types\/page"}],"author":[{"embeddable":true,"href":"https:\/\/citycenterone.hr\/split\/wp-json\/wp\/v2\/users\/1"}],"replies":[{"embeddable":true,"href":"https:\/\/citycenterone.hr\/split\/wp-json\/wp\/v2\/comments?post=1017"}],"version-history":[{"count":8,"href":"https:\/\/citycenterone.hr\/split\/wp-json\/wp\/v2\/pages\/1017\/revisions"}],"predecessor-version":[{"id":10603,"href":"https:\/\/citycenterone.hr\/split\/wp-json\/wp\/v2\/pages\/1017\/revisions\/10603"}],"wp:attachment":[{"href":"https:\/\/citycenterone.hr\/split\/wp-json\/wp\/v2\/media?parent=1017"}],"curies":[{"name":"wp","href":"https:\/\/api.w.org\/{rel}","templated":true}]}}