{"id":10754,"date":"2018-08-07T11:29:34","date_gmt":"2018-08-07T11:29:34","guid":{"rendered":"http:\/\/citycenterone.hr\/split\/?page_id=10754"},"modified":"2018-10-08T10:07:20","modified_gmt":"2018-10-08T10:07:20","slug":"kolacici","status":"publish","type":"page","link":"https:\/\/citycenterone.hr\/split\/kolacici\/","title":{"rendered":"Kola\u010di\u0107i"},"content":{"rendered":"<h3>KORI\u0160TENJE KOLA\u010cI\u0106A (COOKIES) NA CITYCENTERONE.HR<\/h3>\n<p>Ovo web-mjesto upotrebljava kola\u010di\u0107e i sli\u010dne tehnologije (dalje u tekstu zajedno \u201ckola\u010di\u0107i\u201d), prvenstveno kako bismo omogu\u0107ili pojedine tehni\u010dke zna\u010dajke na\u0161ih stranica te kako bismo ih mogli dalje unapre\u0111ivati. U daljnjem tekstu mo\u017eete prona\u0107i vi\u0161e informacija o tome koje vrste kola\u010di\u0107a se upotrebljavaju i za\u0161to te kako mo\u017eete urediti postavke njihovog kori\u0161tenja (uklju\u010duju\u0107i isklju\u010divanje kola\u010di\u0107a).<\/p>\n<div id=\"am2-accordion-cookie\" class=\"am2-accordion cookie-accordion narrow-width__v1\">\n<div class=\"am2-accordion__panel\">\n<h3 class=\"am2-accordion__panel-title\">\u0160to su kola\u010di\u0107i?<\/h3>\n<div class=\"am2-accordion__panel-content\" style=\"display: none;\">\n<p>Kola\u010di\u0107i su male tekstne datoteke pohranjene na va\u0161em krajnjem ure\u0111aju (npr. ra\u010dunalo, tablet, mobilni ure\u0111aj) pri posjetu odre\u0111enom web-mjestu. Kola\u010di\u0107i prvenstveno omogu\u0107uju da web-mjesto zapamti va\u0161e ranije radnje i \u017eeljene postavke kroz odre\u0111eno razdoblje, zbog \u010dega ih nije potrebno ponovno unositi prilikom novog posjeta web-mjestu ili pri pregledavanju njegovih razli\u010ditih stranica.<\/p>\n<\/div>\n<\/div>\n<div class=\"am2-accordion__panel am2-accordion__panel--current\">\n<h3 class=\"am2-accordion__panel-title\">Vrste kola\u010di\u0107a koje koristimo<\/h3>\n<div class=\"am2-accordion__panel-content\">\n<h4>Osnovni kola\u010di\u0107i (vrsta 1)<\/h4>\n<p>Ovi kola\u010di\u0107i su neophodni za web-mjesto i njegove zna\u010dajke, kako bi ispravno funkcionirali. Bez ovih kola\u010di\u0107a, neke usluge bi bile onemogu\u0107ene.<\/p>\n<h4>Funkcionalni kola\u010di\u0107i (tip 2)<\/h4>\n<p>Ovi kola\u010di\u0107i omogu\u0107uju nam pobolj\u0161anje upotrebljivosti i u\u010dinkovitosti web-mjesta te pru\u017eanje razli\u010ditih zna\u010dajki. Na primjer, funkcionalni kola\u010di\u0107i mogu pohraniti postavke jezika.<\/p>\n<h4>Izvedbeni kola\u010di\u0107i (vrsta 3)<\/h4>\n<p>Ovi kola\u010di\u0107i prikupljaju informacije o na\u010dinu na koji upotrebljavate na\u0161e web-stranice. Izvedbeni kola\u010di\u0107i poma\u017eu nam, na primjer, da prepoznamo posebno popularna podru\u010dja na\u0161eg web-mjesta. Na taj na\u010din mo\u017eemo bolje prilagoditi sadr\u017eaj na\u0161ih web-stranica prema va\u0161im potrebama i time pobolj\u0161ati ono \u0161to vam nudimo.<\/p>\n<p>Svi prethodno navedeni kola\u010di\u0107i \u2013 osnovni, funkcionalni i izvedbeni \u2013 su ujedno tzv. kola\u010di\u0107i prve strane, \u0161to zna\u010di da ih postavlja direktno na\u0161e web-mjesto, tj. da su pod na\u0161om kontrolom.<\/p>\n<h4>Kola\u010di\u0107i tre\u0107e strane (vrsta 4)<\/h4>\n<p>Ovi kola\u010di\u0107i instaliraju tre\u0107e strane, npr. dru\u0161tvene mre\u017ee. Njihova je glavna svrha integrirati sadr\u017eaj dru\u0161tvenih medija na na\u0161e web-mjesto, kao \u0161to su dodaci (<em>social plugins<\/em>) koji omogu\u0107uju dijeljenje sadr\u017eaja na\u0161ih stranica na dru\u0161tvenim mre\u017eama. Za vi\u0161e informacijama pogledajte tablicu ni\u017ee, koja upu\u0107uje i na web-mjesta tre\u0107ih strana o \u010dijim se kola\u010di\u0107ima radi.<\/p>\n<\/div>\n<\/div>\n<div class=\"am2-accordion__panel am2-accordion__panel--current\">\n<h3 class=\"am2-accordion__panel-title\">Detaljan popis kola\u010di\u0107a koji se koriste na na\u0161em web-mjestu<\/h3>\n<div class=\"am2-accordion__panel-content am2-accordion__table-scroll\">\n<table>\n<tbody>\n<tr bgcolor=\"#fff100\">\n<td>Ime kola\u010di\u0107a<\/td>\n<td>Opis<\/td>\n<td>Tip \/ OptOut<\/td>\n<\/tr>\n<tr>\n<td>WordPress<br \/>\nam2_gdpr<\/td>\n<td>WordPress &#8211; Kola\u010di\u0107 za suglasnost. Koristimo ga kako bismo uva\u017eili va\u0161e preferencije glede kori\u0161tenja kola\u0107i\u0107a.<\/td>\n<td>Tip 1<\/td>\n<\/tr>\n<tr>\n<td>WordPress<br \/>\nwordpress_test_cookie<\/td>\n<td>Glavni kola\u010di\u0107 kojeg postavlja WordPress. Kola\u010di\u0107 se koristi za provjeru je li va\u0161 web-preglednik postavljen da dopusti ili odbije kola\u010di\u0107e.<\/td>\n<td>Tip1<\/td>\n<\/tr>\n<tr>\n<td>Wordfence:<br \/>\nwfvt_XXXXXXX<\/td>\n<td>Za administriranje sadr\u017eaja na\u0161e web-stranice koristimo web-aplikaciju WordPress. Cookie wfvt_ (koji slijedi pojedina\u010dni broj) se koristi za analizu pona\u0161anja korisnika i grupiranje prikaza stranica korisnika kako bi pobolj\u0161ali na\u0161u ponudu. Tako\u0111er ovaj kola\u010di\u0107 sadr\u017ei informacije o va\u0161em op\u0107em zemljopisnom polo\u017eaju, a posebno se sje\u0107a va\u0161e vremenske zone.<\/td>\n<td>Tip 1<\/td>\n<\/tr>\n<tr>\n<td>Wordfence:<br \/>\nwordfence_verifiedHuman<\/td>\n<td>Za administiranje sadr\u017eaja na\u0161e web-stranice koristimo web-aplikaciju WordPress. Kola\u010di\u0107 wordfence_verifiedHuman kola\u010di\u0107 je postavljen pomo\u0107u Wordfence Security WordPress dodataka radi za\u0161tite web stranice od zlonamjernih napada i blokira pristup sumnjivim IP adresama.<\/td>\n<td>Tip 1<\/td>\n<\/tr>\n<tr>\n<td>Google Analitika:<br \/>\n__ga, _gat_UA-6515738-11, _gat_UA-6515738-2, _gid<\/td>\n<td>Google Analitiku koristimo kako bismo razumjeli kako funkcioniraju na\u0161e medijske kampanje i kako koristite na\u0161u web-stranicu u svrhu pobolj\u0161anja korisni\u010dkog iskustva. Vi\u0161e informacija o Google Analitici mo\u017eete prona\u0107i <a href=\"https:\/\/marketingplatform.google.com\/about\/\" target=\"_blank\" rel=\"noopener\">ovdje<\/a><\/td>\n<td>Tip 3 &#8211; <a href=\"https:\/\/tools.google.com\/dlpage\/gaoptout\" target=\"_blank\" rel=\"noopener\">Isklju\u010di<\/a><\/td>\n<\/tr>\n<tr>\n<td>DoubleClick Ad Services:<br \/>\nIDE, id<\/td>\n<td>Kola\u010di\u0107 je postavljen od strane CloudFlare usluga za identificiranje pouzdanog (sigurnog) web-prometa. Ovaj se kola\u010di\u0107 upotrebljava za ponovno ciljanje, optimizaciju, izvje\u0161\u0107ivanje i dodjeljivanje mre\u017enih oglasa, za registraciju i izvje\u0161tavanje o aktivnostima korisnika nakon pregledavanja ili klikanja jednog od oglasa ogla\u0161ava\u010da, u svrhu mjerenja u\u010dinkovitosti oglasa i prikazivanja ciljanih oglasa korisniku. Vi\u0161e informacija mo\u017eete prona\u0107i <a href=\"https:\/\/policies.google.com\/technologies\/ads\" target=\"_blank\" rel=\"noopener\">ovdje<\/a>.<\/td>\n<td>Tip 4 &#8211; <a href=\"http:\/\/www.youronlinechoices.eu\" rel=\"noopener noreferrer\">Isklju\u010di<\/a><\/td>\n<\/tr>\n<tr>\n<td>Facebook<br \/>\nfr, datr<\/td>\n<td>Facebook vam poma\u017ee da ostanete u kontaktu s mre\u017eom putem njihove web-stranice\/mobilne aplikacije. Na ovaj na\u010din mi olak\u0161avamo dijeljenje sadr\u017eaja na Facebooku. Vi\u0161e informacija o tome kako Facebook koristi ove kola\u010di\u0107e mo\u017eete prona\u0107i <a href=\"https:\/\/hr-hr.facebook.com\/policies\/cookies\/\" target=\"_blank\" rel=\"noopener\">ovdje<\/a>.<\/td>\n<td>Tip 4 &#8211; <a href=\"http:\/\/www.youronlinechoices.eu\" rel=\"noopener noreferrer\">Isklju\u010di<\/a><\/td>\n<\/tr>\n<tr>\n<td>Google<br \/>\nNID, 1P_JAR<\/td>\n<td>Upotrebljavamo razli\u010dite vrste kola\u010di\u0107a za prikazivanje Googleovih web stranica i proizvoda povezanih s oglasima. Vi\u0161e informacija mo\u017eete prona\u0107i na njihovoj web-stranici <a href=\"https:\/\/policies.google.com\/technologies\/types?hl=hr\" target=\"_blank\" rel=\"noopener\">https:\/\/policies.google.com\/technologies\/types?hl=hr<\/a><\/td>\n<td>Tip 4 &#8211; <a href=\"http:\/\/www.youronlinechoices.eu\" rel=\"noopener noreferrer\">Isklju\u010di<\/a><\/td>\n<\/tr>\n<tr>\n<td>Google<br \/>\nSIDCC, SID, HSID, APISID, SSID, SAPISID<\/td>\n<td>Google postavlja broj kola\u010di\u0107a na bilo kojoj stranici koja uklju\u010duje Google karte <em>(Google Maps)<\/em>. Iako nemamo kontrolu nad Googleovim kola\u010di\u0107ima, \u010dini se da uklju\u010duju mje\u0161avinu informacija kako bi se izmjerio broj i pona\u0161anje korisnika Google karata. Vi\u0161e informacija mo\u017eete prona\u0107i na njihovoj web-stranici: <a href=\"https:\/\/policies.google.com\/technologies\/types?hl=hr\" target=\"_blank\" rel=\"noopener\">https:\/\/policies.google.com\/technologies\/types?hl=hr<\/a><\/td>\n<td>Tip 4 &#8211; <a href=\"http:\/\/www.youronlinechoices.eu\" rel=\"noopener noreferrer\">Isklju\u010di<\/a><\/td>\n<\/tr>\n<tr>\n<td>Ostalo<br \/>\nCONSENT<\/td>\n<td>Priru\u010dnik za kola\u010di\u0107e besplatan je JavaScript dodatak koji upozorava korisnike o kori\u0161tenju kola\u010di\u0107a na web-stranici. <a href=\"https:\/\/cookieconsent.insites.com\/documentation\/about-cookie-consent\/\">Vi\u0161e informacija<\/a><\/td>\n<td>Tip 4 &#8211; <a href=\"http:\/\/www.youronlinechoices.eu\" rel=\"noopener noreferrer\">Isklju\u010di<\/a><\/td>\n<\/tr>\n<\/tbody>\n<\/table>\n<\/div>\n<\/div>\n<div class=\"am2-accordion__panel am2-accordion__panel--current\">\n<h3 class=\"am2-accordion__panel-title\">Google Analitika<\/h3>\n<div class=\"am2-accordion__panel-content\">\n<h4>Google Analitika<\/h4>\n<p>Ova web stranica koristi Google \u2122 Analitiku, servis Web Analitike koji pru\u017ea Google, Inc. (&#8220;Google&#8221;). Google Analitika koristi &#8220;kola\u010di\u0107e&#8221;, kako bi web-mjestu analizirala kako korisnici koriste web-mjesto.<\/p>\n<p>Google \u0107e obra\u0111ivati ove informacije u na\u0161e ime, u svrhu vrednovanja va\u0161eg kori\u0161tenja ovog web-mjesta, kompilacije izvje\u0161\u0107a o web-aktivnosti i pru\u017eanja drugih usluga koje se odnose na aktivnosti na web-mjestu.<\/p>\n<p>Informacije koje generira kola\u010di\u0107 o va\u0161em kori\u0161tenju web-smjesta \u0107e biti proslije\u0111ene i pohranjene od strane Googlea na poslu\u017eiteljima u SAD-u. Sukladno svom \u010dlanstvu u \u0160titu privatnosti (tzv. &#8220;<em>Privacy Shield<\/em>&#8220;), Google poduzima sve potrebne mjere za za\u0161titu podataka. Vi\u0161e informacija o va\u0161im pravima vezano za za\u0161titu podataka mo\u017eete prona\u0107i <a href=\"http:\/\/citycenterone.hr\/split\/pravila-privatnosti\/\">ovdje<\/a>.<\/p>\n<p>IP adresa, koju va\u0161 internetski preglednik prenosi unutar dosega Google Analitike, ne\u0107e biti povezana s bilo kojim drugim podacima koje obra\u0111uje Google. Isti\u010demo da se na ovom web-mjestu poduzima dodatna mjera za\u0161tite, na na\u010din da je kod Google Analitike \u201cgat._anonymizeIp ();\u201d pro\u0161iren kako bi se osiguralo tzv. IP prikrivanje.<br \/>\nMo\u017eete odbiti kori\u0161tenje ovog kola\u010di\u0107a odabirom odgovaraju\u0107ih postavki na va\u0161em pregledniku.<\/p>\n<p>Tako\u0111er mo\u017eete isklju\u010diti pra\u0107enje od strane Google Analitike za ubudu\u0107e, na na\u010din da preuzmete i instalirate odgovaraju\u0107idodatak na svom pregledniku. Ako ne \u017eelite da se va\u0161i podaci pohranjuju, molimo da instalirate alat za deaktivaciju (<em>de-activation-tool<\/em>) koji pru\u017ea Google: tools.google.com\/dlpage\/gaoptout.<\/p>\n<p>Za dodatne informacije, pogledajte www.tools.google.com\/dlpage\/gaoptout or www.google.com\/intl\/en\/analytics\/privacyoverview.html (op\u0107e informacije o Google analitici i za\u0161titi podataka).<\/p>\n<\/div>\n<\/div>\n<div class=\"am2-accordion__panel am2-accordion__panel--current\">\n<h3 class=\"am2-accordion__panel-title\">Kako isklju\u010diti i izbrisati kola\u010di\u0107e?<\/h3>\n<div class=\"am2-accordion__panel-content\">\n<h4>Kako isklju\u010diti i izbrisati kola\u010di\u0107e?<\/h4>\n<p>Na na\u0161im stranicama omogu\u0107ujemo vam da odaberete sla\u017eete li se s kori\u0161tenjem pojedinih kola\u010di\u0107a koji nisu nu\u017eni ve\u0107 prilikom prvog posjeta na\u0161im web-stranicama, a mo\u017eete isklju\u010diti i primjenu pojedinih kola\u010di\u0107a na na\u010din prikazan u tablici koja sadr\u017ei detalje o kola\u010di\u0107ima.<\/p>\n<p>Tako\u0111er, mo\u017eete promijeniti svoje preference za web-mjesta i\/ili web-mjesta bilo kojeg dobavlja\u010da tre\u0107ih strana promjenom postavki internetskog preglednika koji koristite.<\/p>\n<p>Napominjemo da ve\u0107ina preglednika automatski prihva\u0107a kola\u010di\u0107e. Mo\u017eete sprije\u010diti spremanje kola\u010di\u0107a na svoj ure\u0111aj postavljanjem preglednika da ne prihva\u0107a kola\u010di\u0107e. Tako\u0111er, u bilo kojem trenutku mo\u017eete izbrisati kola\u010di\u0107e pohranjene na va\u0161em ure\u0111aju. To\u010dne upute za to mo\u017eete prona\u0107i u priru\u010dniku za va\u0161 preglednik ili ure\u0111aj. Mo\u017eete posjetiti i <a href=\"http:\/\/www.allaboutcookies.org\/\"><em>www.allaboutcookies.org <\/em><\/a>za detalje o tome kako izbrisati ili odbiti kola\u010di\u0107e te za daljnje informacije o kola\u010di\u0107ima op\u0107enito.<\/p>\n<p>Ako odbijate kori\u0161tenje kola\u010di\u0107a, i dalje \u0107ete mo\u0107i posjetiti na\u0161e web-stranice, ali neke od funkcija mo\u017eda ne\u0107e raditi ispravno.<\/p>\n<p>Kori\u0161tenjem vanjskih poveznica na na\u0161im stranicama, npr. dru\u0161tvene mre\u017ee ili YouTube, bit \u0107ete preusmjereni na vanjske domene koje mogu koristiti kola\u010di\u0107e. Nemamo utjecaja na primjenu tih kola\u010di\u0107a niti dobivamo podatke prikupljene na taj na\u010din. Za vi\u0161e informacija o kola\u010di\u0107ima i mogu\u0107nostima upravljanja, molimo da provjerite pravila privatnosti ili pravila o kola\u010di\u0107ima na posje\u0107enim domenama.<\/p>\n<\/div>\n<\/div>\n<\/div>\n","protected":false},"excerpt":{"rendered":"<p>KORI\u0160TENJE KOLA\u010cI\u0106A (COOKIES) NA CITYCENTERONE.HR Ovo web-mjesto upotrebljava kola\u010di\u0107e i sli\u010dne tehnologije (dalje u tekstu zajedno \u201ckola\u010di\u0107i\u201d), prvenstveno kako bismo omogu\u0107ili pojedine tehni\u010dke zna\u010dajke na\u0161ih stranica te kako bismo ih mogli dalje unapre\u0111ivati. U daljnjem tekstu mo\u017eete prona\u0107i vi\u0161e informacija o tome koje vrste kola\u010di\u0107a se upotrebljavaju i za\u0161to te kako mo\u017eete urediti postavke njihovog [&hellip;]<\/p>\n","protected":false},"author":1,"featured_media":0,"parent":0,"menu_order":0,"comment_status":"closed","ping_status":"closed","template":"","meta":{"_acf_changed":false,"footnotes":""},"class_list":["post-10754","page","type-page","status-publish","hentry"],"acf":[],"yoast_head":"<!-- This site is optimized with the Yoast SEO plugin v27.2 - https:\/\/yoast.com\/product\/yoast-seo-wordpress\/ -->\n<title>Kola\u010di\u0107i - Split<\/title>\n<meta name=\"robots\" content=\"index, follow, max-snippet:-1, max-image-preview:large, max-video-preview:-1\" \/>\n<link rel=\"canonical\" href=\"https:\/\/citycenterone.hr\/split\/kolacici\/\" \/>\n<meta property=\"og:locale\" content=\"hr_HR\" \/>\n<meta property=\"og:type\" content=\"article\" \/>\n<meta property=\"og:title\" content=\"Kola\u010di\u0107i - Split\" \/>\n<meta property=\"og:description\" content=\"KORI\u0160TENJE KOLA\u010cI\u0106A (COOKIES) NA CITYCENTERONE.HR Ovo web-mjesto upotrebljava kola\u010di\u0107e i sli\u010dne tehnologije (dalje u tekstu zajedno \u201ckola\u010di\u0107i\u201d), prvenstveno kako bismo omogu\u0107ili pojedine tehni\u010dke zna\u010dajke na\u0161ih stranica te kako bismo ih mogli dalje unapre\u0111ivati. U daljnjem tekstu mo\u017eete prona\u0107i vi\u0161e informacija o tome koje vrste kola\u010di\u0107a se upotrebljavaju i za\u0161to te kako mo\u017eete urediti postavke njihovog [&hellip;]\" \/>\n<meta property=\"og:url\" content=\"https:\/\/citycenterone.hr\/split\/kolacici\/\" \/>\n<meta property=\"og:site_name\" content=\"Split\" \/>\n<meta property=\"article:modified_time\" content=\"2018-10-08T10:07:20+00:00\" \/>\n<meta name=\"twitter:card\" content=\"summary_large_image\" \/>\n<meta name=\"twitter:label1\" content=\"Est. reading time\" \/>\n\t<meta name=\"twitter:data1\" content=\"7 minutes\" \/>\n<script type=\"application\/ld+json\" class=\"yoast-schema-graph\">{\"@context\":\"https:\/\/schema.org\",\"@graph\":[{\"@type\":\"WebPage\",\"@id\":\"https:\/\/citycenterone.hr\/split\/kolacici\/\",\"url\":\"https:\/\/citycenterone.hr\/split\/kolacici\/\",\"name\":\"Kola\u010di\u0107i - Split\",\"isPartOf\":{\"@id\":\"https:\/\/citycenterone.hr\/split\/#website\"},\"datePublished\":\"2018-08-07T11:29:34+00:00\",\"dateModified\":\"2018-10-08T10:07:20+00:00\",\"breadcrumb\":{\"@id\":\"https:\/\/citycenterone.hr\/split\/kolacici\/#breadcrumb\"},\"inLanguage\":\"hr-HR\",\"potentialAction\":[{\"@type\":\"ReadAction\",\"target\":[\"https:\/\/citycenterone.hr\/split\/kolacici\/\"]}]},{\"@type\":\"BreadcrumbList\",\"@id\":\"https:\/\/citycenterone.hr\/split\/kolacici\/#breadcrumb\",\"itemListElement\":[{\"@type\":\"ListItem\",\"position\":1,\"name\":\"Home\",\"item\":\"https:\/\/citycenterone.hr\/split\/\"},{\"@type\":\"ListItem\",\"position\":2,\"name\":\"Kola\u010di\u0107i\"}]},{\"@type\":\"WebSite\",\"@id\":\"https:\/\/citycenterone.hr\/split\/#website\",\"url\":\"https:\/\/citycenterone.hr\/split\/\",\"name\":\"Split\",\"description\":\"Just another City Center One site\",\"potentialAction\":[{\"@type\":\"SearchAction\",\"target\":{\"@type\":\"EntryPoint\",\"urlTemplate\":\"https:\/\/citycenterone.hr\/split\/?s={search_term_string}\"},\"query-input\":{\"@type\":\"PropertyValueSpecification\",\"valueRequired\":true,\"valueName\":\"search_term_string\"}}],\"inLanguage\":\"hr-HR\"}]}<\/script>\n<!-- \/ Yoast SEO plugin. -->","yoast_head_json":{"title":"Kola\u010di\u0107i - Split","robots":{"index":"index","follow":"follow","max-snippet":"max-snippet:-1","max-image-preview":"max-image-preview:large","max-video-preview":"max-video-preview:-1"},"canonical":"https:\/\/citycenterone.hr\/split\/kolacici\/","og_locale":"hr_HR","og_type":"article","og_title":"Kola\u010di\u0107i - Split","og_description":"KORI\u0160TENJE KOLA\u010cI\u0106A (COOKIES) NA CITYCENTERONE.HR Ovo web-mjesto upotrebljava kola\u010di\u0107e i sli\u010dne tehnologije (dalje u tekstu zajedno \u201ckola\u010di\u0107i\u201d), prvenstveno kako bismo omogu\u0107ili pojedine tehni\u010dke zna\u010dajke na\u0161ih stranica te kako bismo ih mogli dalje unapre\u0111ivati. U daljnjem tekstu mo\u017eete prona\u0107i vi\u0161e informacija o tome koje vrste kola\u010di\u0107a se upotrebljavaju i za\u0161to te kako mo\u017eete urediti postavke njihovog [&hellip;]","og_url":"https:\/\/citycenterone.hr\/split\/kolacici\/","og_site_name":"Split","article_modified_time":"2018-10-08T10:07:20+00:00","twitter_card":"summary_large_image","twitter_misc":{"Est. reading time":"7 minutes"},"schema":{"@context":"https:\/\/schema.org","@graph":[{"@type":"WebPage","@id":"https:\/\/citycenterone.hr\/split\/kolacici\/","url":"https:\/\/citycenterone.hr\/split\/kolacici\/","name":"Kola\u010di\u0107i - Split","isPartOf":{"@id":"https:\/\/citycenterone.hr\/split\/#website"},"datePublished":"2018-08-07T11:29:34+00:00","dateModified":"2018-10-08T10:07:20+00:00","breadcrumb":{"@id":"https:\/\/citycenterone.hr\/split\/kolacici\/#breadcrumb"},"inLanguage":"hr-HR","potentialAction":[{"@type":"ReadAction","target":["https:\/\/citycenterone.hr\/split\/kolacici\/"]}]},{"@type":"BreadcrumbList","@id":"https:\/\/citycenterone.hr\/split\/kolacici\/#breadcrumb","itemListElement":[{"@type":"ListItem","position":1,"name":"Home","item":"https:\/\/citycenterone.hr\/split\/"},{"@type":"ListItem","position":2,"name":"Kola\u010di\u0107i"}]},{"@type":"WebSite","@id":"https:\/\/citycenterone.hr\/split\/#website","url":"https:\/\/citycenterone.hr\/split\/","name":"Split","description":"Just another City Center One site","potentialAction":[{"@type":"SearchAction","target":{"@type":"EntryPoint","urlTemplate":"https:\/\/citycenterone.hr\/split\/?s={search_term_string}"},"query-input":{"@type":"PropertyValueSpecification","valueRequired":true,"valueName":"search_term_string"}}],"inLanguage":"hr-HR"}]}},"_links":{"self":[{"href":"https:\/\/citycenterone.hr\/split\/wp-json\/wp\/v2\/pages\/10754","targetHints":{"allow":["GET"]}}],"collection":[{"href":"https:\/\/citycenterone.hr\/split\/wp-json\/wp\/v2\/pages"}],"about":[{"href":"https:\/\/citycenterone.hr\/split\/wp-json\/wp\/v2\/types\/page"}],"author":[{"embeddable":true,"href":"https:\/\/citycenterone.hr\/split\/wp-json\/wp\/v2\/users\/1"}],"replies":[{"embeddable":true,"href":"https:\/\/citycenterone.hr\/split\/wp-json\/wp\/v2\/comments?post=10754"}],"version-history":[{"count":4,"href":"https:\/\/citycenterone.hr\/split\/wp-json\/wp\/v2\/pages\/10754\/revisions"}],"predecessor-version":[{"id":32582,"href":"https:\/\/citycenterone.hr\/split\/wp-json\/wp\/v2\/pages\/10754\/revisions\/32582"}],"wp:attachment":[{"href":"https:\/\/citycenterone.hr\/split\/wp-json\/wp\/v2\/media?parent=10754"}],"curies":[{"name":"wp","href":"https:\/\/api.w.org\/{rel}","templated":true}]}}