{"id":3257,"date":"2017-09-19T10:37:53","date_gmt":"2017-09-19T10:37:53","guid":{"rendered":"http:\/\/citycenterone.hr\/split\/impressum\/"},"modified":"2025-12-23T12:32:48","modified_gmt":"2025-12-23T12:32:48","slug":"impressum","status":"publish","type":"page","link":"https:\/\/citycenterone.hr\/split\/en\/impressum\/","title":{"rendered":"Impressum"},"content":{"rendered":"<h3>PAGE OWNER<\/h3>\n<p>CC REAL d.o.o.<br \/>\n10 000 Zagreb, Jankomir 33<br \/>\nMB:\u00a02284910<br \/>\nOIB:\u00a095199223369<\/p>\n<p>Zagreba\u010dka banka d.d. \/ \u017diro ra\u010dun 2360000-1102530897\u00a0<i>\/\u00a0<\/i>IBAN HR4823600001102530897<br \/>\nCompany is in the following registry: Trgova\u010dki sud u Zagrebu, broj:\u00a0080626000<br \/>\nSubscribed capital: 70.200,00 kn, paid in full<br \/>\nFounders\/board members:\u00a0CC REAL GMBH i\u00a0VSV KOMUNIKACIJE d.o.o.<br \/>\nAuthorized representative: Sven Vorih, Markus Bodner, Neda Buljevi\u0107 Vla\u010di\u0107 i Davorin Profeta<\/p>\n<p>Administrator<br \/>\nTina Milkovi\u0107 &#8211; <a href=\"mailto:t.milkovic@cc-real.com\"><span lang=\"EN-GB\">t.milkovic@cc-real.com<\/span><\/a><a href=\"mailto:k.garac@cc-real.com\"><br \/>\n<\/a>Dizajn<br \/>\n<a href=\"http:\/\/zooagencija.hr\/\" target=\"_blank\" rel=\"noopener noreferrer\">ZOO Agencija<br \/>\n<\/a>Razvoj stranice<br \/>\n<a href=\"http:\/\/am2studio.hr\/\">AM2 Studio<\/a><\/p>\n","protected":false},"excerpt":{"rendered":"<p>PAGE OWNER CC REAL d.o.o. 10 000 Zagreb, Jankomir 33 MB:\u00a02284910 OIB:\u00a095199223369 Zagreba\u010dka banka d.d. \/ \u017diro ra\u010dun 2360000-1102530897\u00a0\/\u00a0IBAN HR4823600001102530897 Company is in the following registry: Trgova\u010dki sud u Zagrebu, broj:\u00a0080626000 Subscribed capital: 70.200,00 kn, paid in full Founders\/board members:\u00a0CC REAL GMBH i\u00a0VSV KOMUNIKACIJE d.o.o. Authorized representative: Sven Vorih, Markus Bodner, Neda Buljevi\u0107 Vla\u010di\u0107 i [&hellip;]<\/p>\n","protected":false},"author":1,"featured_media":0,"parent":0,"menu_order":11,"comment_status":"closed","ping_status":"closed","template":"","meta":{"_acf_changed":false,"footnotes":""},"class_list":["post-3257","page","type-page","status-publish","hentry"],"acf":[],"yoast_head":"<!-- This site is optimized with the Yoast SEO plugin v27.3 - https:\/\/yoast.com\/product\/yoast-seo-wordpress\/ -->\n<title>Impressum - City Center one Split<\/title>\n<meta name=\"robots\" content=\"index, follow, max-snippet:-1, max-image-preview:large, max-video-preview:-1\" \/>\n<link rel=\"canonical\" href=\"https:\/\/citycenterone.hr\/split\/impressum\/\" \/>\n<meta property=\"og:locale\" content=\"hr_HR\" \/>\n<meta property=\"og:type\" content=\"article\" \/>\n<meta property=\"og:title\" content=\"Impressum - City Center one Split\" \/>\n<meta property=\"og:description\" content=\"PAGE OWNER CC REAL d.o.o. 10 000 Zagreb, Jankomir 33 MB:\u00a02284910 OIB:\u00a095199223369 Zagreba\u010dka banka d.d. \/ \u017diro ra\u010dun 2360000-1102530897\u00a0\/\u00a0IBAN HR4823600001102530897 Company is in the following registry: Trgova\u010dki sud u Zagrebu, broj:\u00a0080626000 Subscribed capital: 70.200,00 kn, paid in full Founders\/board members:\u00a0CC REAL GMBH i\u00a0VSV KOMUNIKACIJE d.o.o. Authorized representative: Sven Vorih, Markus Bodner, Neda Buljevi\u0107 Vla\u010di\u0107 i [&hellip;]\" \/>\n<meta property=\"og:url\" content=\"https:\/\/citycenterone.hr\/split\/en\/impressum\/\" \/>\n<meta property=\"og:site_name\" content=\"Split\" \/>\n<meta property=\"article:modified_time\" content=\"2025-12-23T12:32:48+00:00\" \/>\n<meta name=\"twitter:card\" content=\"summary_large_image\" \/>\n<meta name=\"twitter:label1\" content=\"Est. reading time\" \/>\n\t<meta name=\"twitter:data1\" content=\"1 minute\" \/>\n<script type=\"application\/ld+json\" class=\"yoast-schema-graph\">{\"@context\":\"https:\\\/\\\/schema.org\",\"@graph\":[{\"@type\":\"WebPage\",\"@id\":\"https:\\\/\\\/citycenterone.hr\\\/split\\\/en\\\/impressum\\\/\",\"url\":\"https:\\\/\\\/citycenterone.hr\\\/split\\\/en\\\/impressum\\\/\",\"name\":\"Impressum - City Center one Split\",\"isPartOf\":{\"@id\":\"https:\\\/\\\/citycenterone.hr\\\/split\\\/#website\"},\"datePublished\":\"2017-09-19T10:37:53+00:00\",\"dateModified\":\"2025-12-23T12:32:48+00:00\",\"breadcrumb\":{\"@id\":\"https:\\\/\\\/citycenterone.hr\\\/split\\\/en\\\/impressum\\\/#breadcrumb\"},\"inLanguage\":\"hr-HR\",\"potentialAction\":[{\"@type\":\"ReadAction\",\"target\":[\"https:\\\/\\\/citycenterone.hr\\\/split\\\/en\\\/impressum\\\/\"]}]},{\"@type\":\"BreadcrumbList\",\"@id\":\"https:\\\/\\\/citycenterone.hr\\\/split\\\/en\\\/impressum\\\/#breadcrumb\",\"itemListElement\":[{\"@type\":\"ListItem\",\"position\":1,\"name\":\"Home\",\"item\":\"https:\\\/\\\/citycenterone.hr\\\/split\\\/\"},{\"@type\":\"ListItem\",\"position\":2,\"name\":\"Impressum\"}]},{\"@type\":\"WebSite\",\"@id\":\"https:\\\/\\\/citycenterone.hr\\\/split\\\/#website\",\"url\":\"https:\\\/\\\/citycenterone.hr\\\/split\\\/\",\"name\":\"Split\",\"description\":\"Just another City Center One site\",\"potentialAction\":[{\"@type\":\"SearchAction\",\"target\":{\"@type\":\"EntryPoint\",\"urlTemplate\":\"https:\\\/\\\/citycenterone.hr\\\/split\\\/?s={search_term_string}\"},\"query-input\":{\"@type\":\"PropertyValueSpecification\",\"valueRequired\":true,\"valueName\":\"search_term_string\"}}],\"inLanguage\":\"hr-HR\"}]}<\/script>\n<!-- \/ Yoast SEO plugin. -->","yoast_head_json":{"title":"Impressum - City Center one Split","robots":{"index":"index","follow":"follow","max-snippet":"max-snippet:-1","max-image-preview":"max-image-preview:large","max-video-preview":"max-video-preview:-1"},"canonical":"https:\/\/citycenterone.hr\/split\/impressum\/","og_locale":"hr_HR","og_type":"article","og_title":"Impressum - City Center one Split","og_description":"PAGE OWNER CC REAL d.o.o. 10 000 Zagreb, Jankomir 33 MB:\u00a02284910 OIB:\u00a095199223369 Zagreba\u010dka banka d.d. \/ \u017diro ra\u010dun 2360000-1102530897\u00a0\/\u00a0IBAN HR4823600001102530897 Company is in the following registry: Trgova\u010dki sud u Zagrebu, broj:\u00a0080626000 Subscribed capital: 70.200,00 kn, paid in full Founders\/board members:\u00a0CC REAL GMBH i\u00a0VSV KOMUNIKACIJE d.o.o. Authorized representative: Sven Vorih, Markus Bodner, Neda Buljevi\u0107 Vla\u010di\u0107 i [&hellip;]","og_url":"https:\/\/citycenterone.hr\/split\/en\/impressum\/","og_site_name":"Split","article_modified_time":"2025-12-23T12:32:48+00:00","twitter_card":"summary_large_image","twitter_misc":{"Est. reading time":"1 minute"},"schema":{"@context":"https:\/\/schema.org","@graph":[{"@type":"WebPage","@id":"https:\/\/citycenterone.hr\/split\/en\/impressum\/","url":"https:\/\/citycenterone.hr\/split\/en\/impressum\/","name":"Impressum - City Center one Split","isPartOf":{"@id":"https:\/\/citycenterone.hr\/split\/#website"},"datePublished":"2017-09-19T10:37:53+00:00","dateModified":"2025-12-23T12:32:48+00:00","breadcrumb":{"@id":"https:\/\/citycenterone.hr\/split\/en\/impressum\/#breadcrumb"},"inLanguage":"hr-HR","potentialAction":[{"@type":"ReadAction","target":["https:\/\/citycenterone.hr\/split\/en\/impressum\/"]}]},{"@type":"BreadcrumbList","@id":"https:\/\/citycenterone.hr\/split\/en\/impressum\/#breadcrumb","itemListElement":[{"@type":"ListItem","position":1,"name":"Home","item":"https:\/\/citycenterone.hr\/split\/"},{"@type":"ListItem","position":2,"name":"Impressum"}]},{"@type":"WebSite","@id":"https:\/\/citycenterone.hr\/split\/#website","url":"https:\/\/citycenterone.hr\/split\/","name":"Split","description":"Just another City Center One site","potentialAction":[{"@type":"SearchAction","target":{"@type":"EntryPoint","urlTemplate":"https:\/\/citycenterone.hr\/split\/?s={search_term_string}"},"query-input":{"@type":"PropertyValueSpecification","valueRequired":true,"valueName":"search_term_string"}}],"inLanguage":"hr-HR"}]}},"_links":{"self":[{"href":"https:\/\/citycenterone.hr\/split\/wp-json\/wp\/v2\/pages\/3257","targetHints":{"allow":["GET"]}}],"collection":[{"href":"https:\/\/citycenterone.hr\/split\/wp-json\/wp\/v2\/pages"}],"about":[{"href":"https:\/\/citycenterone.hr\/split\/wp-json\/wp\/v2\/types\/page"}],"author":[{"embeddable":true,"href":"https:\/\/citycenterone.hr\/split\/wp-json\/wp\/v2\/users\/1"}],"replies":[{"embeddable":true,"href":"https:\/\/citycenterone.hr\/split\/wp-json\/wp\/v2\/comments?post=3257"}],"version-history":[{"count":3,"href":"https:\/\/citycenterone.hr\/split\/wp-json\/wp\/v2\/pages\/3257\/revisions"}],"predecessor-version":[{"id":66740,"href":"https:\/\/citycenterone.hr\/split\/wp-json\/wp\/v2\/pages\/3257\/revisions\/66740"}],"wp:attachment":[{"href":"https:\/\/citycenterone.hr\/split\/wp-json\/wp\/v2\/media?parent=3257"}],"curies":[{"name":"wp","href":"https:\/\/api.w.org\/{rel}","templated":true}]}}