{"id":55753,"date":"2023-06-02T08:32:27","date_gmt":"2023-06-02T08:32:27","guid":{"rendered":"https:\/\/citycenterone.hr\/split\/?page_id=55753"},"modified":"2024-03-28T13:57:42","modified_gmt":"2024-03-28T13:57:42","slug":"city-dir","status":"publish","type":"page","link":"https:\/\/citycenterone.hr\/split\/city-dir\/","title":{"rendered":"City \u0111ir"},"content":{"rendered":"<div class=\"wp-block-image\">\n<figure class=\"aligncenter size-large\"><img loading=\"lazy\" decoding=\"async\" width=\"1024\" height=\"523\" src=\"https:\/\/citycenterone.hr\/split\/wp-content\/uploads\/sites\/4\/2024\/03\/Isto-misto-novi-dir-03-1024x523.png\" alt=\"\" class=\"wp-image-59753\" srcset=\"https:\/\/citycenterone.hr\/split\/wp-content\/uploads\/sites\/4\/2024\/03\/Isto-misto-novi-dir-03-1024x523.png 1024w, https:\/\/citycenterone.hr\/split\/wp-content\/uploads\/sites\/4\/2024\/03\/Isto-misto-novi-dir-03-768x392.png 768w, https:\/\/citycenterone.hr\/split\/wp-content\/uploads\/sites\/4\/2024\/03\/Isto-misto-novi-dir-03-1536x785.png 1536w, https:\/\/citycenterone.hr\/split\/wp-content\/uploads\/sites\/4\/2024\/03\/Isto-misto-novi-dir-03-2048x1046.png 2048w\" sizes=\"auto, (max-width: 1024px) 100vw, 1024px\" \/><\/figure>\n<\/div>\n\n<div class=\"layout layout--padding-big layout--narrow\">\n<div class=\"wrapper\">\n<div class=\"container\"><\/div>\n<\/div>\n<\/div>\n\n\n<div class=\"wp-block-group\"><div class=\"wp-block-group__inner-container is-layout-flow wp-block-group-is-layout-flow\">\n<div class=\"wp-block-group layout--narrow\"><div class=\"wp-block-group__inner-container is-layout-flow wp-block-group-is-layout-flow\">\n<p>Do\u0161lo je vrijeme da omiljeni splitski shopping centar zablista u novom ruhu. City ostaje City, ali \u0107e posjetitelje razveseliti jo\u0161 boljom ponudom i ljep\u0161im, modernijim ure\u0111enjem. Vi\u0161e od 40 trgovina osvanulo je u osvje\u017eenom izdanju ili na potpuno novoj lokaciji, a ponuda Centra upotpunit \u0107e se i dolaskom novih brandova. Arhitektonski prepoznatljivo zdanje ve\u0107 je poprimilo i novu vizuru formiranjem terase na kojoj mo\u017eete u\u017eivati u kavi i kola\u010dima, dok \u0107e i interijer centra biti moderniziran, a poseban naglasak stavit \u0107e se na iskori\u0161tavanje prirodnog svjetla, veliki broj staklenih stijena, zelenilo, svijetle boje i formiranje lounge zone.<\/p>\n\n\n\n<p>Radovi su u tijeku, ali ne brinite \u2013 tijekom njihova trajanja, Centar \u0107e cijelo vrijeme biti funkcionalan i otvoren za posjetitelje, tako da neometano mo\u017eete u\u017eivati u kupovini.<\/p>\n<\/div><\/div>\n<\/div><\/div>\n\n\n\n<p><\/p>\n","protected":false},"excerpt":{"rendered":"<p>Do\u0161lo je vrijeme da omiljeni splitski shopping centar zablista u novom ruhu. City ostaje City, ali \u0107e posjetitelje razveseliti jo\u0161 boljom ponudom i ljep\u0161im, modernijim ure\u0111enjem. Vi\u0161e od 40 trgovina osvanulo je u osvje\u017eenom izdanju ili na potpuno novoj lokaciji, a ponuda Centra upotpunit \u0107e se i dolaskom novih brandova. Arhitektonski prepoznatljivo zdanje ve\u0107 je [&hellip;]<\/p>\n","protected":false},"author":1,"featured_media":0,"parent":0,"menu_order":0,"comment_status":"closed","ping_status":"closed","template":"page-dir.php","meta":{"_acf_changed":false,"footnotes":""},"class_list":["post-55753","page","type-page","status-publish","hentry"],"acf":[],"yoast_head":"<!-- This site is optimized with the Yoast SEO plugin v27.4 - https:\/\/yoast.com\/product\/yoast-seo-wordpress\/ -->\n<title>City \u0111ir - Split<\/title>\n<meta name=\"robots\" content=\"index, follow, max-snippet:-1, max-image-preview:large, max-video-preview:-1\" \/>\n<link rel=\"canonical\" href=\"https:\/\/citycenterone.hr\/split\/city-dir\/\" \/>\n<meta property=\"og:locale\" content=\"hr_HR\" \/>\n<meta property=\"og:type\" content=\"article\" \/>\n<meta property=\"og:title\" content=\"City \u0111ir - Split\" \/>\n<meta property=\"og:description\" content=\"Do\u0161lo je vrijeme da omiljeni splitski shopping centar zablista u novom ruhu. City ostaje City, ali \u0107e posjetitelje razveseliti jo\u0161 boljom ponudom i ljep\u0161im, modernijim ure\u0111enjem. Vi\u0161e od 40 trgovina osvanulo je u osvje\u017eenom izdanju ili na potpuno novoj lokaciji, a ponuda Centra upotpunit \u0107e se i dolaskom novih brandova. Arhitektonski prepoznatljivo zdanje ve\u0107 je [&hellip;]\" \/>\n<meta property=\"og:url\" content=\"https:\/\/citycenterone.hr\/split\/city-dir\/\" \/>\n<meta property=\"og:site_name\" content=\"Split\" \/>\n<meta property=\"article:modified_time\" content=\"2024-03-28T13:57:42+00:00\" \/>\n<meta property=\"og:image\" content=\"https:\/\/citycenterone.hr\/split\/wp-content\/uploads\/sites\/4\/2024\/03\/Isto-misto-novi-dir-03-1024x523.png\" \/>\n<meta name=\"twitter:card\" content=\"summary_large_image\" \/>\n<meta name=\"twitter:label1\" content=\"Est. reading time\" \/>\n\t<meta name=\"twitter:data1\" content=\"1 minute\" \/>\n<script type=\"application\/ld+json\" class=\"yoast-schema-graph\">{\"@context\":\"https:\\\/\\\/schema.org\",\"@graph\":[{\"@type\":\"WebPage\",\"@id\":\"https:\\\/\\\/citycenterone.hr\\\/split\\\/city-dir\\\/\",\"url\":\"https:\\\/\\\/citycenterone.hr\\\/split\\\/city-dir\\\/\",\"name\":\"City \u0111ir - Split\",\"isPartOf\":{\"@id\":\"https:\\\/\\\/citycenterone.hr\\\/split\\\/#website\"},\"primaryImageOfPage\":{\"@id\":\"https:\\\/\\\/citycenterone.hr\\\/split\\\/city-dir\\\/#primaryimage\"},\"image\":{\"@id\":\"https:\\\/\\\/citycenterone.hr\\\/split\\\/city-dir\\\/#primaryimage\"},\"thumbnailUrl\":\"https:\\\/\\\/citycenterone.hr\\\/split\\\/wp-content\\\/uploads\\\/sites\\\/4\\\/2024\\\/03\\\/Isto-misto-novi-dir-03-1024x523.png\",\"datePublished\":\"2023-06-02T08:32:27+00:00\",\"dateModified\":\"2024-03-28T13:57:42+00:00\",\"breadcrumb\":{\"@id\":\"https:\\\/\\\/citycenterone.hr\\\/split\\\/city-dir\\\/#breadcrumb\"},\"inLanguage\":\"hr-HR\",\"potentialAction\":[{\"@type\":\"ReadAction\",\"target\":[\"https:\\\/\\\/citycenterone.hr\\\/split\\\/city-dir\\\/\"]}]},{\"@type\":\"ImageObject\",\"inLanguage\":\"hr-HR\",\"@id\":\"https:\\\/\\\/citycenterone.hr\\\/split\\\/city-dir\\\/#primaryimage\",\"url\":\"https:\\\/\\\/citycenterone.hr\\\/split\\\/wp-content\\\/uploads\\\/sites\\\/4\\\/2024\\\/03\\\/Isto-misto-novi-dir-03.png\",\"contentUrl\":\"https:\\\/\\\/citycenterone.hr\\\/split\\\/wp-content\\\/uploads\\\/sites\\\/4\\\/2024\\\/03\\\/Isto-misto-novi-dir-03.png\",\"width\":2130,\"height\":1088},{\"@type\":\"BreadcrumbList\",\"@id\":\"https:\\\/\\\/citycenterone.hr\\\/split\\\/city-dir\\\/#breadcrumb\",\"itemListElement\":[{\"@type\":\"ListItem\",\"position\":1,\"name\":\"Home\",\"item\":\"https:\\\/\\\/citycenterone.hr\\\/split\\\/\"},{\"@type\":\"ListItem\",\"position\":2,\"name\":\"City \u0111ir\"}]},{\"@type\":\"WebSite\",\"@id\":\"https:\\\/\\\/citycenterone.hr\\\/split\\\/#website\",\"url\":\"https:\\\/\\\/citycenterone.hr\\\/split\\\/\",\"name\":\"Split\",\"description\":\"Just another City Center One site\",\"potentialAction\":[{\"@type\":\"SearchAction\",\"target\":{\"@type\":\"EntryPoint\",\"urlTemplate\":\"https:\\\/\\\/citycenterone.hr\\\/split\\\/?s={search_term_string}\"},\"query-input\":{\"@type\":\"PropertyValueSpecification\",\"valueRequired\":true,\"valueName\":\"search_term_string\"}}],\"inLanguage\":\"hr-HR\"}]}<\/script>\n<!-- \/ Yoast SEO plugin. -->","yoast_head_json":{"title":"City \u0111ir - Split","robots":{"index":"index","follow":"follow","max-snippet":"max-snippet:-1","max-image-preview":"max-image-preview:large","max-video-preview":"max-video-preview:-1"},"canonical":"https:\/\/citycenterone.hr\/split\/city-dir\/","og_locale":"hr_HR","og_type":"article","og_title":"City \u0111ir - Split","og_description":"Do\u0161lo je vrijeme da omiljeni splitski shopping centar zablista u novom ruhu. City ostaje City, ali \u0107e posjetitelje razveseliti jo\u0161 boljom ponudom i ljep\u0161im, modernijim ure\u0111enjem. Vi\u0161e od 40 trgovina osvanulo je u osvje\u017eenom izdanju ili na potpuno novoj lokaciji, a ponuda Centra upotpunit \u0107e se i dolaskom novih brandova. Arhitektonski prepoznatljivo zdanje ve\u0107 je [&hellip;]","og_url":"https:\/\/citycenterone.hr\/split\/city-dir\/","og_site_name":"Split","article_modified_time":"2024-03-28T13:57:42+00:00","og_image":[{"url":"https:\/\/citycenterone.hr\/split\/wp-content\/uploads\/sites\/4\/2024\/03\/Isto-misto-novi-dir-03-1024x523.png","type":"","width":"","height":""}],"twitter_card":"summary_large_image","twitter_misc":{"Est. reading time":"1 minute"},"schema":{"@context":"https:\/\/schema.org","@graph":[{"@type":"WebPage","@id":"https:\/\/citycenterone.hr\/split\/city-dir\/","url":"https:\/\/citycenterone.hr\/split\/city-dir\/","name":"City \u0111ir - Split","isPartOf":{"@id":"https:\/\/citycenterone.hr\/split\/#website"},"primaryImageOfPage":{"@id":"https:\/\/citycenterone.hr\/split\/city-dir\/#primaryimage"},"image":{"@id":"https:\/\/citycenterone.hr\/split\/city-dir\/#primaryimage"},"thumbnailUrl":"https:\/\/citycenterone.hr\/split\/wp-content\/uploads\/sites\/4\/2024\/03\/Isto-misto-novi-dir-03-1024x523.png","datePublished":"2023-06-02T08:32:27+00:00","dateModified":"2024-03-28T13:57:42+00:00","breadcrumb":{"@id":"https:\/\/citycenterone.hr\/split\/city-dir\/#breadcrumb"},"inLanguage":"hr-HR","potentialAction":[{"@type":"ReadAction","target":["https:\/\/citycenterone.hr\/split\/city-dir\/"]}]},{"@type":"ImageObject","inLanguage":"hr-HR","@id":"https:\/\/citycenterone.hr\/split\/city-dir\/#primaryimage","url":"https:\/\/citycenterone.hr\/split\/wp-content\/uploads\/sites\/4\/2024\/03\/Isto-misto-novi-dir-03.png","contentUrl":"https:\/\/citycenterone.hr\/split\/wp-content\/uploads\/sites\/4\/2024\/03\/Isto-misto-novi-dir-03.png","width":2130,"height":1088},{"@type":"BreadcrumbList","@id":"https:\/\/citycenterone.hr\/split\/city-dir\/#breadcrumb","itemListElement":[{"@type":"ListItem","position":1,"name":"Home","item":"https:\/\/citycenterone.hr\/split\/"},{"@type":"ListItem","position":2,"name":"City \u0111ir"}]},{"@type":"WebSite","@id":"https:\/\/citycenterone.hr\/split\/#website","url":"https:\/\/citycenterone.hr\/split\/","name":"Split","description":"Just another City Center One site","potentialAction":[{"@type":"SearchAction","target":{"@type":"EntryPoint","urlTemplate":"https:\/\/citycenterone.hr\/split\/?s={search_term_string}"},"query-input":{"@type":"PropertyValueSpecification","valueRequired":true,"valueName":"search_term_string"}}],"inLanguage":"hr-HR"}]}},"_links":{"self":[{"href":"https:\/\/citycenterone.hr\/split\/wp-json\/wp\/v2\/pages\/55753","targetHints":{"allow":["GET"]}}],"collection":[{"href":"https:\/\/citycenterone.hr\/split\/wp-json\/wp\/v2\/pages"}],"about":[{"href":"https:\/\/citycenterone.hr\/split\/wp-json\/wp\/v2\/types\/page"}],"author":[{"embeddable":true,"href":"https:\/\/citycenterone.hr\/split\/wp-json\/wp\/v2\/users\/1"}],"replies":[{"embeddable":true,"href":"https:\/\/citycenterone.hr\/split\/wp-json\/wp\/v2\/comments?post=55753"}],"version-history":[{"count":3,"href":"https:\/\/citycenterone.hr\/split\/wp-json\/wp\/v2\/pages\/55753\/revisions"}],"predecessor-version":[{"id":59755,"href":"https:\/\/citycenterone.hr\/split\/wp-json\/wp\/v2\/pages\/55753\/revisions\/59755"}],"wp:attachment":[{"href":"https:\/\/citycenterone.hr\/split\/wp-json\/wp\/v2\/media?parent=55753"}],"curies":[{"name":"wp","href":"https:\/\/api.w.org\/{rel}","templated":true}]}}