{"id":56063,"date":"2023-06-15T13:06:21","date_gmt":"2023-06-15T13:06:21","guid":{"rendered":"https:\/\/citycenterone.hr\/split\/?page_id=56063"},"modified":"2026-02-17T14:42:58","modified_gmt":"2026-02-17T14:42:58","slug":"radno-vrijeme","status":"publish","type":"page","link":"https:\/\/citycenterone.hr\/split\/radno-vrijeme\/","title":{"rendered":"Radno vrijeme"},"content":{"rendered":"\n<h1 class=\"wp-block-heading has-text-align-center single-post__title\">RADNO VRIJEME<\/h1>\n\n\n\n<p class=\"has-text-align-center single-post__subtitle\">U nastavku provjerite&nbsp;<strong>radno vrijeme va\u0161eg City Centera one Split&nbsp;<\/strong>te informacije o&nbsp;<strong>radnim nedjeljama<\/strong>.<\/p>\n\n\n\n<figure class=\"wp-block-image size-full\"><img loading=\"lazy\" decoding=\"async\" width=\"1024\" height=\"576\" src=\"https:\/\/citycenterone.hr\/split\/wp-content\/uploads\/sites\/4\/2023\/05\/shutterstock_1483430027-1-1024x576-1.jpg\" alt=\"\" class=\"wp-image-55554\" srcset=\"https:\/\/citycenterone.hr\/split\/wp-content\/uploads\/sites\/4\/2023\/05\/shutterstock_1483430027-1-1024x576-1.jpg 1024w, https:\/\/citycenterone.hr\/split\/wp-content\/uploads\/sites\/4\/2023\/05\/shutterstock_1483430027-1-1024x576-1-768x432.jpg 768w\" sizes=\"auto, (max-width: 1024px) 100vw, 1024px\" \/><\/figure>\n\n\n\n<h2 class=\"wp-block-heading has-text-align-center\"><span style=\"text-decoration: underline;\"><strong>RADNE NEDJELJE<\/strong><\/span><\/h2>\n\n\n\n<p>Provjerite kojim \u0107ete nedjeljama u\u017eivati u shoppingu u City Centeru one Split i tako&nbsp;<strong>na vrijeme isplanirajte svoje vikende<\/strong>.<\/p>\n\n\n\n<p><strong>City Center one<\/strong>&nbsp;radi&nbsp;<strong>od ponedjeljka&nbsp;<\/strong>do&nbsp;<strong>subote, od 9 do 21 sat<\/strong>. <\/p>\n\n\n<div class=\"wp-block-image\">\n<figure class=\"aligncenter size-large\"><img loading=\"lazy\" decoding=\"async\" width=\"323\" height=\"1024\" src=\"https:\/\/citycenterone.hr\/split\/wp-content\/uploads\/sites\/4\/2026\/01\/CCO-Radne-Nedjelje-Kalendar-2026_WEB-Split-4mj-1234-323x1024.png\" alt=\"\" class=\"wp-image-66809\" srcset=\"https:\/\/citycenterone.hr\/split\/wp-content\/uploads\/sites\/4\/2026\/01\/CCO-Radne-Nedjelje-Kalendar-2026_WEB-Split-4mj-1234-323x1024.png 323w, https:\/\/citycenterone.hr\/split\/wp-content\/uploads\/sites\/4\/2026\/01\/CCO-Radne-Nedjelje-Kalendar-2026_WEB-Split-4mj-1234-485x1536.png 485w, https:\/\/citycenterone.hr\/split\/wp-content\/uploads\/sites\/4\/2026\/01\/CCO-Radne-Nedjelje-Kalendar-2026_WEB-Split-4mj-1234.png 600w\" sizes=\"auto, (max-width: 323px) 100vw, 323px\" \/><\/figure>\n<\/div>\n\n\n<p><\/p>\n\n\n\n<p class=\"has-text-align-center\"><strong>CITY PAZAR<\/strong><br>Ponedjeljak \u2013 Subota<br>9:00 \u2013 21:00<\/p>\n\n\n\n<p class=\"has-text-align-center\"><strong>INTERSPAR<\/strong><br>Ponedjeljak \u2013 Subota<br>8:00 \u2013 21:00<\/p>\n\n\n\n<p class=\"has-text-align-center\"><strong>HRVATSKA PO\u0160TA<\/strong><br>Ponedjeljak \u2013 Subota<br>9:00 \u2013 20:00<\/p>\n\n\n\n<p class=\"has-text-align-center\"><strong>BIO&amp;BIO<\/strong><br>Ponedjeljak \u2013 Subota<br>8:00 \u2013 21:00<\/p>\n\n\n\n<p class=\"has-text-align-center\"><strong>FINA<\/strong><br>Ponedjeljak \u2013 Subota<br>8:00 \u2013 20:00<\/p>\n\n\n\n<p class=\"has-text-align-center\"><strong>IKEA dostavni centar<\/strong><br>Ponedjeljak \u2013 Subota<br>10:00 \u2013 20:00<\/p>\n\n\n\n<p class=\"has-text-align-center\"><strong>IKEA studio za planiranje<\/strong><br>Ponedjeljak \u2013 Subota<br>9:00 \u2013 21:00<\/p>\n\n\n\n<p class=\"has-text-align-center\"><strong>ERSTE&amp;STEIERMARKISCHE BANKA<\/strong><br>Gotovinsko poslovanje:<br>Ponedjeljak &#8211; Petak<br>9:00 &#8211; 17:00<\/p>\n\n\n\n<p class=\"has-text-align-center\">Savjetovanje i bezgotovinsko poslovanje<br>Ponedjeljak &#8211; Petak<br>9:00 &#8211; 17:00<\/p>\n\n\n\n<p class=\"has-text-align-center\"><strong>LJEKARNA VARO\u0160<\/strong><br>Ponedjeljak \u2013 Subota<br>9:00 \u2013 21:00<\/p>\n\n\n\n<p class=\"has-text-align-center\"><strong>CINEPLEXX<\/strong><br>Ponedjeljak \u2013 Petak<br>15:30 \u2013 22:30<br>Subota \u2013 Nedjelja<br>14:00 \u2013 23:30<\/p>\n\n\n\n<p class=\"has-text-align-center\"><strong>ADMIRAL CITY SPLIT<\/strong><br>Ponedjeljak \u2013 Nedjelja<br>00:00 \u2013 23:00<\/p>\n\n\n\n<p class=\"has-text-align-center\"><strong>ADMIRAL CITY CAFFE<\/strong><br>Ponedjeljak \u2013 Nedjelja<br>8:00 \u2013 22:00<\/p>\n\n\n\n<p class=\"has-text-align-center\"><strong>CENTAR CAFFE<\/strong><br>Ponedjeljak \u2013 Subota<br>7:00 \u2013 21:00<\/p>\n\n\n\n<p class=\"has-text-align-center\"><strong>LEGGIERO BAR<\/strong><br>Ponedjeljak \u2013 Subota<br>8:00 \u2013 21:00<\/p>\n\n\n\n<p class=\"has-text-align-center\"><strong>KAVANA PROCAFFE<br><\/strong>Ponedjeljak \u2013 Subota<br>8:00 \u2013 21:00<\/p>\n\n\n\n<p class=\"has-text-align-center\"><strong>TORTERIE MACARON<br><\/strong>Ponedjeljak \u2013 Subota<br>9:00 \u2013 21:00<\/p>\n\n\n\n<p class=\"has-text-align-center\"><strong>BATAK<\/strong><br>Ponedjeljak \u2013 Subota<br>11:00 \u2013 23:00 <br>Nedjelja<br>11:00 \u2013 22:00 <\/p>\n\n\n\n<p class=\"has-text-align-center\"><strong>CHINESE FOOD<\/strong><br>Ponedjeljak \u2013 Subota<br>11:00 \u2013 21:00<\/p>\n\n\n\n<p class=\"has-text-align-center\"><strong>KFC<\/strong><br>Ponedjeljak \u2013 Subota<br>9:00 \u2013 23:00<\/p>\n\n\n\n<p class=\"has-text-align-center\"><strong>McDonald&#8217;s<\/strong><br>Ponedjeljak \u2013 Subota<br>8:30 \u2013 23:00<\/p>\n\n\n\n<p class=\"has-text-align-center\"><strong>Ali Kebaba<\/strong><br>Ponedjeljak \u2013 Subota<br>9:00 \u2013 21:00<\/p>\n\n\n\n<p class=\"has-text-align-center\"><strong>FITFOODIE<\/strong><br>Ponedjeljak \u2013 Subota<br>9:00 \u2013 21:00<\/p>\n\n\n\n<p class=\"has-text-align-center\"><strong>CHEVAP BY DUJE PISAC<\/strong><br>Ponedjeljak \u2013 Subota<br>10:00 \u2013 21:00<\/p>\n\n\n\n<p class=\"has-text-align-center\"><strong>RIZZO SANDWICH BAR<\/strong><br>Ponedjeljak \u2013 Subota<br>09:00 \u2013 21:00<\/p>\n\n\n\n<p class=\"has-text-align-center\"><strong>BIBERON FINE FOOD, BIBERON WOK, BIBERON GRILL, BIBERON MEX&amp;ROLL, BIBERON PASTA<\/strong><br>Ponedjeljak \u2013 Subota<br>9:00 \u2013 21:00<\/p>\n\n\n\n<p class=\"has-text-align-center\"><strong>PEK-SNACK FRAN\u0160IZA<\/strong><br>Ponedjeljak \u2013 Subota<br>8:00 \u2013 21:00<\/p>\n\n\n\n<p class=\"has-text-align-center\"><strong>SAMOPOSLU\u017dNA AUTOPRAONICA PERI, A NE DERI!<\/strong><br>Ponedjeljak \u2013 Subota<br>6:30 \u2013 21:30<\/p>\n\n\n\n<p class=\"has-text-align-center\"><strong>INCH<\/strong><br>Ponedjeljak \u2013 Petak<br>8:00 \u2013 19:00<br>Subota<br>8:00 \u2013 13:00<\/p>\n\n\n\n<p class=\"has-text-align-center\"><strong>ST Klju\u010d<br><\/strong>Ponedjeljak \u2013 Petak<br>8:00 \u2013 19:00<br>Subota<br>8:00 \u2013 14:00<\/p>\n\n\n\n<p class=\"has-text-align-center\"><strong>AUTO SAVJETNIK <br><\/strong>Ponedjeljak \u2013 Petak<br>9:00 \u2013 13:00<br>16:00 \u2013 20:00<br>Subota<br>9:00 \u2013 13:00<\/p>\n\n\n\n<p class=\"has-text-align-center\"><strong>FUN&amp;PLAY ARCADE <br><\/strong>Ponedjeljak \u2013 \u010cetvrtak<br>9:00 \u2013 22:00<br>Petak \u2013 Subota<br>9:00 \u2013 23:00<br> Nedjelja<br>9:00 \u2013 22:00<\/p>\n\n\n\n<p class=\"has-text-align-center\"><\/p>\n\n\n\n<p><\/p>\n\n\n\n<p><\/p>\n","protected":false},"excerpt":{"rendered":"<p>RADNO VRIJEME U nastavku provjerite&nbsp;radno vrijeme va\u0161eg City Centera one Split&nbsp;te informacije o&nbsp;radnim nedjeljama. RADNE NEDJELJE Provjerite kojim \u0107ete nedjeljama u\u017eivati u shoppingu u City Centeru one Split i tako&nbsp;na vrijeme isplanirajte svoje vikende. City Center one&nbsp;radi&nbsp;od ponedjeljka&nbsp;do&nbsp;subote, od 9 do 21 sat. CITY PAZARPonedjeljak \u2013 Subota9:00 \u2013 21:00 INTERSPARPonedjeljak \u2013 Subota8:00 \u2013 21:00 HRVATSKA [&hellip;]<\/p>\n","protected":false},"author":1,"featured_media":0,"parent":0,"menu_order":0,"comment_status":"closed","ping_status":"closed","template":"","meta":{"_acf_changed":false,"footnotes":""},"class_list":["post-56063","page","type-page","status-publish","hentry"],"acf":[],"yoast_head":"<!-- This site is optimized with the Yoast SEO plugin v27.2 - https:\/\/yoast.com\/product\/yoast-seo-wordpress\/ -->\n<title>Radno vrijeme - Split<\/title>\n<meta name=\"robots\" content=\"index, follow, max-snippet:-1, max-image-preview:large, max-video-preview:-1\" \/>\n<link rel=\"canonical\" href=\"https:\/\/citycenterone.hr\/split\/radno-vrijeme\/\" \/>\n<meta property=\"og:locale\" content=\"hr_HR\" \/>\n<meta property=\"og:type\" content=\"article\" \/>\n<meta property=\"og:title\" content=\"Radno vrijeme - Split\" \/>\n<meta property=\"og:description\" content=\"RADNO VRIJEME U nastavku provjerite&nbsp;radno vrijeme va\u0161eg City Centera one Split&nbsp;te informacije o&nbsp;radnim nedjeljama. RADNE NEDJELJE Provjerite kojim \u0107ete nedjeljama u\u017eivati u shoppingu u City Centeru one Split i tako&nbsp;na vrijeme isplanirajte svoje vikende. City Center one&nbsp;radi&nbsp;od ponedjeljka&nbsp;do&nbsp;subote, od 9 do 21 sat. CITY PAZARPonedjeljak \u2013 Subota9:00 \u2013 21:00 INTERSPARPonedjeljak \u2013 Subota8:00 \u2013 21:00 HRVATSKA [&hellip;]\" \/>\n<meta property=\"og:url\" content=\"https:\/\/citycenterone.hr\/split\/radno-vrijeme\/\" \/>\n<meta property=\"og:site_name\" content=\"Split\" \/>\n<meta property=\"article:modified_time\" content=\"2026-02-17T14:42:58+00:00\" \/>\n<meta property=\"og:image\" content=\"https:\/\/citycenterone.hr\/split\/wp-content\/uploads\/sites\/4\/2023\/05\/shutterstock_1483430027-1-1024x576-1.jpg\" \/>\n\t<meta property=\"og:image:width\" content=\"1024\" \/>\n\t<meta property=\"og:image:height\" content=\"576\" \/>\n\t<meta property=\"og:image:type\" content=\"image\/jpeg\" \/>\n<meta name=\"twitter:card\" content=\"summary_large_image\" \/>\n<meta name=\"twitter:label1\" content=\"Est. reading time\" \/>\n\t<meta name=\"twitter:data1\" content=\"2 minutes\" \/>\n<script type=\"application\/ld+json\" class=\"yoast-schema-graph\">{\"@context\":\"https:\/\/schema.org\",\"@graph\":[{\"@type\":\"WebPage\",\"@id\":\"https:\/\/citycenterone.hr\/split\/radno-vrijeme\/\",\"url\":\"https:\/\/citycenterone.hr\/split\/radno-vrijeme\/\",\"name\":\"Radno vrijeme - Split\",\"isPartOf\":{\"@id\":\"https:\/\/citycenterone.hr\/split\/#website\"},\"primaryImageOfPage\":{\"@id\":\"https:\/\/citycenterone.hr\/split\/radno-vrijeme\/#primaryimage\"},\"image\":{\"@id\":\"https:\/\/citycenterone.hr\/split\/radno-vrijeme\/#primaryimage\"},\"thumbnailUrl\":\"https:\/\/citycenterone.hr\/split\/wp-content\/uploads\/sites\/4\/2023\/05\/shutterstock_1483430027-1-1024x576-1.jpg\",\"datePublished\":\"2023-06-15T13:06:21+00:00\",\"dateModified\":\"2026-02-17T14:42:58+00:00\",\"breadcrumb\":{\"@id\":\"https:\/\/citycenterone.hr\/split\/radno-vrijeme\/#breadcrumb\"},\"inLanguage\":\"hr-HR\",\"potentialAction\":[{\"@type\":\"ReadAction\",\"target\":[\"https:\/\/citycenterone.hr\/split\/radno-vrijeme\/\"]}]},{\"@type\":\"ImageObject\",\"inLanguage\":\"hr-HR\",\"@id\":\"https:\/\/citycenterone.hr\/split\/radno-vrijeme\/#primaryimage\",\"url\":\"https:\/\/citycenterone.hr\/split\/wp-content\/uploads\/sites\/4\/2023\/05\/shutterstock_1483430027-1-1024x576-1.jpg\",\"contentUrl\":\"https:\/\/citycenterone.hr\/split\/wp-content\/uploads\/sites\/4\/2023\/05\/shutterstock_1483430027-1-1024x576-1.jpg\",\"width\":1024,\"height\":576},{\"@type\":\"BreadcrumbList\",\"@id\":\"https:\/\/citycenterone.hr\/split\/radno-vrijeme\/#breadcrumb\",\"itemListElement\":[{\"@type\":\"ListItem\",\"position\":1,\"name\":\"Home\",\"item\":\"https:\/\/citycenterone.hr\/split\/\"},{\"@type\":\"ListItem\",\"position\":2,\"name\":\"Radno vrijeme\"}]},{\"@type\":\"WebSite\",\"@id\":\"https:\/\/citycenterone.hr\/split\/#website\",\"url\":\"https:\/\/citycenterone.hr\/split\/\",\"name\":\"Split\",\"description\":\"Just another City Center One site\",\"potentialAction\":[{\"@type\":\"SearchAction\",\"target\":{\"@type\":\"EntryPoint\",\"urlTemplate\":\"https:\/\/citycenterone.hr\/split\/?s={search_term_string}\"},\"query-input\":{\"@type\":\"PropertyValueSpecification\",\"valueRequired\":true,\"valueName\":\"search_term_string\"}}],\"inLanguage\":\"hr-HR\"}]}<\/script>\n<!-- \/ Yoast SEO plugin. -->","yoast_head_json":{"title":"Radno vrijeme - Split","robots":{"index":"index","follow":"follow","max-snippet":"max-snippet:-1","max-image-preview":"max-image-preview:large","max-video-preview":"max-video-preview:-1"},"canonical":"https:\/\/citycenterone.hr\/split\/radno-vrijeme\/","og_locale":"hr_HR","og_type":"article","og_title":"Radno vrijeme - Split","og_description":"RADNO VRIJEME U nastavku provjerite&nbsp;radno vrijeme va\u0161eg City Centera one Split&nbsp;te informacije o&nbsp;radnim nedjeljama. RADNE NEDJELJE Provjerite kojim \u0107ete nedjeljama u\u017eivati u shoppingu u City Centeru one Split i tako&nbsp;na vrijeme isplanirajte svoje vikende. City Center one&nbsp;radi&nbsp;od ponedjeljka&nbsp;do&nbsp;subote, od 9 do 21 sat. CITY PAZARPonedjeljak \u2013 Subota9:00 \u2013 21:00 INTERSPARPonedjeljak \u2013 Subota8:00 \u2013 21:00 HRVATSKA [&hellip;]","og_url":"https:\/\/citycenterone.hr\/split\/radno-vrijeme\/","og_site_name":"Split","article_modified_time":"2026-02-17T14:42:58+00:00","og_image":[{"width":1024,"height":576,"url":"https:\/\/citycenterone.hr\/split\/wp-content\/uploads\/sites\/4\/2023\/05\/shutterstock_1483430027-1-1024x576-1.jpg","type":"image\/jpeg"}],"twitter_card":"summary_large_image","twitter_misc":{"Est. reading time":"2 minutes"},"schema":{"@context":"https:\/\/schema.org","@graph":[{"@type":"WebPage","@id":"https:\/\/citycenterone.hr\/split\/radno-vrijeme\/","url":"https:\/\/citycenterone.hr\/split\/radno-vrijeme\/","name":"Radno vrijeme - Split","isPartOf":{"@id":"https:\/\/citycenterone.hr\/split\/#website"},"primaryImageOfPage":{"@id":"https:\/\/citycenterone.hr\/split\/radno-vrijeme\/#primaryimage"},"image":{"@id":"https:\/\/citycenterone.hr\/split\/radno-vrijeme\/#primaryimage"},"thumbnailUrl":"https:\/\/citycenterone.hr\/split\/wp-content\/uploads\/sites\/4\/2023\/05\/shutterstock_1483430027-1-1024x576-1.jpg","datePublished":"2023-06-15T13:06:21+00:00","dateModified":"2026-02-17T14:42:58+00:00","breadcrumb":{"@id":"https:\/\/citycenterone.hr\/split\/radno-vrijeme\/#breadcrumb"},"inLanguage":"hr-HR","potentialAction":[{"@type":"ReadAction","target":["https:\/\/citycenterone.hr\/split\/radno-vrijeme\/"]}]},{"@type":"ImageObject","inLanguage":"hr-HR","@id":"https:\/\/citycenterone.hr\/split\/radno-vrijeme\/#primaryimage","url":"https:\/\/citycenterone.hr\/split\/wp-content\/uploads\/sites\/4\/2023\/05\/shutterstock_1483430027-1-1024x576-1.jpg","contentUrl":"https:\/\/citycenterone.hr\/split\/wp-content\/uploads\/sites\/4\/2023\/05\/shutterstock_1483430027-1-1024x576-1.jpg","width":1024,"height":576},{"@type":"BreadcrumbList","@id":"https:\/\/citycenterone.hr\/split\/radno-vrijeme\/#breadcrumb","itemListElement":[{"@type":"ListItem","position":1,"name":"Home","item":"https:\/\/citycenterone.hr\/split\/"},{"@type":"ListItem","position":2,"name":"Radno vrijeme"}]},{"@type":"WebSite","@id":"https:\/\/citycenterone.hr\/split\/#website","url":"https:\/\/citycenterone.hr\/split\/","name":"Split","description":"Just another City Center One site","potentialAction":[{"@type":"SearchAction","target":{"@type":"EntryPoint","urlTemplate":"https:\/\/citycenterone.hr\/split\/?s={search_term_string}"},"query-input":{"@type":"PropertyValueSpecification","valueRequired":true,"valueName":"search_term_string"}}],"inLanguage":"hr-HR"}]}},"_links":{"self":[{"href":"https:\/\/citycenterone.hr\/split\/wp-json\/wp\/v2\/pages\/56063","targetHints":{"allow":["GET"]}}],"collection":[{"href":"https:\/\/citycenterone.hr\/split\/wp-json\/wp\/v2\/pages"}],"about":[{"href":"https:\/\/citycenterone.hr\/split\/wp-json\/wp\/v2\/types\/page"}],"author":[{"embeddable":true,"href":"https:\/\/citycenterone.hr\/split\/wp-json\/wp\/v2\/users\/1"}],"replies":[{"embeddable":true,"href":"https:\/\/citycenterone.hr\/split\/wp-json\/wp\/v2\/comments?post=56063"}],"version-history":[{"count":2,"href":"https:\/\/citycenterone.hr\/split\/wp-json\/wp\/v2\/pages\/56063\/revisions"}],"predecessor-version":[{"id":67452,"href":"https:\/\/citycenterone.hr\/split\/wp-json\/wp\/v2\/pages\/56063\/revisions\/67452"}],"wp:attachment":[{"href":"https:\/\/citycenterone.hr\/split\/wp-json\/wp\/v2\/media?parent=56063"}],"curies":[{"name":"wp","href":"https:\/\/api.w.org\/{rel}","templated":true}]}}