{"id":772,"date":"2017-09-19T10:37:18","date_gmt":"2017-09-19T10:37:18","guid":{"rendered":"http:\/\/citycenterone.hr\/split\/?page_id=772"},"modified":"2020-02-29T20:42:28","modified_gmt":"2020-02-29T20:42:28","slug":"zakup-prostora","status":"publish","type":"page","link":"https:\/\/citycenterone.hr\/split\/zakup-prostora\/","title":{"rendered":"Zakup prostora"},"content":{"rendered":"<div class=\"text-with-image clearfix\" itemscope itemtype=\"http:\/\/schema.org\/Article\">\n\n    <div class=\"text-with-image__column js-match-height col-12\">\n\n                    <h2 class=\"text-with-image__title\">\n                ZAKUP PROSTORA\n            <\/h2>\n        \n                    <div class=\"text-with-image__content\">\n                <p>S vi\u0161e od 450 najpoznatijih svjetskih i doma\u0107ih trgovina pod svojim krovom \u2013 City Center one shopping centri u Zagrebu i Splitu odlikuju se pomno promi\u0161ljenim i vrlo uspje\u0161nim miksom trgovina koji posjetiteljima (njih gotovo 20 milijuna u 2016. godini) jam\u010de shopping ba\u0161 po njihovoj mjeri, a trgovinama uspje\u0161no dugoro\u010dno poslovanje. Svaki brand koji se \u017eeli kvalitetno prezentirati svojim kupcima treba itekako pomno birati destinaciju gdje \u0107e pozicionirati svoje maloprodajne lokacije, a City Center one, uz to \u0161to postavlja standarde na doma\u0107em tr\u017ei\u0161tu, nudi kvalitetan servis vo\u0111enja i upravljanja centrom, dobro izbalansiranu i kvalitetno slo\u017eenu ponudu koja privla\u010di posjetitelje i kupce te jedinstven pristup svakom partneru u cilju maksimziranja njegovog dugoro\u010dnog poslovanja, prihoda i profita.<\/p>\n<p>Vjernost posjetitelja koji godinama stavljaju City Center one na prvo mjesto u svim istra\u017eivanjima kvalitete i popularnosti jam\u010de da \u0107e i va\u0161 brand biti prepoznat i uspje\u0161an. Ako tra\u017eite najbolju lokaciju za svoje prvo prodajno mjesto ili pak \u0161irite mre\u017eu poslovnica stru\u010dnjaci iz tvrtke CC Real prona\u0107i \u0107e pravu lokaciju i rje\u0161enje za va\u0161 brand \u2013 obratite im se s povjerenjem.<\/p>\n\n            <\/div>\n        \n    <\/div>\n\n    <div class=\"text-with-image__column js-match-height col-12\">\n\n        <figure class=\"text-with-image__image\" style=\"background-image: url(https:\/\/citycenterone.hr\/split\/wp-content\/uploads\/sites\/4\/2017\/10\/City-Center-one-Split2-732x732.jpg);\">\n            <meta itemprop=\"image\" content=\"https:\/\/citycenterone.hr\/split\/wp-content\/uploads\/sites\/4\/2017\/10\/City-Center-one-Split2-732x732.jpg\">\n        <\/figure>\n\n    <\/div>\n\n<\/div>\n\n<script>\n\n    $(document).ready(function() {\n        var args = {\n            \"blockClass\": \"js-match-height\"\n        };\n        am2.main.loadScript('match-height', am2.templateDirectory + '\/assets\/js\/jquery.matchHeight.js', function() {\n            return am2.main.matchHeight(args);\n        });\n    });\n\n<\/script>\n\t\n\n<div class=\"form-block\">\n\n    <div class=\"form-block__column\">\n\n                    <h2 class=\"form-block__title\">\n                \u017dELITE LI ZAKUPITI PROSTOR U CITY CENTERU ONE?\n            <\/h2>\n        \n                    <div class=\"form-block__subtitle\">\n                Popunite obrazac i javit \u0107emo vam se.\n            <\/div>\n        \n                    <div class=\"form-block__form form\">\n                \n<div class=\"wpcf7 no-js\" id=\"wpcf7-f793-o1\" lang=\"hr-HR\" dir=\"ltr\" data-wpcf7-id=\"793\">\n<div class=\"screen-reader-response\"><p role=\"status\" aria-live=\"polite\" aria-atomic=\"true\"><\/p> <ul><\/ul><\/div>\n<form action=\"\/split\/wp-json\/wp\/v2\/pages\/772#wpcf7-f793-o1\" method=\"post\" class=\"wpcf7-form init mailchimp-ext-0.4.51\" aria-label=\"Contact form\" novalidate=\"novalidate\" data-status=\"init\">\n<fieldset class=\"hidden-fields-container\"><input type=\"hidden\" name=\"_wpcf7\" value=\"793\" \/><input type=\"hidden\" name=\"_wpcf7_version\" value=\"6.1.2\" \/><input type=\"hidden\" name=\"_wpcf7_locale\" value=\"hr_HR\" \/><input type=\"hidden\" name=\"_wpcf7_unit_tag\" value=\"wpcf7-f793-o1\" \/><input type=\"hidden\" name=\"_wpcf7_container_post\" value=\"0\" \/><input type=\"hidden\" name=\"_wpcf7_posted_data_hash\" value=\"\" \/><input type=\"hidden\" name=\"_wpcf7cf_hidden_group_fields\" value=\"[]\" \/><input type=\"hidden\" name=\"_wpcf7cf_hidden_groups\" value=\"[]\" \/><input type=\"hidden\" name=\"_wpcf7cf_visible_groups\" value=\"[]\" \/><input type=\"hidden\" name=\"_wpcf7cf_repeaters\" value=\"[]\" \/><input type=\"hidden\" name=\"_wpcf7cf_steps\" value=\"{}\" \/><input type=\"hidden\" name=\"_wpcf7cf_options\" value=\"{&quot;form_id&quot;:793,&quot;conditions&quot;:[],&quot;settings&quot;:{&quot;animation&quot;:&quot;yes&quot;,&quot;animation_intime&quot;:200,&quot;animation_outtime&quot;:200,&quot;conditions_ui&quot;:&quot;normal&quot;,&quot;notice_dismissed&quot;:false,&quot;notice_dismissed_update-cf7-5.6.2&quot;:true,&quot;notice_dismissed_update-cf7-5.8.1&quot;:true,&quot;notice_dismissed_update-cf7-5.8.6&quot;:true,&quot;notice_dismissed_update-cf7-5.9.5&quot;:true,&quot;notice_dismissed_update-cf7-5.9.8&quot;:true}}\" \/>\n<\/fieldset>\n<div class=\"form__row form__row--checkbox\">\n\t<p><span class=\"label\">Zanima me:<\/span><span class=\"wpcf7-form-control-wrap\" data-name=\"your-type\"><span class=\"wpcf7-form-control wpcf7-radio form__radio\"><span class=\"wpcf7-list-item first\"><input type=\"radio\" name=\"your-type\" value=\"Zakup fiksnog prostora\" checked=\"checked\" \/><span class=\"wpcf7-list-item-label\">Zakup fiksnog prostora<\/span><\/span><span class=\"wpcf7-list-item last\"><input type=\"radio\" name=\"your-type\" value=\"Zakup pozicije na hodniku centra\" \/><span class=\"wpcf7-list-item-label\">Zakup pozicije na hodniku centra<\/span><\/span><\/span><\/span>\n\t<\/p>\n<\/div>\n<div class=\"form__row\">\n\t<div class=\"form__column\">\n\t\t<p><span class=\"wpcf7-form-control-wrap\" data-name=\"your-name\"><input size=\"40\" maxlength=\"400\" class=\"wpcf7-form-control wpcf7-text wpcf7-validates-as-required form__input\" aria-required=\"true\" aria-invalid=\"false\" placeholder=\"Ime*\" value=\"\" type=\"text\" name=\"your-name\" \/><\/span>\n\t\t<\/p>\n\t<\/div>\n\t<div class=\"form__column\">\n\t\t<p><span class=\"wpcf7-form-control-wrap\" data-name=\"your-surname\"><input size=\"40\" maxlength=\"400\" class=\"wpcf7-form-control wpcf7-text wpcf7-validates-as-required form__input\" aria-required=\"true\" aria-invalid=\"false\" placeholder=\"Prezime*\" value=\"\" type=\"text\" name=\"your-surname\" \/><\/span>\n\t\t<\/p>\n\t<\/div>\n<\/div>\n<div class=\"form__row\">\n\t<div class=\"form__column\">\n\t\t<p><span class=\"wpcf7-form-control-wrap\" data-name=\"your-email\"><input size=\"40\" maxlength=\"400\" class=\"wpcf7-form-control wpcf7-email wpcf7-validates-as-required wpcf7-text wpcf7-validates-as-email form__input\" aria-required=\"true\" aria-invalid=\"false\" placeholder=\"Email*\" value=\"\" type=\"email\" name=\"your-email\" \/><\/span>\n\t\t<\/p>\n\t<\/div>\n\t<div class=\"form__column\">\n\t\t<p><span class=\"wpcf7-form-control-wrap\" data-name=\"your-phone\"><input size=\"40\" maxlength=\"400\" class=\"wpcf7-form-control wpcf7-text form__input\" aria-invalid=\"false\" placeholder=\"Broj telefona\" value=\"\" type=\"text\" name=\"your-phone\" \/><\/span>\n\t\t<\/p>\n\t<\/div>\n<\/div>\n<div class=\"form__row\">\n\t<p><span class=\"wpcf7-form-control-wrap\" data-name=\"your-company\"><input size=\"40\" maxlength=\"400\" class=\"wpcf7-form-control wpcf7-text wpcf7-validates-as-required form__input\" aria-required=\"true\" aria-invalid=\"false\" placeholder=\"Tvrtka \/ Obrt*\" value=\"\" type=\"text\" name=\"your-company\" \/><\/span>\n\t<\/p>\n<\/div>\n<div class=\"form__row form__row--checkbox\">\n\t<p><span class=\"label\">Centar <\/span><span class=\"wpcf7-form-control-wrap\" data-name=\"your-centar\"><span class=\"wpcf7-form-control wpcf7-checkbox form__radio\"><span class=\"wpcf7-list-item first last\"><input type=\"checkbox\" name=\"your-centar[]\" value=\"City Center one SPLIT\" \/><span class=\"wpcf7-list-item-label\">City Center one SPLIT<\/span><\/span><\/span><\/span>\n\t<\/p>\n<\/div>\n<div class=\"form__row form__row--small-margin\">\n\t<p><span class=\"wpcf7-form-control-wrap\" data-name=\"your-message\"><textarea cols=\"40\" rows=\"10\" maxlength=\"2000\" class=\"wpcf7-form-control wpcf7-textarea form__input\" aria-invalid=\"false\" placeholder=\"Detalji va\u0161eg upita\" name=\"your-message\"><\/textarea><\/span>\n\t<\/p>\n<\/div>\n<div class=\"form__row\">\n\t<p class=\"form__text-right\">* Obavezna polja\n\t<\/p>\n<\/div>\n<div class=\"form__row\">\n\t<p><span class=\"wpcf7-form-control-wrap kc_captcha\" data-name=\"kc_captcha\"><span class=\"wpcf7-form-control wpcf7-radio\"><span class=\"captcha-image\" ><span class=\"cf7ic_instructions\">Please prove you are human by selecting the<span> star<\/span>.<\/span><label><input aria-label=\"1\" type=\"radio\" name=\"kc_captcha\" value=\"bot\" \/><svg aria-hidden=\"true\" role=\"img\" xmlns=\"http:\/\/www.w3.org\/2000\/svg\" viewBox=\"0 0 576 512\"><path fill=\"currentColor\" d=\"M488 313v143c0 13-11 24-24 24H348c-7 0-12-5-12-12V356c0-7-5-12-12-12h-72c-7 0-12 5-12 12v112c0 7-5 12-12 12H112c-13 0-24-11-24-24V313c0-4 2-7 4-10l188-154c5-4 11-4 16 0l188 154c2 3 4 6 4 10zm84-61l-84-69V44c0-6-5-12-12-12h-56c-7 0-12 6-12 12v73l-89-74a48 48 0 00-61 0L4 252c-5 4-5 12-1 17l25 31c5 5 12 5 17 1l235-193c5-4 11-4 16 0l235 193c5 5 13 4 17-1l25-31c4-6 4-13-1-17z\"\/><\/svg><\/label><label><input aria-label=\"2\" type=\"radio\" name=\"kc_captcha\" value=\"kc_human\" \/><svg aria-hidden=\"true\" role=\"img\" xmlns=\"http:\/\/www.w3.org\/2000\/svg\" viewBox=\"0 0 576 512\"><path fill=\"currentColor\" d=\"M259 18l-65 132-146 22c-26 3-37 36-18 54l106 103-25 146c-5 26 23 46 46 33l131-68 131 68c23 13 51-7 46-33l-25-146 106-103c19-18 8-51-18-54l-146-22-65-132a32 32 0 00-58 0z\"\/><\/svg><\/label><label><input aria-label=\"3\" type=\"radio\" name=\"kc_captcha\" value=\"bot\" \/><svg aria-hidden=\"true\" role=\"img\" xmlns=\"http:\/\/www.w3.org\/2000\/svg\" viewBox=\"0 0 512 512\"><path fill=\"currentColor\" d=\"M350 99c-54 0-98-35-166-35-25 0-47 4-68 12a56 56 0 004-24C118 24 95 1 66 0a56 56 0 00-34 102v386c0 13 11 24 24 24h16c13 0 24-11 24-24v-94c28-12 64-23 114-23 54 0 98 35 166 35 48 0 86-16 122-41 9-6 14-15 14-26V96c0-23-24-39-45-29-35 16-77 32-117 32z\"\/><\/svg><\/label>\r\n    <\/span>\r\n    <span style=\"display:none\">\r\n        <input type=\"text\" name=\"kc_honeypot\">\r\n    <\/span><\/span><\/span>\n\t<\/p>\n<\/div>\n<p><input class=\"wpcf7-form-control wpcf7-submit has-spinner button button--full-width\" type=\"submit\" value=\"Po\u0161alji\" \/>\n<\/p>\n<style>form[data-status=\"sent\"] .wpcf7-response-output {display: block!important;background: #fff100!important;color: #000!important;border: none!important;\n border-radius: 5px!important;} form[data-status=\"submitting\"] .ajax-loader {visibility: visible!important;} form[data-status=\"submitting\"] .wpcf7-submit {display: none!important;} form[data-status=\"resetting\"] .wpcf7-submit {display: none!important;}\n<\/style><div class=\"wpcf7-response-output\" aria-hidden=\"true\"><\/div><p style=\"display: none !important\"><span class=\"wpcf7-form-control-wrap referer-page\"><input type=\"hidden\" name=\"referer-page\" value=\"direct visit\" class=\"wpcf7-form-control wpcf7-text referer-page\" aria-invalid=\"false\"><\/span><\/p>\n<!-- Chimpmail extension by Renzo Johnson -->\n<\/form>\n<\/div>\n\n            <\/div>\n        \n    <\/div> <!-- end:form-block__column -->\n\n    \n\n<\/div>\n\t","protected":false},"excerpt":{"rendered":"","protected":false},"author":1,"featured_media":0,"parent":0,"menu_order":24,"comment_status":"closed","ping_status":"closed","template":"page-templates\/page-wide.php","meta":{"_acf_changed":false,"footnotes":""},"class_list":["post-772","page","type-page","status-publish","hentry"],"acf":[],"yoast_head":"<!-- This site is optimized with the Yoast SEO plugin v27.3 - https:\/\/yoast.com\/product\/yoast-seo-wordpress\/ -->\n<title>Zakup prostora - City Center one Split<\/title>\n<meta name=\"description\" content=\"S vi\u0161e od 450 najpoznatijih svjetskih i doma\u0107ih trgovina, City Center one shopping centri u Zagrebu i Splitu odlikuju se pomno promi\u0161ljenim miksom trgovina.\" \/>\n<meta name=\"robots\" content=\"index, follow, max-snippet:-1, max-image-preview:large, max-video-preview:-1\" \/>\n<link rel=\"canonical\" href=\"https:\/\/citycenterone.hr\/split\/zakup-prostora\/\" \/>\n<meta property=\"og:locale\" content=\"hr_HR\" \/>\n<meta property=\"og:type\" content=\"article\" \/>\n<meta property=\"og:title\" content=\"Zakup prostora - City Center one Split\" \/>\n<meta property=\"og:description\" content=\"S vi\u0161e od 450 najpoznatijih svjetskih i doma\u0107ih trgovina, City Center one shopping centri u Zagrebu i Splitu odlikuju se pomno promi\u0161ljenim miksom trgovina.\" \/>\n<meta property=\"og:url\" content=\"https:\/\/citycenterone.hr\/split\/zakup-prostora\/\" \/>\n<meta property=\"og:site_name\" content=\"Split\" \/>\n<meta property=\"article:modified_time\" content=\"2020-02-29T20:42:28+00:00\" \/>\n<meta name=\"twitter:card\" content=\"summary_large_image\" \/>\n<script type=\"application\/ld+json\" class=\"yoast-schema-graph\">{\"@context\":\"https:\\\/\\\/schema.org\",\"@graph\":[{\"@type\":\"WebPage\",\"@id\":\"https:\\\/\\\/citycenterone.hr\\\/split\\\/zakup-prostora\\\/\",\"url\":\"https:\\\/\\\/citycenterone.hr\\\/split\\\/zakup-prostora\\\/\",\"name\":\"Zakup prostora - City Center one Split\",\"isPartOf\":{\"@id\":\"https:\\\/\\\/citycenterone.hr\\\/split\\\/#website\"},\"datePublished\":\"2017-09-19T10:37:18+00:00\",\"dateModified\":\"2020-02-29T20:42:28+00:00\",\"description\":\"S vi\u0161e od 450 najpoznatijih svjetskih i doma\u0107ih trgovina, City Center one shopping centri u Zagrebu i Splitu odlikuju se pomno promi\u0161ljenim miksom trgovina.\",\"breadcrumb\":{\"@id\":\"https:\\\/\\\/citycenterone.hr\\\/split\\\/zakup-prostora\\\/#breadcrumb\"},\"inLanguage\":\"hr-HR\",\"potentialAction\":[{\"@type\":\"ReadAction\",\"target\":[\"https:\\\/\\\/citycenterone.hr\\\/split\\\/zakup-prostora\\\/\"]}]},{\"@type\":\"BreadcrumbList\",\"@id\":\"https:\\\/\\\/citycenterone.hr\\\/split\\\/zakup-prostora\\\/#breadcrumb\",\"itemListElement\":[{\"@type\":\"ListItem\",\"position\":1,\"name\":\"Home\",\"item\":\"https:\\\/\\\/citycenterone.hr\\\/split\\\/\"},{\"@type\":\"ListItem\",\"position\":2,\"name\":\"Zakup prostora\"}]},{\"@type\":\"WebSite\",\"@id\":\"https:\\\/\\\/citycenterone.hr\\\/split\\\/#website\",\"url\":\"https:\\\/\\\/citycenterone.hr\\\/split\\\/\",\"name\":\"Split\",\"description\":\"Just another City Center One site\",\"potentialAction\":[{\"@type\":\"SearchAction\",\"target\":{\"@type\":\"EntryPoint\",\"urlTemplate\":\"https:\\\/\\\/citycenterone.hr\\\/split\\\/?s={search_term_string}\"},\"query-input\":{\"@type\":\"PropertyValueSpecification\",\"valueRequired\":true,\"valueName\":\"search_term_string\"}}],\"inLanguage\":\"hr-HR\"}]}<\/script>\n<!-- \/ Yoast SEO plugin. -->","yoast_head_json":{"title":"Zakup prostora - City Center one Split","description":"S vi\u0161e od 450 najpoznatijih svjetskih i doma\u0107ih trgovina, City Center one shopping centri u Zagrebu i Splitu odlikuju se pomno promi\u0161ljenim miksom trgovina.","robots":{"index":"index","follow":"follow","max-snippet":"max-snippet:-1","max-image-preview":"max-image-preview:large","max-video-preview":"max-video-preview:-1"},"canonical":"https:\/\/citycenterone.hr\/split\/zakup-prostora\/","og_locale":"hr_HR","og_type":"article","og_title":"Zakup prostora - City Center one Split","og_description":"S vi\u0161e od 450 najpoznatijih svjetskih i doma\u0107ih trgovina, City Center one shopping centri u Zagrebu i Splitu odlikuju se pomno promi\u0161ljenim miksom trgovina.","og_url":"https:\/\/citycenterone.hr\/split\/zakup-prostora\/","og_site_name":"Split","article_modified_time":"2020-02-29T20:42:28+00:00","twitter_card":"summary_large_image","schema":{"@context":"https:\/\/schema.org","@graph":[{"@type":"WebPage","@id":"https:\/\/citycenterone.hr\/split\/zakup-prostora\/","url":"https:\/\/citycenterone.hr\/split\/zakup-prostora\/","name":"Zakup prostora - City Center one Split","isPartOf":{"@id":"https:\/\/citycenterone.hr\/split\/#website"},"datePublished":"2017-09-19T10:37:18+00:00","dateModified":"2020-02-29T20:42:28+00:00","description":"S vi\u0161e od 450 najpoznatijih svjetskih i doma\u0107ih trgovina, City Center one shopping centri u Zagrebu i Splitu odlikuju se pomno promi\u0161ljenim miksom trgovina.","breadcrumb":{"@id":"https:\/\/citycenterone.hr\/split\/zakup-prostora\/#breadcrumb"},"inLanguage":"hr-HR","potentialAction":[{"@type":"ReadAction","target":["https:\/\/citycenterone.hr\/split\/zakup-prostora\/"]}]},{"@type":"BreadcrumbList","@id":"https:\/\/citycenterone.hr\/split\/zakup-prostora\/#breadcrumb","itemListElement":[{"@type":"ListItem","position":1,"name":"Home","item":"https:\/\/citycenterone.hr\/split\/"},{"@type":"ListItem","position":2,"name":"Zakup prostora"}]},{"@type":"WebSite","@id":"https:\/\/citycenterone.hr\/split\/#website","url":"https:\/\/citycenterone.hr\/split\/","name":"Split","description":"Just another City Center One site","potentialAction":[{"@type":"SearchAction","target":{"@type":"EntryPoint","urlTemplate":"https:\/\/citycenterone.hr\/split\/?s={search_term_string}"},"query-input":{"@type":"PropertyValueSpecification","valueRequired":true,"valueName":"search_term_string"}}],"inLanguage":"hr-HR"}]}},"_links":{"self":[{"href":"https:\/\/citycenterone.hr\/split\/wp-json\/wp\/v2\/pages\/772","targetHints":{"allow":["GET"]}}],"collection":[{"href":"https:\/\/citycenterone.hr\/split\/wp-json\/wp\/v2\/pages"}],"about":[{"href":"https:\/\/citycenterone.hr\/split\/wp-json\/wp\/v2\/types\/page"}],"author":[{"embeddable":true,"href":"https:\/\/citycenterone.hr\/split\/wp-json\/wp\/v2\/users\/1"}],"replies":[{"embeddable":true,"href":"https:\/\/citycenterone.hr\/split\/wp-json\/wp\/v2\/comments?post=772"}],"version-history":[{"count":3,"href":"https:\/\/citycenterone.hr\/split\/wp-json\/wp\/v2\/pages\/772\/revisions"}],"predecessor-version":[{"id":30891,"href":"https:\/\/citycenterone.hr\/split\/wp-json\/wp\/v2\/pages\/772\/revisions\/30891"}],"wp:attachment":[{"href":"https:\/\/citycenterone.hr\/split\/wp-json\/wp\/v2\/media?parent=772"}],"curies":[{"name":"wp","href":"https:\/\/api.w.org\/{rel}","templated":true}]}}