{"id":774,"date":"2017-09-19T10:37:34","date_gmt":"2017-09-19T10:37:34","guid":{"rendered":"http:\/\/citycenterone.hr\/split\/?page_id=774"},"modified":"2024-01-12T12:41:52","modified_gmt":"2024-01-12T12:41:52","slug":"oglasavanje-i-promocije","status":"publish","type":"page","link":"https:\/\/citycenterone.hr\/split\/oglasavanje-i-promocije\/","title":{"rendered":"Ogla\u0161avanje i promocije"},"content":{"rendered":"<div class=\"text-with-image clearfix\" itemscope itemtype=\"http:\/\/schema.org\/Article\">\n\n    <div class=\"text-with-image__column js-match-height col-12\">\n\n                    <h2 class=\"text-with-image__title\">\n                Ogla\u0161avanje i promocije\n            <\/h2>\n        \n                    <div class=\"text-with-image__content\">\n                <p>Jedan centar. Tisu\u0107u mogu\u0107nosti.<\/p>\n<p>Bez obzira \u017eelite li svoj brand, proizvode ili uslugu promovirati kroz kvalitetne oglasne povr\u0161ine ili kroz ciljano odabrane promotivne aktivnosti \u2013 gotovo 7 milijuna posjetitelja godi\u0161nje u City Centeru one Split jam\u010de da ste odabrali pravu lokaciju. Odli\u010dan brand miks trgovina, uredan i \u010dist prostor te ugodna i opu\u0161tena atmosfera za kupnju rezultiraju zadovoljnim posjetiteljima koji se uvijek iznova vra\u0107aju.<\/p>\n<p><strong>Ogla\u0161avanje<\/strong><br \/>\nNeka va\u0161 brand bude vidljiv i poseban: za ogla\u0161avanje odaberite pokretne stepenice, ulazna vrata, liftove, zastavice, bannere na galerijama ili neki od brojnih drugih vidova ogla\u0161avanja. Oglasne povr\u0161ine pozicionirane su na atraktivnim i frekventnim lokacijama te zakupcima nude odli\u010dan <em>visibility<\/em> i ekskluzivnost. Zakupom istih na indirektan na\u010din sugerirate i utje\u010dete da posjetitelji u trenutku dono\u0161enja odluke o kupnji izaberu upravo va\u0161 proizvod.<\/p>\n<p><strong>Promocije<\/strong><br \/>\nPoka\u017eite tisu\u0107ama posjetitelja za\u0161to je va\u0161 proizvod ili usluga poseban, istaknite svoje prednosti u izravnom doticaju s va\u0161im kupcima te pobolj\u0161ajte poslovne rezultate promocijom u City Centeru one. Pomo\u0107i \u0107emo vam da odaberete pravi na\u010din, vrijeme i mikrolokaciju koji \u0107e maksimizirati va\u0161e poslovne napore i donijeti pri\u017eeljkivane rezultate.<\/p>\n\n            <\/div>\n        \n    <\/div>\n\n    <div class=\"text-with-image__column js-match-height col-12\">\n\n        <figure class=\"text-with-image__image\" style=\"background-image: url(https:\/\/citycenterone.hr\/split\/wp-content\/uploads\/sites\/4\/2020\/02\/IMGP8326-e1510135239845-580x732.jpg);\">\n            <meta itemprop=\"image\" content=\"https:\/\/citycenterone.hr\/split\/wp-content\/uploads\/sites\/4\/2020\/02\/IMGP8326-e1510135239845-580x732.jpg\">\n        <\/figure>\n\n    <\/div>\n\n<\/div>\n\n<script>\n\n    $(document).ready(function() {\n        var args = {\n            \"blockClass\": \"js-match-height\"\n        };\n        am2.main.loadScript('match-height', am2.templateDirectory + '\/assets\/js\/jquery.matchHeight.js', function() {\n            return am2.main.matchHeight(args);\n        });\n    });\n\n<\/script>\n\t\n\n<div class=\"form-block\">\n\n    <div class=\"form-block__column\">\n\n                    <h2 class=\"form-block__title\">\n                Ogla\u0161avanje i promocije\n            <\/h2>\n        \n                    <div class=\"form-block__subtitle\">\n                Popunite obrazac i javit \u0107emo vam se.\n            <\/div>\n        \n                    <div class=\"form-block__form form\">\n                \n<div class=\"wpcf7 no-js\" id=\"wpcf7-f791-o1\" lang=\"hr-HR\" dir=\"ltr\" data-wpcf7-id=\"791\">\n<div class=\"screen-reader-response\"><p role=\"status\" aria-live=\"polite\" aria-atomic=\"true\"><\/p> <ul><\/ul><\/div>\n<form action=\"\/split\/wp-json\/wp\/v2\/pages\/774#wpcf7-f791-o1\" method=\"post\" class=\"wpcf7-form init mailchimp-ext-0.4.51\" aria-label=\"Contact form\" novalidate=\"novalidate\" data-status=\"init\">\n<fieldset class=\"hidden-fields-container\"><input type=\"hidden\" name=\"_wpcf7\" value=\"791\" \/><input type=\"hidden\" name=\"_wpcf7_version\" value=\"6.1.2\" \/><input type=\"hidden\" name=\"_wpcf7_locale\" value=\"hr_HR\" \/><input type=\"hidden\" name=\"_wpcf7_unit_tag\" value=\"wpcf7-f791-o1\" \/><input type=\"hidden\" name=\"_wpcf7_container_post\" value=\"0\" \/><input type=\"hidden\" name=\"_wpcf7_posted_data_hash\" value=\"\" \/><input type=\"hidden\" name=\"_wpcf7cf_hidden_group_fields\" value=\"[]\" \/><input type=\"hidden\" name=\"_wpcf7cf_hidden_groups\" value=\"[]\" \/><input type=\"hidden\" name=\"_wpcf7cf_visible_groups\" value=\"[]\" \/><input type=\"hidden\" name=\"_wpcf7cf_repeaters\" value=\"[]\" \/><input type=\"hidden\" name=\"_wpcf7cf_steps\" value=\"{}\" \/><input type=\"hidden\" name=\"_wpcf7cf_options\" value=\"{&quot;form_id&quot;:791,&quot;conditions&quot;:[],&quot;settings&quot;:{&quot;animation&quot;:&quot;yes&quot;,&quot;animation_intime&quot;:200,&quot;animation_outtime&quot;:200,&quot;conditions_ui&quot;:&quot;normal&quot;,&quot;notice_dismissed&quot;:false,&quot;notice_dismissed_update-cf7-5.6.2&quot;:true,&quot;notice_dismissed_update-cf7-5.8.1&quot;:true,&quot;notice_dismissed_update-cf7-5.8.6&quot;:true,&quot;notice_dismissed_update-cf7-5.9.5&quot;:true,&quot;notice_dismissed_update-cf7-5.9.8&quot;:true}}\" \/>\n<\/fieldset>\n<div class=\"form__row\">\n\t<div class=\"form__column\">\n\t\t<p><span class=\"wpcf7-form-control-wrap\" data-name=\"your-name\"><input size=\"40\" maxlength=\"400\" class=\"wpcf7-form-control wpcf7-text wpcf7-validates-as-required form__input\" aria-required=\"true\" aria-invalid=\"false\" placeholder=\"Ime*\" value=\"\" type=\"text\" name=\"your-name\" \/><\/span>\n\t\t<\/p>\n\t<\/div>\n\t<div class=\"form__column\">\n\t\t<p><span class=\"wpcf7-form-control-wrap\" data-name=\"your-surname\"><input size=\"40\" maxlength=\"400\" class=\"wpcf7-form-control wpcf7-text wpcf7-validates-as-required form__input\" aria-required=\"true\" aria-invalid=\"false\" placeholder=\"Prezime*\" value=\"\" type=\"text\" name=\"your-surname\" \/><\/span>\n\t\t<\/p>\n\t<\/div>\n<\/div>\n<div class=\"form__row\">\n\t<div class=\"form__column\">\n\t\t<p><span class=\"wpcf7-form-control-wrap\" data-name=\"your-email\"><input size=\"40\" maxlength=\"400\" class=\"wpcf7-form-control wpcf7-email wpcf7-validates-as-required wpcf7-text wpcf7-validates-as-email form__input\" aria-required=\"true\" aria-invalid=\"false\" placeholder=\"Email*\" value=\"\" type=\"email\" name=\"your-email\" \/><\/span>\n\t\t<\/p>\n\t<\/div>\n\t<div class=\"form__column\">\n\t\t<p><span class=\"wpcf7-form-control-wrap\" data-name=\"your-phone\"><input size=\"40\" maxlength=\"400\" class=\"wpcf7-form-control wpcf7-text form__input\" aria-invalid=\"false\" placeholder=\"Broj telefona\" value=\"\" type=\"text\" name=\"your-phone\" \/><\/span>\n\t\t<\/p>\n\t<\/div>\n<\/div>\n<div class=\"form__row\">\n\t<p><span class=\"wpcf7-form-control-wrap\" data-name=\"your-company\"><input size=\"40\" maxlength=\"400\" class=\"wpcf7-form-control wpcf7-text wpcf7-validates-as-required form__input\" aria-required=\"true\" aria-invalid=\"false\" placeholder=\"Tvrtka \/ Obrt*\" value=\"\" type=\"text\" name=\"your-company\" \/><\/span>\n\t<\/p>\n<\/div>\n<div class=\"form__row form__row--checkbox\">\n\t<p><span class=\"label\">Centar <\/span><span class=\"wpcf7-form-control-wrap\" data-name=\"your-centar\"><span class=\"wpcf7-form-control wpcf7-checkbox form__radio\"><span class=\"wpcf7-list-item first last\"><input type=\"checkbox\" name=\"your-centar[]\" value=\"City Center one SPLIT\" \/><span class=\"wpcf7-list-item-label\">City Center one SPLIT<\/span><\/span><\/span><\/span>\n\t<\/p>\n<\/div>\n<div class=\"form__row form__row--small-margin\">\n\t<p><span class=\"wpcf7-form-control-wrap\" data-name=\"your-message\"><textarea cols=\"40\" rows=\"10\" maxlength=\"2000\" class=\"wpcf7-form-control wpcf7-textarea form__input\" aria-invalid=\"false\" placeholder=\"Detalji va\u0161eg upita\" name=\"your-message\"><\/textarea><\/span>\n\t<\/p>\n<\/div>\n<div class=\"form__row\">\n\t<p class=\"form__text-right\">* Obavezna polja\n\t<\/p>\n<\/div>\n<p><input class=\"wpcf7-form-control wpcf7-submit has-spinner button button--full-width\" type=\"submit\" value=\"Po\u0161alji\" \/>\n<\/p>\n<style>form[data-status=\"sent\"] .wpcf7-response-output {display: block!important;background: #fff100!important;color: #000!important;border: none!important;\n border-radius: 5px!important;} form[data-status=\"submitting\"] .ajax-loader {visibility: visible!important;} form[data-status=\"submitting\"] .wpcf7-submit {display: none!important;} form[data-status=\"resetting\"] .wpcf7-submit {display: none!important;}\n<\/style><div class=\"wpcf7-response-output\" aria-hidden=\"true\"><\/div><p style=\"display: none !important\"><span class=\"wpcf7-form-control-wrap referer-page\"><input type=\"hidden\" name=\"referer-page\" value=\"direct visit\" class=\"wpcf7-form-control wpcf7-text referer-page\" aria-invalid=\"false\"><\/span><\/p>\n<!-- Chimpmail extension by Renzo Johnson -->\n<\/form>\n<\/div>\n\n            <\/div>\n        \n    <\/div> <!-- end:form-block__column -->\n\n    \n\n<\/div>\n\t","protected":false},"excerpt":{"rendered":"","protected":false},"author":1,"featured_media":0,"parent":0,"menu_order":22,"comment_status":"closed","ping_status":"closed","template":"page-templates\/page-wide.php","meta":{"_acf_changed":false,"footnotes":""},"class_list":["post-774","page","type-page","status-publish","hentry"],"acf":[],"yoast_head":"<!-- This site is optimized with the Yoast SEO plugin v27.3 - https:\/\/yoast.com\/product\/yoast-seo-wordpress\/ -->\n<title>Ogla\u0161avanje i promocije - City Center one Split<\/title>\n<meta name=\"description\" content=\"Promovirajte svoj brand u City Centeru one Split.\" \/>\n<meta name=\"robots\" content=\"index, follow, max-snippet:-1, max-image-preview:large, max-video-preview:-1\" \/>\n<link rel=\"canonical\" href=\"https:\/\/citycenterone.hr\/split\/oglasavanje-i-promocije\/\" \/>\n<meta property=\"og:locale\" content=\"hr_HR\" \/>\n<meta property=\"og:type\" content=\"article\" \/>\n<meta property=\"og:title\" content=\"Ogla\u0161avanje i promocije - City Center one Split\" \/>\n<meta property=\"og:description\" content=\"Promovirajte svoj brand u City Centeru one Split.\" \/>\n<meta property=\"og:url\" content=\"https:\/\/citycenterone.hr\/split\/oglasavanje-i-promocije\/\" \/>\n<meta property=\"og:site_name\" content=\"Split\" \/>\n<meta property=\"article:modified_time\" content=\"2024-01-12T12:41:52+00:00\" \/>\n<meta name=\"twitter:card\" content=\"summary_large_image\" \/>\n<script type=\"application\/ld+json\" class=\"yoast-schema-graph\">{\"@context\":\"https:\\\/\\\/schema.org\",\"@graph\":[{\"@type\":\"WebPage\",\"@id\":\"https:\\\/\\\/citycenterone.hr\\\/split\\\/oglasavanje-i-promocije\\\/\",\"url\":\"https:\\\/\\\/citycenterone.hr\\\/split\\\/oglasavanje-i-promocije\\\/\",\"name\":\"Ogla\u0161avanje i promocije - City Center one Split\",\"isPartOf\":{\"@id\":\"https:\\\/\\\/citycenterone.hr\\\/split\\\/#website\"},\"datePublished\":\"2017-09-19T10:37:34+00:00\",\"dateModified\":\"2024-01-12T12:41:52+00:00\",\"description\":\"Promovirajte svoj brand u City Centeru one Split.\",\"breadcrumb\":{\"@id\":\"https:\\\/\\\/citycenterone.hr\\\/split\\\/oglasavanje-i-promocije\\\/#breadcrumb\"},\"inLanguage\":\"hr-HR\",\"potentialAction\":[{\"@type\":\"ReadAction\",\"target\":[\"https:\\\/\\\/citycenterone.hr\\\/split\\\/oglasavanje-i-promocije\\\/\"]}]},{\"@type\":\"BreadcrumbList\",\"@id\":\"https:\\\/\\\/citycenterone.hr\\\/split\\\/oglasavanje-i-promocije\\\/#breadcrumb\",\"itemListElement\":[{\"@type\":\"ListItem\",\"position\":1,\"name\":\"Home\",\"item\":\"https:\\\/\\\/citycenterone.hr\\\/split\\\/\"},{\"@type\":\"ListItem\",\"position\":2,\"name\":\"Ogla\u0161avanje i promocije\"}]},{\"@type\":\"WebSite\",\"@id\":\"https:\\\/\\\/citycenterone.hr\\\/split\\\/#website\",\"url\":\"https:\\\/\\\/citycenterone.hr\\\/split\\\/\",\"name\":\"Split\",\"description\":\"Just another City Center One site\",\"potentialAction\":[{\"@type\":\"SearchAction\",\"target\":{\"@type\":\"EntryPoint\",\"urlTemplate\":\"https:\\\/\\\/citycenterone.hr\\\/split\\\/?s={search_term_string}\"},\"query-input\":{\"@type\":\"PropertyValueSpecification\",\"valueRequired\":true,\"valueName\":\"search_term_string\"}}],\"inLanguage\":\"hr-HR\"}]}<\/script>\n<!-- \/ Yoast SEO plugin. -->","yoast_head_json":{"title":"Ogla\u0161avanje i promocije - City Center one Split","description":"Promovirajte svoj brand u City Centeru one Split.","robots":{"index":"index","follow":"follow","max-snippet":"max-snippet:-1","max-image-preview":"max-image-preview:large","max-video-preview":"max-video-preview:-1"},"canonical":"https:\/\/citycenterone.hr\/split\/oglasavanje-i-promocije\/","og_locale":"hr_HR","og_type":"article","og_title":"Ogla\u0161avanje i promocije - City Center one Split","og_description":"Promovirajte svoj brand u City Centeru one Split.","og_url":"https:\/\/citycenterone.hr\/split\/oglasavanje-i-promocije\/","og_site_name":"Split","article_modified_time":"2024-01-12T12:41:52+00:00","twitter_card":"summary_large_image","schema":{"@context":"https:\/\/schema.org","@graph":[{"@type":"WebPage","@id":"https:\/\/citycenterone.hr\/split\/oglasavanje-i-promocije\/","url":"https:\/\/citycenterone.hr\/split\/oglasavanje-i-promocije\/","name":"Ogla\u0161avanje i promocije - City Center one Split","isPartOf":{"@id":"https:\/\/citycenterone.hr\/split\/#website"},"datePublished":"2017-09-19T10:37:34+00:00","dateModified":"2024-01-12T12:41:52+00:00","description":"Promovirajte svoj brand u City Centeru one Split.","breadcrumb":{"@id":"https:\/\/citycenterone.hr\/split\/oglasavanje-i-promocije\/#breadcrumb"},"inLanguage":"hr-HR","potentialAction":[{"@type":"ReadAction","target":["https:\/\/citycenterone.hr\/split\/oglasavanje-i-promocije\/"]}]},{"@type":"BreadcrumbList","@id":"https:\/\/citycenterone.hr\/split\/oglasavanje-i-promocije\/#breadcrumb","itemListElement":[{"@type":"ListItem","position":1,"name":"Home","item":"https:\/\/citycenterone.hr\/split\/"},{"@type":"ListItem","position":2,"name":"Ogla\u0161avanje i promocije"}]},{"@type":"WebSite","@id":"https:\/\/citycenterone.hr\/split\/#website","url":"https:\/\/citycenterone.hr\/split\/","name":"Split","description":"Just another City Center One site","potentialAction":[{"@type":"SearchAction","target":{"@type":"EntryPoint","urlTemplate":"https:\/\/citycenterone.hr\/split\/?s={search_term_string}"},"query-input":{"@type":"PropertyValueSpecification","valueRequired":true,"valueName":"search_term_string"}}],"inLanguage":"hr-HR"}]}},"_links":{"self":[{"href":"https:\/\/citycenterone.hr\/split\/wp-json\/wp\/v2\/pages\/774","targetHints":{"allow":["GET"]}}],"collection":[{"href":"https:\/\/citycenterone.hr\/split\/wp-json\/wp\/v2\/pages"}],"about":[{"href":"https:\/\/citycenterone.hr\/split\/wp-json\/wp\/v2\/types\/page"}],"author":[{"embeddable":true,"href":"https:\/\/citycenterone.hr\/split\/wp-json\/wp\/v2\/users\/1"}],"replies":[{"embeddable":true,"href":"https:\/\/citycenterone.hr\/split\/wp-json\/wp\/v2\/comments?post=774"}],"version-history":[{"count":3,"href":"https:\/\/citycenterone.hr\/split\/wp-json\/wp\/v2\/pages\/774\/revisions"}],"predecessor-version":[{"id":58768,"href":"https:\/\/citycenterone.hr\/split\/wp-json\/wp\/v2\/pages\/774\/revisions\/58768"}],"wp:attachment":[{"href":"https:\/\/citycenterone.hr\/split\/wp-json\/wp\/v2\/media?parent=774"}],"curies":[{"name":"wp","href":"https:\/\/api.w.org\/{rel}","templated":true}]}}