{"id":119,"date":"2017-08-08T10:22:35","date_gmt":"2017-08-08T10:22:35","guid":{"rendered":"http:\/\/citycenterone.hr\/zagreb-east\/?page_id=119"},"modified":"2024-12-12T10:43:08","modified_gmt":"2024-12-12T10:43:08","slug":"o-nama","status":"publish","type":"page","link":"https:\/\/citycenterone.hr\/zagreb-east\/o-nama\/","title":{"rendered":"O NAMA"},"content":{"rendered":"<div class=\"working-hours js-working-hours\">  \n            <ul id=\"js-fix-nav\" class=\"working-hours__nav\">\n            <div class=\"working-hours__nav-title reached\">\n                O NAMA\n            <\/div>\n\n                            <li class=\"working-hours__nav-item\">\n                    <a href=\"#!\" class=\"working-hours__nav-item__link\">KONTAKTI<\/a>\n                <\/li>\n                            <li class=\"working-hours__nav-item\">\n                    <a href=\"#!\" class=\"working-hours__nav-item__link\">O CENTRU<\/a>\n                <\/li>\n                            <li class=\"working-hours__nav-item\">\n                    <a href=\"#!\" class=\"working-hours__nav-item__link\">DOWNLOAD LOGOTIPA<\/a>\n                <\/li>\n            \n        <\/ul>\n\n                    <div class=\"working-hours__section js-section\" itemscope itemtype=\"http:\/\/schema.org\/CreativeWork\">\n\n                <figure class=\"working-hours__section-figure\" itemscope=\"\" itemtype=\"http:\/\/schema.org\/ImageObject\">\n                    <div class=\"working-hours__section-image\" style=\"background-image: url( https:\/\/citycenterone.hr\/zagreb-east\/wp-content\/uploads\/sites\/3\/2020\/03\/haute-chocolate-styled-stock-photography-healthy-boss-lady-final-7-e1507815725823-732x732.jpg ); background-position: 50% 50% \"><\/div>\n                    <meta itemprop=\"image\" content=\"https:\/\/citycenterone.hr\/zagreb-east\/wp-content\/uploads\/sites\/3\/2020\/03\/haute-chocolate-styled-stock-photography-healthy-boss-lady-final-7-e1507815725823-732x732.jpg\">\n                <\/figure>\n\n                <div class=\"working-hours__section-info\">\n                    <h2 class=\"working-hours__section-title\">KONTAKTI<\/h2>\n                    <div class=\"working-hours__section-content\"><p><strong>Mjesto za informacije<br \/>\n<\/strong><strong>City Center one East<br \/>\n<\/strong>Slavonska av. 11d, 10000 Zagreb<br \/>\nT.\u00a0+ 385 1 555 6969<br \/>\nE.\u00a0<a href=\"mailto:info-east@citycenterone.com\" target=\"_blank\" rel=\"noopener\">info-east@citycenterone.com<\/a><\/p>\n<p>&nbsp;<\/p>\n<p><b>Matea Ba\u010dko<\/b><br \/>\n<strong>Tajnica Uprave<\/strong><br \/>\nCC REAL d.o.o.<br \/>\n10000 Zagreb, Slavonska av. 11d<br \/>\nT.\u00a0+ 385 1 555 6960<br \/>\nF. + 385 1 555 6970<br \/>\nE. <a href=\"mailto:m.backo@cc-real.com\" target=\"_blank\" rel=\"noopener\">m.backo@cc-real.com<\/a><\/p>\n<\/div>\n                <\/div>\n            <\/div>\n                    <div class=\"working-hours__section js-section\" itemscope itemtype=\"http:\/\/schema.org\/CreativeWork\">\n\n                <figure class=\"working-hours__section-figure\" itemscope=\"\" itemtype=\"http:\/\/schema.org\/ImageObject\">\n                    <div class=\"working-hours__section-image\" style=\"background-image: url( https:\/\/citycenterone.hr\/zagreb-east\/wp-content\/uploads\/sites\/3\/2024\/12\/City_EAST_Interijer_FINAL_03-732x732.jpg ); background-position: 50% 50% \"><\/div>\n                    <meta itemprop=\"image\" content=\"https:\/\/citycenterone.hr\/zagreb-east\/wp-content\/uploads\/sites\/3\/2024\/12\/City_EAST_Interijer_FINAL_03-732x732.jpg\">\n                <\/figure>\n\n                <div class=\"working-hours__section-info\">\n                    <h2 class=\"working-hours__section-title\">O CENTRU<\/h2>\n                    <div class=\"working-hours__section-content\"><p>City Center one Zagreb East, tre\u0107i po redu u Hrvatskoj pod brandom City Center one, otvoren je u prolje\u0107e 2012. godine. Njegovim je otvorenjem zagreba\u010dki \u017ditnjak dobio posve novo lice, a isto\u010dni dio grada svoje odredi\u0161te za shopping i zabavu.<\/p>\n<p>Posjetitelji mogu u\u017eivati u vi\u0161e od 140 trgovina koje nude poznate svjetske brendove, kao \u0161to su Mango, H&amp;M, Zara, Peek&amp;Cloppenburg, C&amp;A i brojni drugi. Odli\u010dna zabava o\u010dekuje sve koji posjete Cineplexx, moderno digitalno kino sa sedam dvorana, a tu su i Admiral City Zagreb, brojni kafi\u0107i i restorani. Najmla\u0111i \u0107e u\u017eivati u igri i zabavi u besplatnoj Kid&#8217;s Jungle igraonici te \u0107e se ku\u0107i vratiti s najljep\u0161im uspomenama. Stoga ni ne \u010dudi \u0161to je ve\u0107 godinu za godinom City Center one ponosni vlasnik brojnih nagrada za omjer cijene i kvalitete.<\/p>\n<\/div>\n                <\/div>\n            <\/div>\n                    <div class=\"working-hours__section js-section\" itemscope itemtype=\"http:\/\/schema.org\/CreativeWork\">\n\n                <figure class=\"working-hours__section-figure\" itemscope=\"\" itemtype=\"http:\/\/schema.org\/ImageObject\">\n                    <div class=\"working-hours__section-image\" style=\"background-image: url( https:\/\/citycenterone.hr\/zagreb-east\/wp-content\/uploads\/sites\/3\/2017\/11\/Press-City-Center-one-e1509595639456-732x732.jpg ); background-position: 50% 50% \"><\/div>\n                    <meta itemprop=\"image\" content=\"https:\/\/citycenterone.hr\/zagreb-east\/wp-content\/uploads\/sites\/3\/2017\/11\/Press-City-Center-one-e1509595639456-732x732.jpg\">\n                <\/figure>\n\n                <div class=\"working-hours__section-info\">\n                    <h2 class=\"working-hours__section-title\">DOWNLOAD LOGOTIPA<\/h2>\n                    <div class=\"working-hours__section-content\"><p>Logo je dostupan u nekoliko varijanti formata datoteke<\/p>\n<p><a href=\"https:\/\/citycenterone.hr\/logo\/citycenterone_logo_new.ai\" target=\"_blank\" rel=\"noopener\">Adobe Illustrator<\/a> (138 KB)<br \/>\n<a href=\"https:\/\/citycenterone.hr\/logo\/citycenterone_logo_new_.eps\" target=\"_blank\" rel=\"noopener\">EPS vector<\/a> (212 KB)<br \/>\n<a href=\"https:\/\/citycenterone.hr\/logo\/citycenterone_logo_new_overlay.gif\" target=\"_blank\" rel=\"noopener\">GIF 75\u00d767<\/a> (3 KB)<br \/>\n<a href=\"https:\/\/citycenterone.hr\/logo\/citycenterone_logo_new-small.jpg\" target=\"_blank\" rel=\"noopener\">JPEG 539\u00d7480<\/a> (60 KB)<\/p>\n<\/div>\n                <\/div>\n            <\/div>\n            \n<\/div>\n\n<script>\n    $( document ).ready( function() {\n        var args = {\n            \"navId\": \"js-fix-nav\",\n            \"blockClass\": \"js-working-hours\",\n            \"sectionClass\" : \"js-section\",\n        };\n        am2.main.fixedNavigation( args );\n\n        var argsWm = {\n            \"blockId\": \"js-fix-nav\",\n            \"sectionClass\" : \"js-section\",\n        };\n        am2.main.workingHoursMenu( argsWm );\n    });\n<\/script>\n\t","protected":false},"excerpt":{"rendered":"","protected":false},"author":1,"featured_media":0,"parent":0,"menu_order":18,"comment_status":"closed","ping_status":"closed","template":"page-templates\/page-wide.php","meta":{"_acf_changed":false,"footnotes":""},"class_list":["post-119","page","type-page","status-publish","hentry"],"acf":[],"yoast_head":"<!-- This site is optimized with the Yoast SEO plugin v27.4 - https:\/\/yoast.com\/product\/yoast-seo-wordpress\/ -->\n<title>O nama - City Center one East<\/title>\n<meta name=\"description\" content=\"Trgova\u010dki centar City Center one Zagreb East, tre\u0107i po redu u Hrvatskoj pod brandom City Center one, otvoren je u prolje\u0107e 2012. godine.\" \/>\n<meta name=\"robots\" content=\"index, follow, max-snippet:-1, max-image-preview:large, max-video-preview:-1\" \/>\n<link rel=\"canonical\" href=\"https:\/\/citycenterone.hr\/zagreb-east\/o-nama\/\" \/>\n<meta property=\"og:locale\" content=\"hr_HR\" \/>\n<meta property=\"og:type\" content=\"article\" \/>\n<meta property=\"og:title\" content=\"O nama - City Center one East\" \/>\n<meta property=\"og:description\" content=\"Trgova\u010dki centar City Center one Zagreb East, tre\u0107i po redu u Hrvatskoj pod brandom City Center one, otvoren je u prolje\u0107e 2012. godine.\" \/>\n<meta property=\"og:url\" content=\"https:\/\/citycenterone.hr\/zagreb-east\/o-nama\/\" \/>\n<meta property=\"og:site_name\" content=\"Zagreb East\" \/>\n<meta property=\"article:modified_time\" content=\"2024-12-12T10:43:08+00:00\" \/>\n<meta name=\"twitter:card\" content=\"summary_large_image\" \/>\n<script type=\"application\/ld+json\" class=\"yoast-schema-graph\">{\"@context\":\"https:\\\/\\\/schema.org\",\"@graph\":[{\"@type\":\"WebPage\",\"@id\":\"https:\\\/\\\/citycenterone.hr\\\/zagreb-east\\\/o-nama\\\/\",\"url\":\"https:\\\/\\\/citycenterone.hr\\\/zagreb-east\\\/o-nama\\\/\",\"name\":\"O nama - City Center one East\",\"isPartOf\":{\"@id\":\"https:\\\/\\\/citycenterone.hr\\\/zagreb-east\\\/#website\"},\"datePublished\":\"2017-08-08T10:22:35+00:00\",\"dateModified\":\"2024-12-12T10:43:08+00:00\",\"description\":\"Trgova\u010dki centar City Center one Zagreb East, tre\u0107i po redu u Hrvatskoj pod brandom City Center one, otvoren je u prolje\u0107e 2012. godine.\",\"breadcrumb\":{\"@id\":\"https:\\\/\\\/citycenterone.hr\\\/zagreb-east\\\/o-nama\\\/#breadcrumb\"},\"inLanguage\":\"hr-HR\",\"potentialAction\":[{\"@type\":\"ReadAction\",\"target\":[\"https:\\\/\\\/citycenterone.hr\\\/zagreb-east\\\/o-nama\\\/\"]}]},{\"@type\":\"BreadcrumbList\",\"@id\":\"https:\\\/\\\/citycenterone.hr\\\/zagreb-east\\\/o-nama\\\/#breadcrumb\",\"itemListElement\":[{\"@type\":\"ListItem\",\"position\":1,\"name\":\"Home\",\"item\":\"https:\\\/\\\/citycenterone.hr\\\/zagreb-east\\\/\"},{\"@type\":\"ListItem\",\"position\":2,\"name\":\"O NAMA\"}]},{\"@type\":\"WebSite\",\"@id\":\"https:\\\/\\\/citycenterone.hr\\\/zagreb-east\\\/#website\",\"url\":\"https:\\\/\\\/citycenterone.hr\\\/zagreb-east\\\/\",\"name\":\"Zagreb East\",\"description\":\"Just another City Centar One site\",\"potentialAction\":[{\"@type\":\"SearchAction\",\"target\":{\"@type\":\"EntryPoint\",\"urlTemplate\":\"https:\\\/\\\/citycenterone.hr\\\/zagreb-east\\\/?s={search_term_string}\"},\"query-input\":{\"@type\":\"PropertyValueSpecification\",\"valueRequired\":true,\"valueName\":\"search_term_string\"}}],\"inLanguage\":\"hr-HR\"}]}<\/script>\n<!-- \/ Yoast SEO plugin. -->","yoast_head_json":{"title":"O nama - City Center one East","description":"Trgova\u010dki centar City Center one Zagreb East, tre\u0107i po redu u Hrvatskoj pod brandom City Center one, otvoren je u prolje\u0107e 2012. godine.","robots":{"index":"index","follow":"follow","max-snippet":"max-snippet:-1","max-image-preview":"max-image-preview:large","max-video-preview":"max-video-preview:-1"},"canonical":"https:\/\/citycenterone.hr\/zagreb-east\/o-nama\/","og_locale":"hr_HR","og_type":"article","og_title":"O nama - City Center one East","og_description":"Trgova\u010dki centar City Center one Zagreb East, tre\u0107i po redu u Hrvatskoj pod brandom City Center one, otvoren je u prolje\u0107e 2012. godine.","og_url":"https:\/\/citycenterone.hr\/zagreb-east\/o-nama\/","og_site_name":"Zagreb East","article_modified_time":"2024-12-12T10:43:08+00:00","twitter_card":"summary_large_image","schema":{"@context":"https:\/\/schema.org","@graph":[{"@type":"WebPage","@id":"https:\/\/citycenterone.hr\/zagreb-east\/o-nama\/","url":"https:\/\/citycenterone.hr\/zagreb-east\/o-nama\/","name":"O nama - City Center one East","isPartOf":{"@id":"https:\/\/citycenterone.hr\/zagreb-east\/#website"},"datePublished":"2017-08-08T10:22:35+00:00","dateModified":"2024-12-12T10:43:08+00:00","description":"Trgova\u010dki centar City Center one Zagreb East, tre\u0107i po redu u Hrvatskoj pod brandom City Center one, otvoren je u prolje\u0107e 2012. godine.","breadcrumb":{"@id":"https:\/\/citycenterone.hr\/zagreb-east\/o-nama\/#breadcrumb"},"inLanguage":"hr-HR","potentialAction":[{"@type":"ReadAction","target":["https:\/\/citycenterone.hr\/zagreb-east\/o-nama\/"]}]},{"@type":"BreadcrumbList","@id":"https:\/\/citycenterone.hr\/zagreb-east\/o-nama\/#breadcrumb","itemListElement":[{"@type":"ListItem","position":1,"name":"Home","item":"https:\/\/citycenterone.hr\/zagreb-east\/"},{"@type":"ListItem","position":2,"name":"O NAMA"}]},{"@type":"WebSite","@id":"https:\/\/citycenterone.hr\/zagreb-east\/#website","url":"https:\/\/citycenterone.hr\/zagreb-east\/","name":"Zagreb East","description":"Just another City Centar One site","potentialAction":[{"@type":"SearchAction","target":{"@type":"EntryPoint","urlTemplate":"https:\/\/citycenterone.hr\/zagreb-east\/?s={search_term_string}"},"query-input":{"@type":"PropertyValueSpecification","valueRequired":true,"valueName":"search_term_string"}}],"inLanguage":"hr-HR"}]}},"_links":{"self":[{"href":"https:\/\/citycenterone.hr\/zagreb-east\/wp-json\/wp\/v2\/pages\/119","targetHints":{"allow":["GET"]}}],"collection":[{"href":"https:\/\/citycenterone.hr\/zagreb-east\/wp-json\/wp\/v2\/pages"}],"about":[{"href":"https:\/\/citycenterone.hr\/zagreb-east\/wp-json\/wp\/v2\/types\/page"}],"author":[{"embeddable":true,"href":"https:\/\/citycenterone.hr\/zagreb-east\/wp-json\/wp\/v2\/users\/1"}],"replies":[{"embeddable":true,"href":"https:\/\/citycenterone.hr\/zagreb-east\/wp-json\/wp\/v2\/comments?post=119"}],"version-history":[{"count":3,"href":"https:\/\/citycenterone.hr\/zagreb-east\/wp-json\/wp\/v2\/pages\/119\/revisions"}],"predecessor-version":[{"id":62063,"href":"https:\/\/citycenterone.hr\/zagreb-east\/wp-json\/wp\/v2\/pages\/119\/revisions\/62063"}],"wp:attachment":[{"href":"https:\/\/citycenterone.hr\/zagreb-east\/wp-json\/wp\/v2\/media?parent=119"}],"curies":[{"name":"wp","href":"https:\/\/api.w.org\/{rel}","templated":true}]}}