{"id":3168,"date":"2017-08-08T10:22:35","date_gmt":"2017-08-08T10:22:35","guid":{"rendered":"http:\/\/citycenterone.hr\/zagreb-east\/o-nama\/"},"modified":"2024-12-12T10:43:44","modified_gmt":"2024-12-12T10:43:44","slug":"about-us","status":"publish","type":"page","link":"https:\/\/citycenterone.hr\/zagreb-east\/en\/about-us\/","title":{"rendered":"About Us"},"content":{"rendered":"<div class=\"working-hours js-working-hours\">  \n            <ul id=\"js-fix-nav\" class=\"working-hours__nav\">\n            <div class=\"working-hours__nav-title reached\">\n                About Us\n            <\/div>\n\n                            <li class=\"working-hours__nav-item\">\n                    <a href=\"#!\" class=\"working-hours__nav-item__link\">CONTACTS<\/a>\n                <\/li>\n                            <li class=\"working-hours__nav-item\">\n                    <a href=\"#!\" class=\"working-hours__nav-item__link\">ABOUT THE CENTER<\/a>\n                <\/li>\n                            <li class=\"working-hours__nav-item\">\n                    <a href=\"#!\" class=\"working-hours__nav-item__link\">DOWNLOAD LOGO<\/a>\n                <\/li>\n            \n        <\/ul>\n\n                    <div class=\"working-hours__section js-section\" itemscope itemtype=\"http:\/\/schema.org\/CreativeWork\">\n\n                <figure class=\"working-hours__section-figure\" itemscope=\"\" itemtype=\"http:\/\/schema.org\/ImageObject\">\n                    <div class=\"working-hours__section-image\" style=\"background-image: url( https:\/\/citycenterone.hr\/zagreb-east\/wp-content\/uploads\/sites\/3\/2017\/08\/Kontkati-732x732.jpg ); background-position: 43.85% 46.63% \"><\/div>\n                    <meta itemprop=\"image\" content=\"https:\/\/citycenterone.hr\/zagreb-east\/wp-content\/uploads\/sites\/3\/2017\/08\/Kontkati-732x732.jpg\">\n                <\/figure>\n\n                <div class=\"working-hours__section-info\">\n                    <h2 class=\"working-hours__section-title\">CONTACTS<\/h2>\n                    <div class=\"working-hours__section-content\"><p><strong>Information point<br \/>\n<\/strong><strong>City Center one East<br \/>\n<\/strong>Slavonska av. 11d, 10000 Zagreb<br \/>\nT. + 385 1 555 6969<br \/>\nE. <a href=\"mailto:info-east@citycenterone.com\" target=\"_blank\" rel=\"noopener\">info-east@citycenterone.com<\/a><\/p>\n<p>&nbsp;<\/p>\n<p><b>Matea Ba\u010dko<\/b><br \/>\n<strong>Office Manager \u2013 City Center one East<\/strong><br \/>\nCC REAL d.o.o.<br \/>\n10000 Zagreb, Slavonska av. 11d<br \/>\nT. + 385 1 555 6960<br \/>\nF. + 385 1 555 6970<br \/>\nE. <a href=\"mailto:m.backo@cc-real.com\" target=\"_blank\" rel=\"noopener\">m.backo@cc-real.com\u00a0<\/a><\/p>\n<\/div>\n                <\/div>\n            <\/div>\n                    <div class=\"working-hours__section js-section\" itemscope itemtype=\"http:\/\/schema.org\/CreativeWork\">\n\n                <figure class=\"working-hours__section-figure\" itemscope=\"\" itemtype=\"http:\/\/schema.org\/ImageObject\">\n                    <div class=\"working-hours__section-image\" style=\"background-image: url( https:\/\/citycenterone.hr\/zagreb-east\/wp-content\/uploads\/sites\/3\/2024\/12\/City_EAST_Interijer_FINAL_03-732x732.jpg ); background-position: 50% 50% \"><\/div>\n                    <meta itemprop=\"image\" content=\"https:\/\/citycenterone.hr\/zagreb-east\/wp-content\/uploads\/sites\/3\/2024\/12\/City_EAST_Interijer_FINAL_03-732x732.jpg\">\n                <\/figure>\n\n                <div class=\"working-hours__section-info\">\n                    <h2 class=\"working-hours__section-title\">ABOUT THE CENTER<\/h2>\n                    <div class=\"working-hours__section-content\"><p class=\"lead\">City Center one Zagreb East, the third shopping mall in Croatia within the City Center one brand, was opened in spring 2012. The opening of<strong> City Center one Zagreb East<\/strong> gave a new character to the Zagreb district \u017ditnjak. Entire eastern part of the city, with its suburbs and nearby towns, was given a destination for shopping and fun. A great advantage of this location is the fact that City Center one Zagreb East is the only large shopping mall in the eastern part of Zagreb. The area gravitating towards the Center has more than 270,000 inhabitants, with addition to the nearby towns such as Dugo Selo, Ivanic-Grad, Bjelovar, Vrbovec, Sv. Ivan Zelina, Kutina, Vara\u017edin and others. City Center one Zagreb East has more than 6 million visitors each year.<\/p>\n<section class=\"single article right\">\n<div class=\"container\">\n<article><span lang=\"EN-GB\"> <\/span><span lang=\"EN-GB\">The Center has a gross area of 130,000 square meters. The retail premises on three floors take up 50,000 square meters. The visitors can use 2,400 free parking spaces. All the premises of the Center are disabled friendly and children friendly. The garages have three direct road accesses, and several city bus lines stop at the Center. Customer surveys show what is appreciated the most at City Center one Zagreb East: brand mix and the offer; pleasant and clean premises; entertainment and frequent events in the Center. For several years, City Center one shopping malls have been chosen by the customers as the best ones. Also, customers have recognized Centers as the best in terms of price to quality ratio (Best Buy Award, Quality Medal, Superbrands, Customer&#8217;s Friend, nominated for Retail Project of the Year \u2013 Europa Property CEE Retail Real Estate Awards Gala &amp; Retail Forum 2012, nominated for Building Awards \u2013 CEE Real Estate Quality Awards CEEQA 2013).<\/span> <\/article>\n<\/div>\n<\/section>\n<\/div>\n                <\/div>\n            <\/div>\n                    <div class=\"working-hours__section js-section\" itemscope itemtype=\"http:\/\/schema.org\/CreativeWork\">\n\n                <figure class=\"working-hours__section-figure\" itemscope=\"\" itemtype=\"http:\/\/schema.org\/ImageObject\">\n                    <div class=\"working-hours__section-image\" style=\"background-image: url( https:\/\/citycenterone.hr\/zagreb-east\/wp-content\/uploads\/sites\/3\/2017\/08\/Press-City-Center-one-1-732x732.jpg ); background-position: 50% 50% \"><\/div>\n                    <meta itemprop=\"image\" content=\"https:\/\/citycenterone.hr\/zagreb-east\/wp-content\/uploads\/sites\/3\/2017\/08\/Press-City-Center-one-1-732x732.jpg\">\n                <\/figure>\n\n                <div class=\"working-hours__section-info\">\n                    <h2 class=\"working-hours__section-title\">DOWNLOAD LOGO<\/h2>\n                    <div class=\"working-hours__section-content\"><p>City Center one logo is available in several file formats<\/p>\n<p><a href=\"https:\/\/citycenterone.hr\/logo\/citycenterone_logo_new.ai\" target=\"_blank\" rel=\"noopener\">Adobe Illustrator<\/a> (138 KB)<br \/>\n<a href=\"https:\/\/citycenterone.hr\/logo\/citycenterone_logo_new_.eps\" target=\"_blank\" rel=\"noopener\">EPS vector<\/a> (212 KB)<br \/>\n<a href=\"https:\/\/citycenterone.hr\/logo\/citycenterone_logo_new_overlay.gif\" target=\"_blank\" rel=\"noopener\">GIF 75\u00d767<\/a> (3 KB)<br \/>\n<a href=\"https:\/\/citycenterone.hr\/logo\/citycenterone_logo_new-small.jpg\" target=\"_blank\" rel=\"noopener\">JPEG 539\u00d7480<\/a> (60 KB)<\/p>\n<\/div>\n                <\/div>\n            <\/div>\n            \n<\/div>\n\n<script>\n    $( document ).ready( function() {\n        var args = {\n            \"navId\": \"js-fix-nav\",\n            \"blockClass\": \"js-working-hours\",\n            \"sectionClass\" : \"js-section\",\n        };\n        am2.main.fixedNavigation( args );\n\n        var argsWm = {\n            \"blockId\": \"js-fix-nav\",\n            \"sectionClass\" : \"js-section\",\n        };\n        am2.main.workingHoursMenu( argsWm );\n    });\n<\/script>\n\t<div class=\"flexible-block\"><div class=\"working-hours js-working-hours\">  \n    \n<\/div>\n\n<script>\n    $( document ).ready( function() {\n        var args = {\n            \"navId\": \"js-fix-nav\",\n            \"blockClass\": \"js-working-hours\",\n            \"sectionClass\" : \"js-section\",\n        };\n        am2.main.fixedNavigation( args );\n\n        var argsWm = {\n            \"blockId\": \"js-fix-nav\",\n            \"sectionClass\" : \"js-section\",\n        };\n        am2.main.workingHoursMenu( argsWm );\n    });\n<\/script>\n<\/div>","protected":false},"excerpt":{"rendered":"","protected":false},"author":1,"featured_media":0,"parent":0,"menu_order":18,"comment_status":"closed","ping_status":"closed","template":"page-templates\/page-wide.php","meta":{"_acf_changed":false,"footnotes":""},"class_list":["post-3168","page","type-page","status-publish","hentry"],"acf":[],"yoast_head":"<!-- This site is optimized with the Yoast SEO plugin v27.4 - https:\/\/yoast.com\/product\/yoast-seo-wordpress\/ -->\n<title>About us - City Center one Zagreb East<\/title>\n<meta name=\"description\" content=\"Trgova\u010dki centar City Center one Zagreb East, tre\u0107i po redu u Hrvatskoj pod brandom City Center one, otvoren je u prolje\u0107e 2012. godine.\" \/>\n<meta name=\"robots\" content=\"index, follow, max-snippet:-1, max-image-preview:large, max-video-preview:-1\" \/>\n<link rel=\"canonical\" href=\"https:\/\/citycenterone.hr\/zagreb-east\/about-us\/\" \/>\n<meta property=\"og:locale\" content=\"hr_HR\" \/>\n<meta property=\"og:type\" content=\"article\" \/>\n<meta property=\"og:title\" content=\"About us - City Center one Zagreb East\" \/>\n<meta property=\"og:description\" content=\"Trgova\u010dki centar City Center one Zagreb East, tre\u0107i po redu u Hrvatskoj pod brandom City Center one, otvoren je u prolje\u0107e 2012. godine.\" \/>\n<meta property=\"og:url\" content=\"https:\/\/citycenterone.hr\/zagreb-east\/en\/about-us\/\" \/>\n<meta property=\"og:site_name\" content=\"Zagreb East\" \/>\n<meta property=\"article:modified_time\" content=\"2024-12-12T10:43:44+00:00\" \/>\n<meta name=\"twitter:card\" content=\"summary_large_image\" \/>\n<script type=\"application\/ld+json\" class=\"yoast-schema-graph\">{\"@context\":\"https:\\\/\\\/schema.org\",\"@graph\":[{\"@type\":\"WebPage\",\"@id\":\"https:\\\/\\\/citycenterone.hr\\\/zagreb-east\\\/en\\\/about-us\\\/\",\"url\":\"https:\\\/\\\/citycenterone.hr\\\/zagreb-east\\\/en\\\/about-us\\\/\",\"name\":\"About us - City Center one Zagreb East\",\"isPartOf\":{\"@id\":\"https:\\\/\\\/citycenterone.hr\\\/zagreb-east\\\/#website\"},\"datePublished\":\"2017-08-08T10:22:35+00:00\",\"dateModified\":\"2024-12-12T10:43:44+00:00\",\"description\":\"Trgova\u010dki centar City Center one Zagreb East, tre\u0107i po redu u Hrvatskoj pod brandom City Center one, otvoren je u prolje\u0107e 2012. godine.\",\"breadcrumb\":{\"@id\":\"https:\\\/\\\/citycenterone.hr\\\/zagreb-east\\\/en\\\/about-us\\\/#breadcrumb\"},\"inLanguage\":\"hr-HR\",\"potentialAction\":[{\"@type\":\"ReadAction\",\"target\":[\"https:\\\/\\\/citycenterone.hr\\\/zagreb-east\\\/en\\\/about-us\\\/\"]}]},{\"@type\":\"BreadcrumbList\",\"@id\":\"https:\\\/\\\/citycenterone.hr\\\/zagreb-east\\\/en\\\/about-us\\\/#breadcrumb\",\"itemListElement\":[{\"@type\":\"ListItem\",\"position\":1,\"name\":\"Home\",\"item\":\"https:\\\/\\\/citycenterone.hr\\\/zagreb-east\\\/\"},{\"@type\":\"ListItem\",\"position\":2,\"name\":\"About Us\"}]},{\"@type\":\"WebSite\",\"@id\":\"https:\\\/\\\/citycenterone.hr\\\/zagreb-east\\\/#website\",\"url\":\"https:\\\/\\\/citycenterone.hr\\\/zagreb-east\\\/\",\"name\":\"Zagreb East\",\"description\":\"Just another City Centar One site\",\"potentialAction\":[{\"@type\":\"SearchAction\",\"target\":{\"@type\":\"EntryPoint\",\"urlTemplate\":\"https:\\\/\\\/citycenterone.hr\\\/zagreb-east\\\/?s={search_term_string}\"},\"query-input\":{\"@type\":\"PropertyValueSpecification\",\"valueRequired\":true,\"valueName\":\"search_term_string\"}}],\"inLanguage\":\"hr-HR\"}]}<\/script>\n<!-- \/ Yoast SEO plugin. -->","yoast_head_json":{"title":"About us - City Center one Zagreb East","description":"Trgova\u010dki centar City Center one Zagreb East, tre\u0107i po redu u Hrvatskoj pod brandom City Center one, otvoren je u prolje\u0107e 2012. godine.","robots":{"index":"index","follow":"follow","max-snippet":"max-snippet:-1","max-image-preview":"max-image-preview:large","max-video-preview":"max-video-preview:-1"},"canonical":"https:\/\/citycenterone.hr\/zagreb-east\/about-us\/","og_locale":"hr_HR","og_type":"article","og_title":"About us - City Center one Zagreb East","og_description":"Trgova\u010dki centar City Center one Zagreb East, tre\u0107i po redu u Hrvatskoj pod brandom City Center one, otvoren je u prolje\u0107e 2012. godine.","og_url":"https:\/\/citycenterone.hr\/zagreb-east\/en\/about-us\/","og_site_name":"Zagreb East","article_modified_time":"2024-12-12T10:43:44+00:00","twitter_card":"summary_large_image","schema":{"@context":"https:\/\/schema.org","@graph":[{"@type":"WebPage","@id":"https:\/\/citycenterone.hr\/zagreb-east\/en\/about-us\/","url":"https:\/\/citycenterone.hr\/zagreb-east\/en\/about-us\/","name":"About us - City Center one Zagreb East","isPartOf":{"@id":"https:\/\/citycenterone.hr\/zagreb-east\/#website"},"datePublished":"2017-08-08T10:22:35+00:00","dateModified":"2024-12-12T10:43:44+00:00","description":"Trgova\u010dki centar City Center one Zagreb East, tre\u0107i po redu u Hrvatskoj pod brandom City Center one, otvoren je u prolje\u0107e 2012. godine.","breadcrumb":{"@id":"https:\/\/citycenterone.hr\/zagreb-east\/en\/about-us\/#breadcrumb"},"inLanguage":"hr-HR","potentialAction":[{"@type":"ReadAction","target":["https:\/\/citycenterone.hr\/zagreb-east\/en\/about-us\/"]}]},{"@type":"BreadcrumbList","@id":"https:\/\/citycenterone.hr\/zagreb-east\/en\/about-us\/#breadcrumb","itemListElement":[{"@type":"ListItem","position":1,"name":"Home","item":"https:\/\/citycenterone.hr\/zagreb-east\/"},{"@type":"ListItem","position":2,"name":"About Us"}]},{"@type":"WebSite","@id":"https:\/\/citycenterone.hr\/zagreb-east\/#website","url":"https:\/\/citycenterone.hr\/zagreb-east\/","name":"Zagreb East","description":"Just another City Centar One site","potentialAction":[{"@type":"SearchAction","target":{"@type":"EntryPoint","urlTemplate":"https:\/\/citycenterone.hr\/zagreb-east\/?s={search_term_string}"},"query-input":{"@type":"PropertyValueSpecification","valueRequired":true,"valueName":"search_term_string"}}],"inLanguage":"hr-HR"}]}},"_links":{"self":[{"href":"https:\/\/citycenterone.hr\/zagreb-east\/wp-json\/wp\/v2\/pages\/3168","targetHints":{"allow":["GET"]}}],"collection":[{"href":"https:\/\/citycenterone.hr\/zagreb-east\/wp-json\/wp\/v2\/pages"}],"about":[{"href":"https:\/\/citycenterone.hr\/zagreb-east\/wp-json\/wp\/v2\/types\/page"}],"author":[{"embeddable":true,"href":"https:\/\/citycenterone.hr\/zagreb-east\/wp-json\/wp\/v2\/users\/1"}],"replies":[{"embeddable":true,"href":"https:\/\/citycenterone.hr\/zagreb-east\/wp-json\/wp\/v2\/comments?post=3168"}],"version-history":[{"count":3,"href":"https:\/\/citycenterone.hr\/zagreb-east\/wp-json\/wp\/v2\/pages\/3168\/revisions"}],"predecessor-version":[{"id":62065,"href":"https:\/\/citycenterone.hr\/zagreb-east\/wp-json\/wp\/v2\/pages\/3168\/revisions\/62065"}],"wp:attachment":[{"href":"https:\/\/citycenterone.hr\/zagreb-east\/wp-json\/wp\/v2\/media?parent=3168"}],"curies":[{"name":"wp","href":"https:\/\/api.w.org\/{rel}","templated":true}]}}