{"id":3170,"date":"2017-08-07T15:19:08","date_gmt":"2017-08-07T15:19:08","guid":{"rendered":"http:\/\/citycenterone.hr\/zagreb-east\/kako-do-nas\/"},"modified":"2020-03-03T10:51:39","modified_gmt":"2020-03-03T10:51:39","slug":"getting-here","status":"publish","type":"page","link":"https:\/\/citycenterone.hr\/zagreb-east\/en\/getting-here\/","title":{"rendered":"Getting here"},"content":{"rendered":"<div class=\"contact clearfix\">\n\n    <div class=\"contact__column col-12\">\n\n                    <h2 class=\"contact__title\">\n                Getting here\n            <\/h2>\n        \n                    <div class=\"contact__content\">\n                <p>City Center one East is located in the eastern part of Zagreb, in the \u017ditnjak commercial zone, on Zagreb&#8217;s busiest road, Slavonska avenija.<\/p>\n<p>Only a few minutes away from the eastern entrance to the city, the Centre is well connected with all the surrounding towns and about 15-minute drive from the very center of Zagreb. The centre is accessible from all parts of the city by car or public transport.<\/p>\n<p>Bus lines no. 107, 214, 215, 216, 222, 225, 276, 281 i 282 will take you to the Centre.<\/p>\n<p>You can reach the \u017ditnjak stop by tram and then transfer to the ELKA bus stop, where you can catch a bus no.  107, 214, 216, 222, 276 i 281 that will take you to the Centre.<\/p>\n<p>If you need any further information on how to find us, please contact us on number +385 1 555 6969<\/p>\n<p>&nbsp;<\/p>\n<p>&nbsp;<\/p>\n<p>&nbsp;<\/p>\n\n            <\/div>\n        \n    <\/div>\n\n    <div class=\"contact__column col-12\">\n\n            <div id=\"contact-0\" class=\"contact__map\" style=\"height: 400px;\">\n    <iframe\n      src=\"https:\/\/www.google.com\/maps?q=45.80294019999999,16.0486875&#038;z=14&#038;output=embed\"\n      width=\"100%\"\n      height=\"100%\"\n      frameborder=\"0\"\n      style=\"border:0;\"\n      allowfullscreen\n      loading=\"lazy\"\n      referrerpolicy=\"no-referrer-when-downgrade\">\n    <\/iframe>\n  <\/div>\n\n        \n    <\/div>\n\n<\/div>\n\n<script>\n    $(document).ready(function() {\n        var args_map = {\n            \"blockId\": \"contact-0\",\n            \"lat\": 45.80294019999999,\n            \"lng\": 16.0486875,\n            \"address\": \"Ul. Sini\u0161e Glava\u0161evi\u0107a, 10000, Zagreb, Croatia\"\n        };\n        am2.main.loadScript('google-map', 'https:\/\/maps.googleapis.com\/maps\/api\/js?key=AIzaSyCLdiaGQElkOmkK7ZI1NJvWMvq1LYzH1pA&callback=initMap', function() {\n            return am2.main.googleMap(args_map);\n        });\n\n        var args_lightbox = {\n            \"blockId\": \"gallery-0\"\n        };\n        am2.main.loadScript('slick-lightbox', am2.templateDirectory + '\/assets\/js\/slick-lightbox.min.js', function() {\n            return am2.main.slickLight(args_lightbox);\n        });\n    });\n<\/script>\n\t<div class=\"flexible-block\"><div class=\"contact clearfix\">\n\n    <div class=\"contact__column col-12\">\n\n        \n        \n    <\/div>\n\n    <div class=\"contact__column col-12\">\n\n        \n        \n    <\/div>\n\n<\/div>\n\n<script>\n    $(document).ready(function() {\n        var args_map = {\n            \"blockId\": \"contact-2\",\n            \"lat\": 0,\n            \"lng\": 0,\n            \"address\": \"\"\n        };\n        am2.main.loadScript('google-map', 'https:\/\/maps.googleapis.com\/maps\/api\/js?key=AIzaSyCLdiaGQElkOmkK7ZI1NJvWMvq1LYzH1pA&callback=initMap', function() {\n            return am2.main.googleMap(args_map);\n        });\n\n        var args_lightbox = {\n            \"blockId\": \"gallery-2\"\n        };\n        am2.main.loadScript('slick-lightbox', am2.templateDirectory + '\/assets\/js\/slick-lightbox.min.js', function() {\n            return am2.main.slickLight(args_lightbox);\n        });\n    });\n<\/script>\n<\/div>","protected":false},"excerpt":{"rendered":"","protected":false},"author":1,"featured_media":0,"parent":0,"menu_order":13,"comment_status":"closed","ping_status":"closed","template":"page-templates\/page-wide.php","meta":{"_acf_changed":false,"footnotes":""},"class_list":["post-3170","page","type-page","status-publish","hentry"],"acf":[],"yoast_head":"<!-- This site is optimized with the Yoast SEO plugin v27.4 - https:\/\/yoast.com\/product\/yoast-seo-wordpress\/ -->\n<title>Getting here - City Center one East<\/title>\n<meta name=\"robots\" content=\"index, follow, max-snippet:-1, max-image-preview:large, max-video-preview:-1\" \/>\n<link rel=\"canonical\" href=\"https:\/\/citycenterone.hr\/zagreb-east\/getting-here\/\" \/>\n<meta property=\"og:locale\" content=\"hr_HR\" \/>\n<meta property=\"og:type\" content=\"article\" \/>\n<meta property=\"og:title\" content=\"Getting here - City Center one East\" \/>\n<meta property=\"og:url\" content=\"https:\/\/citycenterone.hr\/zagreb-east\/en\/getting-here\/\" \/>\n<meta property=\"og:site_name\" content=\"Zagreb East\" \/>\n<meta property=\"article:modified_time\" content=\"2020-03-03T10:51:39+00:00\" \/>\n<meta name=\"twitter:card\" content=\"summary_large_image\" \/>\n<script type=\"application\/ld+json\" class=\"yoast-schema-graph\">{\"@context\":\"https:\\\/\\\/schema.org\",\"@graph\":[{\"@type\":\"WebPage\",\"@id\":\"https:\\\/\\\/citycenterone.hr\\\/zagreb-east\\\/en\\\/getting-here\\\/\",\"url\":\"https:\\\/\\\/citycenterone.hr\\\/zagreb-east\\\/en\\\/getting-here\\\/\",\"name\":\"Getting here - City Center one East\",\"isPartOf\":{\"@id\":\"https:\\\/\\\/citycenterone.hr\\\/zagreb-east\\\/#website\"},\"datePublished\":\"2017-08-07T15:19:08+00:00\",\"dateModified\":\"2020-03-03T10:51:39+00:00\",\"breadcrumb\":{\"@id\":\"https:\\\/\\\/citycenterone.hr\\\/zagreb-east\\\/en\\\/getting-here\\\/#breadcrumb\"},\"inLanguage\":\"hr-HR\",\"potentialAction\":[{\"@type\":\"ReadAction\",\"target\":[\"https:\\\/\\\/citycenterone.hr\\\/zagreb-east\\\/en\\\/getting-here\\\/\"]}]},{\"@type\":\"BreadcrumbList\",\"@id\":\"https:\\\/\\\/citycenterone.hr\\\/zagreb-east\\\/en\\\/getting-here\\\/#breadcrumb\",\"itemListElement\":[{\"@type\":\"ListItem\",\"position\":1,\"name\":\"Home\",\"item\":\"https:\\\/\\\/citycenterone.hr\\\/zagreb-east\\\/\"},{\"@type\":\"ListItem\",\"position\":2,\"name\":\"Getting here\"}]},{\"@type\":\"WebSite\",\"@id\":\"https:\\\/\\\/citycenterone.hr\\\/zagreb-east\\\/#website\",\"url\":\"https:\\\/\\\/citycenterone.hr\\\/zagreb-east\\\/\",\"name\":\"Zagreb East\",\"description\":\"Just another City Centar One site\",\"potentialAction\":[{\"@type\":\"SearchAction\",\"target\":{\"@type\":\"EntryPoint\",\"urlTemplate\":\"https:\\\/\\\/citycenterone.hr\\\/zagreb-east\\\/?s={search_term_string}\"},\"query-input\":{\"@type\":\"PropertyValueSpecification\",\"valueRequired\":true,\"valueName\":\"search_term_string\"}}],\"inLanguage\":\"hr-HR\"}]}<\/script>\n<!-- \/ Yoast SEO plugin. -->","yoast_head_json":{"title":"Getting here - City Center one East","robots":{"index":"index","follow":"follow","max-snippet":"max-snippet:-1","max-image-preview":"max-image-preview:large","max-video-preview":"max-video-preview:-1"},"canonical":"https:\/\/citycenterone.hr\/zagreb-east\/getting-here\/","og_locale":"hr_HR","og_type":"article","og_title":"Getting here - City Center one East","og_url":"https:\/\/citycenterone.hr\/zagreb-east\/en\/getting-here\/","og_site_name":"Zagreb East","article_modified_time":"2020-03-03T10:51:39+00:00","twitter_card":"summary_large_image","schema":{"@context":"https:\/\/schema.org","@graph":[{"@type":"WebPage","@id":"https:\/\/citycenterone.hr\/zagreb-east\/en\/getting-here\/","url":"https:\/\/citycenterone.hr\/zagreb-east\/en\/getting-here\/","name":"Getting here - City Center one East","isPartOf":{"@id":"https:\/\/citycenterone.hr\/zagreb-east\/#website"},"datePublished":"2017-08-07T15:19:08+00:00","dateModified":"2020-03-03T10:51:39+00:00","breadcrumb":{"@id":"https:\/\/citycenterone.hr\/zagreb-east\/en\/getting-here\/#breadcrumb"},"inLanguage":"hr-HR","potentialAction":[{"@type":"ReadAction","target":["https:\/\/citycenterone.hr\/zagreb-east\/en\/getting-here\/"]}]},{"@type":"BreadcrumbList","@id":"https:\/\/citycenterone.hr\/zagreb-east\/en\/getting-here\/#breadcrumb","itemListElement":[{"@type":"ListItem","position":1,"name":"Home","item":"https:\/\/citycenterone.hr\/zagreb-east\/"},{"@type":"ListItem","position":2,"name":"Getting here"}]},{"@type":"WebSite","@id":"https:\/\/citycenterone.hr\/zagreb-east\/#website","url":"https:\/\/citycenterone.hr\/zagreb-east\/","name":"Zagreb East","description":"Just another City Centar One site","potentialAction":[{"@type":"SearchAction","target":{"@type":"EntryPoint","urlTemplate":"https:\/\/citycenterone.hr\/zagreb-east\/?s={search_term_string}"},"query-input":{"@type":"PropertyValueSpecification","valueRequired":true,"valueName":"search_term_string"}}],"inLanguage":"hr-HR"}]}},"_links":{"self":[{"href":"https:\/\/citycenterone.hr\/zagreb-east\/wp-json\/wp\/v2\/pages\/3170","targetHints":{"allow":["GET"]}}],"collection":[{"href":"https:\/\/citycenterone.hr\/zagreb-east\/wp-json\/wp\/v2\/pages"}],"about":[{"href":"https:\/\/citycenterone.hr\/zagreb-east\/wp-json\/wp\/v2\/types\/page"}],"author":[{"embeddable":true,"href":"https:\/\/citycenterone.hr\/zagreb-east\/wp-json\/wp\/v2\/users\/1"}],"replies":[{"embeddable":true,"href":"https:\/\/citycenterone.hr\/zagreb-east\/wp-json\/wp\/v2\/comments?post=3170"}],"version-history":[{"count":3,"href":"https:\/\/citycenterone.hr\/zagreb-east\/wp-json\/wp\/v2\/pages\/3170\/revisions"}],"predecessor-version":[{"id":32912,"href":"https:\/\/citycenterone.hr\/zagreb-east\/wp-json\/wp\/v2\/pages\/3170\/revisions\/32912"}],"wp:attachment":[{"href":"https:\/\/citycenterone.hr\/zagreb-east\/wp-json\/wp\/v2\/media?parent=3170"}],"curies":[{"name":"wp","href":"https:\/\/api.w.org\/{rel}","templated":true}]}}