{"id":984,"date":"2017-09-19T09:14:36","date_gmt":"2017-09-19T09:14:36","guid":{"rendered":"http:\/\/citycenterone.hr\/zagreb-east\/?page_id=984"},"modified":"2025-02-20T07:03:30","modified_gmt":"2025-02-20T07:03:30","slug":"impressum","status":"publish","type":"page","link":"https:\/\/citycenterone.hr\/zagreb-east\/impressum\/","title":{"rendered":"Impressum"},"content":{"rendered":"<h3 class=\"lead\">VLASNIK STRANICE<\/h3>\n<p>CC REAL d.o.o.<br \/>\n10 000 Zagreb, Jankomir 33<br \/>\nMB:\u00a02284910<br \/>\nOIB:\u00a095199223369<\/p>\n<p>Zagreba\u010dka banka d.d. \/ \u017diro ra\u010dun 2360000-1102530897\u00a0<i>\/\u00a0<\/i>IBAN HR4823600001102530897<br \/>\nTvrtka upisana u registar: Trgova\u010dki sud u Zagrebu, broj (MBS):\u00a0080626000<br \/>\nTemeljni kapital: 70.200,00 kn, upla\u0107en u cijelosti<br \/>\nOsniva\u010di\/\u010dlanovi dru\u0161tva: CC REAL GMBH i SV KOMUNIKACIJE d.o.o.<br \/>\nOsobe ovla\u0161tene za zastupanje: Sven Vorih, Markus Bodner, Neda Buljevi\u0107 Vla\u010di\u0107 i Davorin Profeta<\/p>\n<p>Administrator<br \/>\nKristina Andra\u0161evi\u0107 &#8211; <a href=\"mailto:p.risek@cc-real.com\">k.andrasevic@cc-real.com<\/a><a href=\"mailto:d.sever@cc-real.com\"><span lang=\"EN-GB\"><br \/>\n<\/span><\/a>Dizajn<br \/>\n<a href=\"http:\/\/zooagencija.hr\/\" target=\"_blank\" rel=\"noopener noreferrer\">ZOO Agencija<br \/>\n<\/a>Razvoj stranice<br \/>\n<a href=\"http:\/\/am2studio.hr\/\">AM2 Studio<\/a><\/p>\n","protected":false},"excerpt":{"rendered":"<p>VLASNIK STRANICE CC REAL d.o.o. 10 000 Zagreb, Jankomir 33 MB:\u00a02284910 OIB:\u00a095199223369 Zagreba\u010dka banka d.d. \/ \u017diro ra\u010dun 2360000-1102530897\u00a0\/\u00a0IBAN HR4823600001102530897 Tvrtka upisana u registar: Trgova\u010dki sud u Zagrebu, broj (MBS):\u00a0080626000 Temeljni kapital: 70.200,00 kn, upla\u0107en u cijelosti Osniva\u010di\/\u010dlanovi dru\u0161tva: CC REAL GMBH i SV KOMUNIKACIJE d.o.o. Osobe ovla\u0161tene za zastupanje: Sven Vorih, Markus Bodner, Neda [&hellip;]<\/p>\n","protected":false},"author":1,"featured_media":0,"parent":0,"menu_order":11,"comment_status":"closed","ping_status":"closed","template":"","meta":{"_acf_changed":false,"footnotes":""},"class_list":["post-984","page","type-page","status-publish","hentry"],"acf":[],"yoast_head":"<!-- This site is optimized with the Yoast SEO plugin v27.4 - https:\/\/yoast.com\/product\/yoast-seo-wordpress\/ -->\n<title>Impressum - City Center one East<\/title>\n<meta name=\"robots\" content=\"index, follow, max-snippet:-1, max-image-preview:large, max-video-preview:-1\" \/>\n<link rel=\"canonical\" href=\"https:\/\/citycenterone.hr\/zagreb-east\/impressum\/\" \/>\n<meta property=\"og:locale\" content=\"hr_HR\" \/>\n<meta property=\"og:type\" content=\"article\" \/>\n<meta property=\"og:title\" content=\"Impressum - City Center one East\" \/>\n<meta property=\"og:description\" content=\"VLASNIK STRANICE CC REAL d.o.o. 10 000 Zagreb, Jankomir 33 MB:\u00a02284910 OIB:\u00a095199223369 Zagreba\u010dka banka d.d. \/ \u017diro ra\u010dun 2360000-1102530897\u00a0\/\u00a0IBAN HR4823600001102530897 Tvrtka upisana u registar: Trgova\u010dki sud u Zagrebu, broj (MBS):\u00a0080626000 Temeljni kapital: 70.200,00 kn, upla\u0107en u cijelosti Osniva\u010di\/\u010dlanovi dru\u0161tva: CC REAL GMBH i SV KOMUNIKACIJE d.o.o. Osobe ovla\u0161tene za zastupanje: Sven Vorih, Markus Bodner, Neda [&hellip;]\" \/>\n<meta property=\"og:url\" content=\"https:\/\/citycenterone.hr\/zagreb-east\/impressum\/\" \/>\n<meta property=\"og:site_name\" content=\"Zagreb East\" \/>\n<meta property=\"article:modified_time\" content=\"2025-02-20T07:03:30+00:00\" \/>\n<meta name=\"twitter:card\" content=\"summary_large_image\" \/>\n<meta name=\"twitter:label1\" content=\"Est. reading time\" \/>\n\t<meta name=\"twitter:data1\" content=\"1 minute\" \/>\n<script type=\"application\/ld+json\" class=\"yoast-schema-graph\">{\"@context\":\"https:\\\/\\\/schema.org\",\"@graph\":[{\"@type\":\"WebPage\",\"@id\":\"https:\\\/\\\/citycenterone.hr\\\/zagreb-east\\\/impressum\\\/\",\"url\":\"https:\\\/\\\/citycenterone.hr\\\/zagreb-east\\\/impressum\\\/\",\"name\":\"Impressum - City Center one East\",\"isPartOf\":{\"@id\":\"https:\\\/\\\/citycenterone.hr\\\/zagreb-east\\\/#website\"},\"datePublished\":\"2017-09-19T09:14:36+00:00\",\"dateModified\":\"2025-02-20T07:03:30+00:00\",\"breadcrumb\":{\"@id\":\"https:\\\/\\\/citycenterone.hr\\\/zagreb-east\\\/impressum\\\/#breadcrumb\"},\"inLanguage\":\"hr-HR\",\"potentialAction\":[{\"@type\":\"ReadAction\",\"target\":[\"https:\\\/\\\/citycenterone.hr\\\/zagreb-east\\\/impressum\\\/\"]}]},{\"@type\":\"BreadcrumbList\",\"@id\":\"https:\\\/\\\/citycenterone.hr\\\/zagreb-east\\\/impressum\\\/#breadcrumb\",\"itemListElement\":[{\"@type\":\"ListItem\",\"position\":1,\"name\":\"Home\",\"item\":\"https:\\\/\\\/citycenterone.hr\\\/zagreb-east\\\/\"},{\"@type\":\"ListItem\",\"position\":2,\"name\":\"Impressum\"}]},{\"@type\":\"WebSite\",\"@id\":\"https:\\\/\\\/citycenterone.hr\\\/zagreb-east\\\/#website\",\"url\":\"https:\\\/\\\/citycenterone.hr\\\/zagreb-east\\\/\",\"name\":\"Zagreb East\",\"description\":\"Just another City Centar One site\",\"potentialAction\":[{\"@type\":\"SearchAction\",\"target\":{\"@type\":\"EntryPoint\",\"urlTemplate\":\"https:\\\/\\\/citycenterone.hr\\\/zagreb-east\\\/?s={search_term_string}\"},\"query-input\":{\"@type\":\"PropertyValueSpecification\",\"valueRequired\":true,\"valueName\":\"search_term_string\"}}],\"inLanguage\":\"hr-HR\"}]}<\/script>\n<!-- \/ Yoast SEO plugin. -->","yoast_head_json":{"title":"Impressum - City Center one East","robots":{"index":"index","follow":"follow","max-snippet":"max-snippet:-1","max-image-preview":"max-image-preview:large","max-video-preview":"max-video-preview:-1"},"canonical":"https:\/\/citycenterone.hr\/zagreb-east\/impressum\/","og_locale":"hr_HR","og_type":"article","og_title":"Impressum - City Center one East","og_description":"VLASNIK STRANICE CC REAL d.o.o. 10 000 Zagreb, Jankomir 33 MB:\u00a02284910 OIB:\u00a095199223369 Zagreba\u010dka banka d.d. \/ \u017diro ra\u010dun 2360000-1102530897\u00a0\/\u00a0IBAN HR4823600001102530897 Tvrtka upisana u registar: Trgova\u010dki sud u Zagrebu, broj (MBS):\u00a0080626000 Temeljni kapital: 70.200,00 kn, upla\u0107en u cijelosti Osniva\u010di\/\u010dlanovi dru\u0161tva: CC REAL GMBH i SV KOMUNIKACIJE d.o.o. Osobe ovla\u0161tene za zastupanje: Sven Vorih, Markus Bodner, Neda [&hellip;]","og_url":"https:\/\/citycenterone.hr\/zagreb-east\/impressum\/","og_site_name":"Zagreb East","article_modified_time":"2025-02-20T07:03:30+00:00","twitter_card":"summary_large_image","twitter_misc":{"Est. reading time":"1 minute"},"schema":{"@context":"https:\/\/schema.org","@graph":[{"@type":"WebPage","@id":"https:\/\/citycenterone.hr\/zagreb-east\/impressum\/","url":"https:\/\/citycenterone.hr\/zagreb-east\/impressum\/","name":"Impressum - City Center one East","isPartOf":{"@id":"https:\/\/citycenterone.hr\/zagreb-east\/#website"},"datePublished":"2017-09-19T09:14:36+00:00","dateModified":"2025-02-20T07:03:30+00:00","breadcrumb":{"@id":"https:\/\/citycenterone.hr\/zagreb-east\/impressum\/#breadcrumb"},"inLanguage":"hr-HR","potentialAction":[{"@type":"ReadAction","target":["https:\/\/citycenterone.hr\/zagreb-east\/impressum\/"]}]},{"@type":"BreadcrumbList","@id":"https:\/\/citycenterone.hr\/zagreb-east\/impressum\/#breadcrumb","itemListElement":[{"@type":"ListItem","position":1,"name":"Home","item":"https:\/\/citycenterone.hr\/zagreb-east\/"},{"@type":"ListItem","position":2,"name":"Impressum"}]},{"@type":"WebSite","@id":"https:\/\/citycenterone.hr\/zagreb-east\/#website","url":"https:\/\/citycenterone.hr\/zagreb-east\/","name":"Zagreb East","description":"Just another City Centar One site","potentialAction":[{"@type":"SearchAction","target":{"@type":"EntryPoint","urlTemplate":"https:\/\/citycenterone.hr\/zagreb-east\/?s={search_term_string}"},"query-input":{"@type":"PropertyValueSpecification","valueRequired":true,"valueName":"search_term_string"}}],"inLanguage":"hr-HR"}]}},"_links":{"self":[{"href":"https:\/\/citycenterone.hr\/zagreb-east\/wp-json\/wp\/v2\/pages\/984","targetHints":{"allow":["GET"]}}],"collection":[{"href":"https:\/\/citycenterone.hr\/zagreb-east\/wp-json\/wp\/v2\/pages"}],"about":[{"href":"https:\/\/citycenterone.hr\/zagreb-east\/wp-json\/wp\/v2\/types\/page"}],"author":[{"embeddable":true,"href":"https:\/\/citycenterone.hr\/zagreb-east\/wp-json\/wp\/v2\/users\/1"}],"replies":[{"embeddable":true,"href":"https:\/\/citycenterone.hr\/zagreb-east\/wp-json\/wp\/v2\/comments?post=984"}],"version-history":[{"count":3,"href":"https:\/\/citycenterone.hr\/zagreb-east\/wp-json\/wp\/v2\/pages\/984\/revisions"}],"predecessor-version":[{"id":62867,"href":"https:\/\/citycenterone.hr\/zagreb-east\/wp-json\/wp\/v2\/pages\/984\/revisions\/62867"}],"wp:attachment":[{"href":"https:\/\/citycenterone.hr\/zagreb-east\/wp-json\/wp\/v2\/media?parent=984"}],"curies":[{"name":"wp","href":"https:\/\/api.w.org\/{rel}","templated":true}]}}