{"id":242,"date":"2017-07-26T10:22:13","date_gmt":"2017-07-26T10:22:13","guid":{"rendered":"http:\/\/citycenterone.hr\/zagreb-west\/?page_id=242"},"modified":"2025-07-25T12:36:43","modified_gmt":"2025-07-25T12:36:43","slug":"kako-do-nas","status":"publish","type":"page","link":"https:\/\/citycenterone.hr\/zagreb-west\/kako-do-nas\/","title":{"rendered":"KAKO DO NAS"},"content":{"rendered":"<div class=\"contact clearfix\">\n\n    <div class=\"contact__column col-12\">\n\n                    <h2 class=\"contact__title\">\n                KAKO DO NAS\n            <\/h2>\n        \n                    <div class=\"contact__content\">\n                <p>City Center one West nalazi se u zapadnom dijelu grada na vrlo pristupa\u010dnoj lokaciji uz Ljubljansku aveniju. Iz svih dijelova grada i okolice \u0161irokim prometnicama i u vrlo kratkom vremenu mogu\u0107e je do\u0107i do Centra.<\/p>\n<p>Tako\u0111er, Centar je vrlo dobro prometno povezan i javnim prijevozom \u2013 gradskim autobusnim linijama ZET-a 107,115, 116, 120, 136 i 168 te tramvajskim linijama 5 i 17 (do okreti\u0161ta Pre\u010dko). Raspored autobusnih i tramvajskih linija pogledajte na <a href=\"http:\/\/www.zet.hr\/\" target=\"_blank\" rel=\"noopener\">zet.hr<\/a>.<\/p>\n<p>Ukoliko trebate dodatne informacije kako nas prona\u0107i kontaktirajte nas na broj telefona: +385 1 5494 070<\/p>\n\n            <\/div>\n        \n    <\/div>\n\n    <div class=\"contact__column col-12\">\n\n            <div id=\"contact-0\" class=\"contact__map\" style=\"height: 400px;\">\n    <iframe\n      src=\"https:\/\/www.google.com\/maps?q=45.7994376,15.8846345&#038;z=14&#038;output=embed\"\n      width=\"100%\"\n      height=\"100%\"\n      frameborder=\"0\"\n      style=\"border:0;\"\n      allowfullscreen\n      loading=\"lazy\"\n      referrerpolicy=\"no-referrer-when-downgrade\">\n    <\/iframe>\n  <\/div>\n\n        \n    <\/div>\n\n<\/div>\n\n<script>\n    $(document).ready(function() {\n        var args_map = {\n            \"blockId\": \"contact-0\",\n            \"lat\": 45.7994376,\n            \"lng\": 15.8846345,\n            \"address\": \"City Center one West, Jankomir, Zagreb, Croatia\"\n        };\n        am2.main.loadScript('google-map', 'https:\/\/maps.googleapis.com\/maps\/api\/js?key=AIzaSyCLdiaGQElkOmkK7ZI1NJvWMvq1LYzH1pA&callback=initMap', function() {\n            return am2.main.googleMap(args_map);\n        });\n\n        var args_lightbox = {\n            \"blockId\": \"gallery-0\"\n        };\n        am2.main.loadScript('slick-lightbox', am2.templateDirectory + '\/assets\/js\/slick-lightbox.min.js', function() {\n            return am2.main.slickLight(args_lightbox);\n        });\n    });\n<\/script>\n\t","protected":false},"excerpt":{"rendered":"","protected":false},"author":1,"featured_media":0,"parent":0,"menu_order":17,"comment_status":"closed","ping_status":"closed","template":"page-templates\/page-wide.php","meta":{"_acf_changed":false,"footnotes":""},"class_list":["post-242","page","type-page","status-publish","hentry"],"acf":[],"yoast_head":"<!-- This site is optimized with the Yoast SEO plugin v27.2 - https:\/\/yoast.com\/product\/yoast-seo-wordpress\/ -->\n<title>Kako do nas - City Center one West<\/title>\n<meta name=\"description\" content=\"City Center one West nalazi se u zapadnom dijelu grada uz Ljubljansku aveniju. Iz svih dijelova grada i okolice u kratkom vremenu mogu\u0107e je do\u0107i do centra.\" \/>\n<meta name=\"robots\" content=\"index, follow, max-snippet:-1, max-image-preview:large, max-video-preview:-1\" \/>\n<link rel=\"canonical\" href=\"https:\/\/citycenterone.hr\/zagreb-west\/kako-do-nas\/\" \/>\n<meta property=\"og:locale\" content=\"hr_HR\" \/>\n<meta property=\"og:type\" content=\"article\" \/>\n<meta property=\"og:title\" content=\"Kako do nas - City Center one West\" \/>\n<meta property=\"og:description\" content=\"City Center one West nalazi se u zapadnom dijelu grada uz Ljubljansku aveniju. Iz svih dijelova grada i okolice u kratkom vremenu mogu\u0107e je do\u0107i do centra.\" \/>\n<meta property=\"og:url\" content=\"https:\/\/citycenterone.hr\/zagreb-west\/kako-do-nas\/\" \/>\n<meta property=\"og:site_name\" content=\"Zagreb West\" \/>\n<meta property=\"article:modified_time\" content=\"2025-07-25T12:36:43+00:00\" \/>\n<meta name=\"twitter:card\" content=\"summary_large_image\" \/>\n<meta name=\"twitter:label1\" content=\"Est. reading time\" \/>\n\t<meta name=\"twitter:data1\" content=\"1 minute\" \/>\n<script type=\"application\/ld+json\" class=\"yoast-schema-graph\">{\"@context\":\"https:\/\/schema.org\",\"@graph\":[{\"@type\":\"WebPage\",\"@id\":\"https:\/\/citycenterone.hr\/zagreb-west\/kako-do-nas\/\",\"url\":\"https:\/\/citycenterone.hr\/zagreb-west\/kako-do-nas\/\",\"name\":\"Kako do nas - City Center one West\",\"isPartOf\":{\"@id\":\"https:\/\/citycenterone.hr\/zagreb-west\/#website\"},\"datePublished\":\"2017-07-26T10:22:13+00:00\",\"dateModified\":\"2025-07-25T12:36:43+00:00\",\"description\":\"City Center one West nalazi se u zapadnom dijelu grada uz Ljubljansku aveniju. Iz svih dijelova grada i okolice u kratkom vremenu mogu\u0107e je do\u0107i do centra.\",\"breadcrumb\":{\"@id\":\"https:\/\/citycenterone.hr\/zagreb-west\/kako-do-nas\/#breadcrumb\"},\"inLanguage\":\"hr-HR\",\"potentialAction\":[{\"@type\":\"ReadAction\",\"target\":[\"https:\/\/citycenterone.hr\/zagreb-west\/kako-do-nas\/\"]}]},{\"@type\":\"BreadcrumbList\",\"@id\":\"https:\/\/citycenterone.hr\/zagreb-west\/kako-do-nas\/#breadcrumb\",\"itemListElement\":[{\"@type\":\"ListItem\",\"position\":1,\"name\":\"Home\",\"item\":\"https:\/\/citycenterone.hr\/zagreb-west\/\"},{\"@type\":\"ListItem\",\"position\":2,\"name\":\"KAKO DO NAS\"}]},{\"@type\":\"WebSite\",\"@id\":\"https:\/\/citycenterone.hr\/zagreb-west\/#website\",\"url\":\"https:\/\/citycenterone.hr\/zagreb-west\/\",\"name\":\"Zagreb West\",\"description\":\"Just another City Centar One site\",\"potentialAction\":[{\"@type\":\"SearchAction\",\"target\":{\"@type\":\"EntryPoint\",\"urlTemplate\":\"https:\/\/citycenterone.hr\/zagreb-west\/?s={search_term_string}\"},\"query-input\":{\"@type\":\"PropertyValueSpecification\",\"valueRequired\":true,\"valueName\":\"search_term_string\"}}],\"inLanguage\":\"hr-HR\"}]}<\/script>\n<!-- \/ Yoast SEO plugin. -->","yoast_head_json":{"title":"Kako do nas - City Center one West","description":"City Center one West nalazi se u zapadnom dijelu grada uz Ljubljansku aveniju. Iz svih dijelova grada i okolice u kratkom vremenu mogu\u0107e je do\u0107i do centra.","robots":{"index":"index","follow":"follow","max-snippet":"max-snippet:-1","max-image-preview":"max-image-preview:large","max-video-preview":"max-video-preview:-1"},"canonical":"https:\/\/citycenterone.hr\/zagreb-west\/kako-do-nas\/","og_locale":"hr_HR","og_type":"article","og_title":"Kako do nas - City Center one West","og_description":"City Center one West nalazi se u zapadnom dijelu grada uz Ljubljansku aveniju. Iz svih dijelova grada i okolice u kratkom vremenu mogu\u0107e je do\u0107i do centra.","og_url":"https:\/\/citycenterone.hr\/zagreb-west\/kako-do-nas\/","og_site_name":"Zagreb West","article_modified_time":"2025-07-25T12:36:43+00:00","twitter_card":"summary_large_image","twitter_misc":{"Est. reading time":"1 minute"},"schema":{"@context":"https:\/\/schema.org","@graph":[{"@type":"WebPage","@id":"https:\/\/citycenterone.hr\/zagreb-west\/kako-do-nas\/","url":"https:\/\/citycenterone.hr\/zagreb-west\/kako-do-nas\/","name":"Kako do nas - City Center one West","isPartOf":{"@id":"https:\/\/citycenterone.hr\/zagreb-west\/#website"},"datePublished":"2017-07-26T10:22:13+00:00","dateModified":"2025-07-25T12:36:43+00:00","description":"City Center one West nalazi se u zapadnom dijelu grada uz Ljubljansku aveniju. Iz svih dijelova grada i okolice u kratkom vremenu mogu\u0107e je do\u0107i do centra.","breadcrumb":{"@id":"https:\/\/citycenterone.hr\/zagreb-west\/kako-do-nas\/#breadcrumb"},"inLanguage":"hr-HR","potentialAction":[{"@type":"ReadAction","target":["https:\/\/citycenterone.hr\/zagreb-west\/kako-do-nas\/"]}]},{"@type":"BreadcrumbList","@id":"https:\/\/citycenterone.hr\/zagreb-west\/kako-do-nas\/#breadcrumb","itemListElement":[{"@type":"ListItem","position":1,"name":"Home","item":"https:\/\/citycenterone.hr\/zagreb-west\/"},{"@type":"ListItem","position":2,"name":"KAKO DO NAS"}]},{"@type":"WebSite","@id":"https:\/\/citycenterone.hr\/zagreb-west\/#website","url":"https:\/\/citycenterone.hr\/zagreb-west\/","name":"Zagreb West","description":"Just another City Centar One site","potentialAction":[{"@type":"SearchAction","target":{"@type":"EntryPoint","urlTemplate":"https:\/\/citycenterone.hr\/zagreb-west\/?s={search_term_string}"},"query-input":{"@type":"PropertyValueSpecification","valueRequired":true,"valueName":"search_term_string"}}],"inLanguage":"hr-HR"}]}},"_links":{"self":[{"href":"https:\/\/citycenterone.hr\/zagreb-west\/wp-json\/wp\/v2\/pages\/242","targetHints":{"allow":["GET"]}}],"collection":[{"href":"https:\/\/citycenterone.hr\/zagreb-west\/wp-json\/wp\/v2\/pages"}],"about":[{"href":"https:\/\/citycenterone.hr\/zagreb-west\/wp-json\/wp\/v2\/types\/page"}],"author":[{"embeddable":true,"href":"https:\/\/citycenterone.hr\/zagreb-west\/wp-json\/wp\/v2\/users\/1"}],"replies":[{"embeddable":true,"href":"https:\/\/citycenterone.hr\/zagreb-west\/wp-json\/wp\/v2\/comments?post=242"}],"version-history":[{"count":2,"href":"https:\/\/citycenterone.hr\/zagreb-west\/wp-json\/wp\/v2\/pages\/242\/revisions"}],"predecessor-version":[{"id":82685,"href":"https:\/\/citycenterone.hr\/zagreb-west\/wp-json\/wp\/v2\/pages\/242\/revisions\/82685"}],"wp:attachment":[{"href":"https:\/\/citycenterone.hr\/zagreb-west\/wp-json\/wp\/v2\/media?parent=242"}],"curies":[{"name":"wp","href":"https:\/\/api.w.org\/{rel}","templated":true}]}}