{"id":71780,"date":"2023-06-15T12:56:31","date_gmt":"2023-06-15T12:56:31","guid":{"rendered":"https:\/\/citycenterone.hr\/zagreb-west\/?page_id=71780"},"modified":"2026-04-01T06:16:52","modified_gmt":"2026-04-01T06:16:52","slug":"radno-vrijeme","status":"publish","type":"page","link":"https:\/\/citycenterone.hr\/zagreb-west\/radno-vrijeme\/","title":{"rendered":"Radno vrijeme"},"content":{"rendered":"\n<h1 class=\"wp-block-heading has-text-align-center single-post__title\">RADNO VRIJEME<\/h1>\n\n\n\n<p class=\"single-post__subtitle\" style=\"font-size:21px\">U nastavku provjerite radno vrijeme va\u0161eg <strong>City Centera one West<\/strong> te informacije o radnim <strong>nedjeljama<\/strong>.<\/p>\n\n\n\n<figure class=\"wp-block-image size-large\"><img loading=\"lazy\" decoding=\"async\" width=\"1024\" height=\"576\" src=\"https:\/\/citycenterone.hr\/zagreb-west\/wp-content\/uploads\/sites\/2\/2023\/05\/shutterstock_1483430027-1-1024x576.jpg\" alt=\"\" class=\"wp-image-71243\" srcset=\"https:\/\/citycenterone.hr\/zagreb-west\/wp-content\/uploads\/sites\/2\/2023\/05\/shutterstock_1483430027-1-1024x576.jpg 1024w, https:\/\/citycenterone.hr\/zagreb-west\/wp-content\/uploads\/sites\/2\/2023\/05\/shutterstock_1483430027-1-768x432.jpg 768w, https:\/\/citycenterone.hr\/zagreb-west\/wp-content\/uploads\/sites\/2\/2023\/05\/shutterstock_1483430027-1-1536x864.jpg 1536w, https:\/\/citycenterone.hr\/zagreb-west\/wp-content\/uploads\/sites\/2\/2023\/05\/shutterstock_1483430027-1-2048x1152.jpg 2048w\" sizes=\"auto, (max-width: 1024px) 100vw, 1024px\" \/><\/figure>\n\n\n\n<h2 class=\"wp-block-heading has-text-align-center\"><strong><span style=\"text-decoration: underline;\">RADNE NEDJELJE<\/span><\/strong><\/h2>\n\n\n\n<p class=\"has-text-align-center\">Provjerite kojim \u0107ete nedjeljama u\u017eivati u shoppingu u City Centeru one i tako&nbsp;<strong>na vrijeme isplanirajte svoje vikende<\/strong>. <br>\u017duto ozna\u010dene nedjelje u kalendaru su radne nedjelje. <br><\/p>\n\n\n<div class=\"wp-block-image\">\n<figure class=\"aligncenter size-large\"><img loading=\"lazy\" decoding=\"async\" width=\"640\" height=\"1024\" src=\"https:\/\/citycenterone.hr\/zagreb-west\/wp-content\/uploads\/sites\/2\/2026\/01\/CCO-Radne-Nedjelje-Kalendar-2026_WEB-west-east-4mj-1234-640x1024.png\" alt=\"\" class=\"wp-image-84542\" srcset=\"https:\/\/citycenterone.hr\/zagreb-west\/wp-content\/uploads\/sites\/2\/2026\/01\/CCO-Radne-Nedjelje-Kalendar-2026_WEB-west-east-4mj-1234-640x1024.png 640w, https:\/\/citycenterone.hr\/zagreb-west\/wp-content\/uploads\/sites\/2\/2026\/01\/CCO-Radne-Nedjelje-Kalendar-2026_WEB-west-east-4mj-1234-768x1229.png 768w, https:\/\/citycenterone.hr\/zagreb-west\/wp-content\/uploads\/sites\/2\/2026\/01\/CCO-Radne-Nedjelje-Kalendar-2026_WEB-west-east-4mj-1234-960x1536.png 960w, https:\/\/citycenterone.hr\/zagreb-west\/wp-content\/uploads\/sites\/2\/2026\/01\/CCO-Radne-Nedjelje-Kalendar-2026_WEB-west-east-4mj-1234.png 1200w\" sizes=\"auto, (max-width: 640px) 100vw, 640px\" \/><\/figure>\n<\/div>\n\n\n<p class=\"has-text-align-center\"><strong>City Center one<\/strong> radi od <strong>ponedjeljka<\/strong> do <strong>subote<\/strong>, <strong>od 9 do 21 sat<\/strong>. Radno vrijeme nekih sadr\u017eaja unutar centra razlikuje se, a sve iznimke mo\u017eete provjeriti ni\u017ee. <\/p>\n\n\n\n<p class=\"has-text-align-center\"><strong>INTERSPAR<\/strong><br>Ponedjeljak \u2013 Subota<br>7:00 \u2013 21:00<\/p>\n\n\n\n<p class=\"has-text-align-center\"><strong>TUTTO BENE<\/strong><br>Ponedjeljak \u2013 Subota<br>7:00 \u2013 19:00<\/p>\n\n\n\n<p class=\"has-text-align-center\"><strong>ALI KEBABA<\/strong><br>Ponedjeljak \u2013 Subota<br>9:00 \u2013 22:00<\/p>\n\n\n\n<p class=\"has-text-align-center\"><strong>ASK OBRT<br><\/strong>Ponedjeljak \u2013 Subota<br>10:00 \u2013 19:00<\/p>\n\n\n\n<p class=\"has-text-align-center\"><strong>BURGER BROS<br><\/strong>Ponedjeljak \u2013 Subota<br>11:00 \u2013 21:00<\/p>\n\n\n\n<p class=\"has-text-align-center\"><strong>CHEVAP BY CHEF DUJE PISAC<br><\/strong>Ponedjeljak \u2013 Subota<br>10:00 \u2013 22:00<\/p>\n\n\n\n<p class=\"has-text-align-center\"><strong>FISH DELISH<br><\/strong>Ponedjeljak \u2013 Subota<br>10:00 \u2013 22:00<\/p>\n\n\n\n<p class=\"has-text-align-center\"><strong>FINA<\/strong><br>Ponedjeljak \u2013 Subota<br>8:00 \u2013 20:00<\/p>\n\n\n\n<p class=\"has-text-align-center\"><strong>FOODIE<\/strong><br>Ponedjeljak \u2013 Subota<br>11:00 \u2013 19:00<\/p>\n\n\n\n<p class=\"has-text-align-center\"><strong>GENERAL BLISTAKONOV AUTOPRAONICA<\/strong><br>Ponedjeljak<br>9:00 \u2013 21:00<br>Utorak \u2013 Subota<br>8:00 \u2013 22:00<\/p>\n\n\n\n<p class=\"has-text-align-center\"><strong>HRVATSKA PO\u0160TA<\/strong><br>Ponedjeljak \u2013 Subota<br>9:00 \u2013 20:00<\/p>\n\n\n\n<p class=\"has-text-align-center\"><strong>KFC<\/strong><br>Ponedjeljak \u2013 Subota<br>9:00 \u2013 22:00<\/p>\n\n\n\n<p class=\"has-text-align-center\"><strong>LEGGIERO BAR<\/strong><br>Ponedjeljak \u2013 Subota<br>8:00 \u2013 22:00<\/p>\n\n\n\n<p class=\"has-text-align-center\"><strong>LIVING ROOM<br><\/strong>Ponedjeljak \u2013 Subota<br>8:00 \u2013 21:00<\/p>\n\n\n\n<p class=\"has-text-align-center\"><strong>MCDONALD&#8217;S<\/strong><br>Ponedjeljak \u2013 Subota<br>8:30 \u2013 21:30<\/p>\n\n\n\n<p class=\"has-text-align-center\"><strong>FISHERIJA<\/strong><br>Ponedjeljak \u2013 Subota<br>11:00 \u2013 21:00<\/p>\n\n\n\n<p class=\"has-text-align-center\"><strong>MINI MLJEKARA VERONIKA<\/strong><br>Ponedjeljak \u2013 Subota<br>8:00 \u2013 21:00<\/p>\n\n\n\n<p class=\"has-text-align-center\"><strong>PEK-SNACK FRAN\u0160IZA<\/strong><br>Ponedjeljak \u2013 Subota<br>8:00 \u2013 21:00<\/p>\n\n\n\n<p class=\"has-text-align-center\"><strong>TORTERIE MACARON<\/strong><br>Ponedjeljak \u2013 Subota<br>9:00 \u2013 21:00<\/p>\n\n\n\n<p class=\"has-text-align-center\"><strong>YUN CHINESE FOOD<\/strong><br>Ponedjeljak \u2013 Subota<br>11:00 \u2013 21:00<\/p>\n\n\n\n<p class=\"has-text-align-center\">Iznimke radnog vremena City Centera one East provjerite <strong><a href=\"https:\/\/citycenterone.hr\/zagreb-east\/radno-vrijeme\/\" target=\"_blank\" rel=\"noreferrer noopener\">ovdje<\/a>.<\/strong><br><\/p>\n\n\n\n<p><\/p>\n\n\n\n<p><br><\/p>\n","protected":false},"excerpt":{"rendered":"<p>RADNO VRIJEME U nastavku provjerite radno vrijeme va\u0161eg City Centera one West te informacije o radnim nedjeljama. RADNE NEDJELJE Provjerite kojim \u0107ete nedjeljama u\u017eivati u shoppingu u City Centeru one i tako&nbsp;na vrijeme isplanirajte svoje vikende. \u017duto ozna\u010dene nedjelje u kalendaru su radne nedjelje. City Center one radi od ponedjeljka do subote, od 9 do [&hellip;]<\/p>\n","protected":false},"author":1,"featured_media":0,"parent":0,"menu_order":0,"comment_status":"closed","ping_status":"closed","template":"","meta":{"_acf_changed":false,"footnotes":""},"class_list":["post-71780","page","type-page","status-publish","hentry"],"acf":[],"yoast_head":"<!-- This site is optimized with the Yoast SEO plugin v27.2 - https:\/\/yoast.com\/product\/yoast-seo-wordpress\/ -->\n<title>Radno vrijeme - Zagreb West<\/title>\n<meta name=\"robots\" content=\"index, follow, max-snippet:-1, max-image-preview:large, max-video-preview:-1\" \/>\n<link rel=\"canonical\" href=\"https:\/\/citycenterone.hr\/zagreb-west\/radno-vrijeme\/\" \/>\n<meta property=\"og:locale\" content=\"hr_HR\" \/>\n<meta property=\"og:type\" content=\"article\" \/>\n<meta property=\"og:title\" content=\"Radno vrijeme - Zagreb West\" \/>\n<meta property=\"og:description\" content=\"RADNO VRIJEME U nastavku provjerite radno vrijeme va\u0161eg City Centera one West te informacije o radnim nedjeljama. RADNE NEDJELJE Provjerite kojim \u0107ete nedjeljama u\u017eivati u shoppingu u City Centeru one i tako&nbsp;na vrijeme isplanirajte svoje vikende. \u017duto ozna\u010dene nedjelje u kalendaru su radne nedjelje. City Center one radi od ponedjeljka do subote, od 9 do [&hellip;]\" \/>\n<meta property=\"og:url\" content=\"https:\/\/citycenterone.hr\/zagreb-west\/radno-vrijeme\/\" \/>\n<meta property=\"og:site_name\" content=\"Zagreb West\" \/>\n<meta property=\"article:modified_time\" content=\"2026-04-01T06:16:52+00:00\" \/>\n<meta property=\"og:image\" content=\"https:\/\/citycenterone.hr\/zagreb-west\/wp-content\/uploads\/sites\/2\/2023\/05\/shutterstock_1483430027-1-1024x576.jpg\" \/>\n\t<meta property=\"og:image:width\" content=\"1024\" \/>\n\t<meta property=\"og:image:height\" content=\"576\" \/>\n\t<meta property=\"og:image:type\" content=\"image\/jpeg\" \/>\n<meta name=\"twitter:card\" content=\"summary_large_image\" \/>\n<meta name=\"twitter:label1\" content=\"Est. reading time\" \/>\n\t<meta name=\"twitter:data1\" content=\"2 minutes\" \/>\n<script type=\"application\/ld+json\" class=\"yoast-schema-graph\">{\"@context\":\"https:\/\/schema.org\",\"@graph\":[{\"@type\":\"WebPage\",\"@id\":\"https:\/\/citycenterone.hr\/zagreb-west\/radno-vrijeme\/\",\"url\":\"https:\/\/citycenterone.hr\/zagreb-west\/radno-vrijeme\/\",\"name\":\"Radno vrijeme - Zagreb West\",\"isPartOf\":{\"@id\":\"https:\/\/citycenterone.hr\/zagreb-west\/#website\"},\"primaryImageOfPage\":{\"@id\":\"https:\/\/citycenterone.hr\/zagreb-west\/radno-vrijeme\/#primaryimage\"},\"image\":{\"@id\":\"https:\/\/citycenterone.hr\/zagreb-west\/radno-vrijeme\/#primaryimage\"},\"thumbnailUrl\":\"https:\/\/citycenterone.hr\/zagreb-west\/wp-content\/uploads\/sites\/2\/2023\/05\/shutterstock_1483430027-1-1024x576.jpg\",\"datePublished\":\"2023-06-15T12:56:31+00:00\",\"dateModified\":\"2026-04-01T06:16:52+00:00\",\"breadcrumb\":{\"@id\":\"https:\/\/citycenterone.hr\/zagreb-west\/radno-vrijeme\/#breadcrumb\"},\"inLanguage\":\"hr-HR\",\"potentialAction\":[{\"@type\":\"ReadAction\",\"target\":[\"https:\/\/citycenterone.hr\/zagreb-west\/radno-vrijeme\/\"]}]},{\"@type\":\"ImageObject\",\"inLanguage\":\"hr-HR\",\"@id\":\"https:\/\/citycenterone.hr\/zagreb-west\/radno-vrijeme\/#primaryimage\",\"url\":\"https:\/\/citycenterone.hr\/zagreb-west\/wp-content\/uploads\/sites\/2\/2023\/05\/shutterstock_1483430027-1.jpg\",\"contentUrl\":\"https:\/\/citycenterone.hr\/zagreb-west\/wp-content\/uploads\/sites\/2\/2023\/05\/shutterstock_1483430027-1.jpg\",\"width\":7662,\"height\":4310},{\"@type\":\"BreadcrumbList\",\"@id\":\"https:\/\/citycenterone.hr\/zagreb-west\/radno-vrijeme\/#breadcrumb\",\"itemListElement\":[{\"@type\":\"ListItem\",\"position\":1,\"name\":\"Home\",\"item\":\"https:\/\/citycenterone.hr\/zagreb-west\/\"},{\"@type\":\"ListItem\",\"position\":2,\"name\":\"Radno vrijeme\"}]},{\"@type\":\"WebSite\",\"@id\":\"https:\/\/citycenterone.hr\/zagreb-west\/#website\",\"url\":\"https:\/\/citycenterone.hr\/zagreb-west\/\",\"name\":\"Zagreb West\",\"description\":\"Just another City Centar One site\",\"potentialAction\":[{\"@type\":\"SearchAction\",\"target\":{\"@type\":\"EntryPoint\",\"urlTemplate\":\"https:\/\/citycenterone.hr\/zagreb-west\/?s={search_term_string}\"},\"query-input\":{\"@type\":\"PropertyValueSpecification\",\"valueRequired\":true,\"valueName\":\"search_term_string\"}}],\"inLanguage\":\"hr-HR\"}]}<\/script>\n<!-- \/ Yoast SEO plugin. -->","yoast_head_json":{"title":"Radno vrijeme - Zagreb West","robots":{"index":"index","follow":"follow","max-snippet":"max-snippet:-1","max-image-preview":"max-image-preview:large","max-video-preview":"max-video-preview:-1"},"canonical":"https:\/\/citycenterone.hr\/zagreb-west\/radno-vrijeme\/","og_locale":"hr_HR","og_type":"article","og_title":"Radno vrijeme - Zagreb West","og_description":"RADNO VRIJEME U nastavku provjerite radno vrijeme va\u0161eg City Centera one West te informacije o radnim nedjeljama. RADNE NEDJELJE Provjerite kojim \u0107ete nedjeljama u\u017eivati u shoppingu u City Centeru one i tako&nbsp;na vrijeme isplanirajte svoje vikende. \u017duto ozna\u010dene nedjelje u kalendaru su radne nedjelje. City Center one radi od ponedjeljka do subote, od 9 do [&hellip;]","og_url":"https:\/\/citycenterone.hr\/zagreb-west\/radno-vrijeme\/","og_site_name":"Zagreb West","article_modified_time":"2026-04-01T06:16:52+00:00","og_image":[{"width":1024,"height":576,"url":"https:\/\/citycenterone.hr\/zagreb-west\/wp-content\/uploads\/sites\/2\/2023\/05\/shutterstock_1483430027-1-1024x576.jpg","type":"image\/jpeg"}],"twitter_card":"summary_large_image","twitter_misc":{"Est. reading time":"2 minutes"},"schema":{"@context":"https:\/\/schema.org","@graph":[{"@type":"WebPage","@id":"https:\/\/citycenterone.hr\/zagreb-west\/radno-vrijeme\/","url":"https:\/\/citycenterone.hr\/zagreb-west\/radno-vrijeme\/","name":"Radno vrijeme - Zagreb West","isPartOf":{"@id":"https:\/\/citycenterone.hr\/zagreb-west\/#website"},"primaryImageOfPage":{"@id":"https:\/\/citycenterone.hr\/zagreb-west\/radno-vrijeme\/#primaryimage"},"image":{"@id":"https:\/\/citycenterone.hr\/zagreb-west\/radno-vrijeme\/#primaryimage"},"thumbnailUrl":"https:\/\/citycenterone.hr\/zagreb-west\/wp-content\/uploads\/sites\/2\/2023\/05\/shutterstock_1483430027-1-1024x576.jpg","datePublished":"2023-06-15T12:56:31+00:00","dateModified":"2026-04-01T06:16:52+00:00","breadcrumb":{"@id":"https:\/\/citycenterone.hr\/zagreb-west\/radno-vrijeme\/#breadcrumb"},"inLanguage":"hr-HR","potentialAction":[{"@type":"ReadAction","target":["https:\/\/citycenterone.hr\/zagreb-west\/radno-vrijeme\/"]}]},{"@type":"ImageObject","inLanguage":"hr-HR","@id":"https:\/\/citycenterone.hr\/zagreb-west\/radno-vrijeme\/#primaryimage","url":"https:\/\/citycenterone.hr\/zagreb-west\/wp-content\/uploads\/sites\/2\/2023\/05\/shutterstock_1483430027-1.jpg","contentUrl":"https:\/\/citycenterone.hr\/zagreb-west\/wp-content\/uploads\/sites\/2\/2023\/05\/shutterstock_1483430027-1.jpg","width":7662,"height":4310},{"@type":"BreadcrumbList","@id":"https:\/\/citycenterone.hr\/zagreb-west\/radno-vrijeme\/#breadcrumb","itemListElement":[{"@type":"ListItem","position":1,"name":"Home","item":"https:\/\/citycenterone.hr\/zagreb-west\/"},{"@type":"ListItem","position":2,"name":"Radno vrijeme"}]},{"@type":"WebSite","@id":"https:\/\/citycenterone.hr\/zagreb-west\/#website","url":"https:\/\/citycenterone.hr\/zagreb-west\/","name":"Zagreb West","description":"Just another City Centar One site","potentialAction":[{"@type":"SearchAction","target":{"@type":"EntryPoint","urlTemplate":"https:\/\/citycenterone.hr\/zagreb-west\/?s={search_term_string}"},"query-input":{"@type":"PropertyValueSpecification","valueRequired":true,"valueName":"search_term_string"}}],"inLanguage":"hr-HR"}]}},"_links":{"self":[{"href":"https:\/\/citycenterone.hr\/zagreb-west\/wp-json\/wp\/v2\/pages\/71780","targetHints":{"allow":["GET"]}}],"collection":[{"href":"https:\/\/citycenterone.hr\/zagreb-west\/wp-json\/wp\/v2\/pages"}],"about":[{"href":"https:\/\/citycenterone.hr\/zagreb-west\/wp-json\/wp\/v2\/types\/page"}],"author":[{"embeddable":true,"href":"https:\/\/citycenterone.hr\/zagreb-west\/wp-json\/wp\/v2\/users\/1"}],"replies":[{"embeddable":true,"href":"https:\/\/citycenterone.hr\/zagreb-west\/wp-json\/wp\/v2\/comments?post=71780"}],"version-history":[{"count":3,"href":"https:\/\/citycenterone.hr\/zagreb-west\/wp-json\/wp\/v2\/pages\/71780\/revisions"}],"predecessor-version":[{"id":85609,"href":"https:\/\/citycenterone.hr\/zagreb-west\/wp-json\/wp\/v2\/pages\/71780\/revisions\/85609"}],"wp:attachment":[{"href":"https:\/\/citycenterone.hr\/zagreb-west\/wp-json\/wp\/v2\/media?parent=71780"}],"curies":[{"name":"wp","href":"https:\/\/api.w.org\/{rel}","templated":true}]}}