{"id":749,"date":"2017-08-30T15:02:28","date_gmt":"2017-08-30T15:02:28","guid":{"rendered":"http:\/\/citycenterone.hr\/zagreb-west\/?page_id=749\/"},"modified":"2024-10-25T10:08:10","modified_gmt":"2024-10-25T10:08:10","slug":"o-nama","status":"publish","type":"page","link":"https:\/\/citycenterone.hr\/zagreb-west\/o-nama\/","title":{"rendered":"O NAMA"},"content":{"rendered":"<div class=\"working-hours js-working-hours\">  \n            <ul id=\"js-fix-nav\" class=\"working-hours__nav\">\n            <div class=\"working-hours__nav-title reached\">\n                O NAMA\n            <\/div>\n\n                            <li class=\"working-hours__nav-item\">\n                    <a href=\"#!\" class=\"working-hours__nav-item__link\">KONTAKTI<\/a>\n                <\/li>\n                            <li class=\"working-hours__nav-item\">\n                    <a href=\"#!\" class=\"working-hours__nav-item__link\">O CENTRU<\/a>\n                <\/li>\n                            <li class=\"working-hours__nav-item\">\n                    <a href=\"#!\" class=\"working-hours__nav-item__link\">DOWNLOAD LOGOTIPA<\/a>\n                <\/li>\n            \n        <\/ul>\n\n                    <div class=\"working-hours__section js-section\" itemscope itemtype=\"http:\/\/schema.org\/CreativeWork\">\n\n                <figure class=\"working-hours__section-figure\" itemscope=\"\" itemtype=\"http:\/\/schema.org\/ImageObject\">\n                    <div class=\"working-hours__section-image\" style=\"background-image: url( https:\/\/citycenterone.hr\/zagreb-west\/wp-content\/uploads\/sites\/2\/2017\/08\/haute-chocolate-styled-stock-photography-healthy-boss-lady-final-7-e1507815725823-1-732x732.jpg ); background-position: 50% 50% \"><\/div>\n                    <meta itemprop=\"image\" content=\"https:\/\/citycenterone.hr\/zagreb-west\/wp-content\/uploads\/sites\/2\/2017\/08\/haute-chocolate-styled-stock-photography-healthy-boss-lady-final-7-e1507815725823-1-732x732.jpg\">\n                <\/figure>\n\n                <div class=\"working-hours__section-info\">\n                    <h2 class=\"working-hours__section-title\">KONTAKTI<\/h2>\n                    <div class=\"working-hours__section-content\"><p><strong>Mjesto za informacije<\/strong><br \/>\nCity Center one West<br \/>\nJankomir 33, 10000 Zagreb<br \/>\nT.\u00a0<strong>+ <\/strong>385 1 5494 070<br \/>\nE.\u00a0<a href=\"mailto:info@citycenterone.com\">info@citycenterone.com<\/a><\/p>\n<p>&nbsp;<\/p>\n<p><strong>Valentina Ra\u0161i\u0107<\/strong><br \/>\nTajnica uprave Centra<br \/>\nCC REAL d.o.o.<br \/>\n10000 Zagreb, Jankomir 33<br \/>\nT. + 385 1 5540 100<br \/>\nF. + 385 1 5540 103<br \/>\nE. <a href=\"mailto:v.rasic@cc-real.com\">v.rasic@cc-real.com<\/a><\/p>\n<\/div>\n                <\/div>\n            <\/div>\n                    <div class=\"working-hours__section js-section\" itemscope itemtype=\"http:\/\/schema.org\/CreativeWork\">\n\n                <figure class=\"working-hours__section-figure\" itemscope=\"\" itemtype=\"http:\/\/schema.org\/ImageObject\">\n                    <div class=\"working-hours__section-image\" style=\"background-image: url( https:\/\/citycenterone.hr\/zagreb-west\/wp-content\/uploads\/sites\/2\/2023\/03\/CCOW_194-732x732.jpg ); background-position: 50% 50% \"><\/div>\n                    <meta itemprop=\"image\" content=\"https:\/\/citycenterone.hr\/zagreb-west\/wp-content\/uploads\/sites\/2\/2023\/03\/CCOW_194-732x732.jpg\">\n                <\/figure>\n\n                <div class=\"working-hours__section-info\">\n                    <h2 class=\"working-hours__section-title\">O CENTRU<\/h2>\n                    <div class=\"working-hours__section-content\"><p>City Center one Zagreb West, otvoren u jesen 2006., bio je prvi klasi\u010dni shopping mall u Hrvatskoj. Osim \u0161to nudi bogatu ponudu svjetski poznatih brendova i cijenjenih doma\u0107ih marki,\u00a0City Center one Zagreb West\u00a0ugodno je mjesto za dru\u017eenje i zabavu u\u00a0restoranima i kafi\u0107ima, a prostor malla i vanjskih terasa opremljen je\u00a0besplatnom internet wireless vezom. Obiteljima je na raspolaganju obiteljski parking veli\u010dinom prilago\u0111en njihovim potrebama, baby room i dodatni dje\u010dji sadr\u017eaji u prostoru malla.<\/p>\n<p>Besplatna dje\u010dja igraonica Kid&#8217;s Jungle namijenjena je djeci od 3 do 12 godina, a u njoj va\u0161i najmla\u0111i mogu u\u017eivati i u najzabavnijim proslavama ro\u0111endana. O\u010dekuju vas i brojne korisne usluge, poput\u00a0frizerskog salona, nail bara, autopraonice, kemijske \u010distionice i mjenja\u010dnice. Otkad se provode ankete i istra\u017eivanja tr\u017ei\u0161ta, City Center one Zagreb West kod kupaca i partnera iz godine u godinu posti\u017ee najbolje ocjene, a gra\u0111ani Zagreba nekoliko puta su ga proglasili najboljom shopping destinacijom!<\/p>\n<\/div>\n                <\/div>\n            <\/div>\n                    <div class=\"working-hours__section js-section\" itemscope itemtype=\"http:\/\/schema.org\/CreativeWork\">\n\n                <figure class=\"working-hours__section-figure\" itemscope=\"\" itemtype=\"http:\/\/schema.org\/ImageObject\">\n                    <div class=\"working-hours__section-image\" style=\"background-image: url( https:\/\/citycenterone.hr\/zagreb-west\/wp-content\/uploads\/sites\/2\/2017\/11\/Press-City-Center-one-e1509595639456-732x732.jpg ); background-position: 50% 50% \"><\/div>\n                    <meta itemprop=\"image\" content=\"https:\/\/citycenterone.hr\/zagreb-west\/wp-content\/uploads\/sites\/2\/2017\/11\/Press-City-Center-one-e1509595639456-732x732.jpg\">\n                <\/figure>\n\n                <div class=\"working-hours__section-info\">\n                    <h2 class=\"working-hours__section-title\">DOWNLOAD LOGOTIPA<\/h2>\n                    <div class=\"working-hours__section-content\"><p>Logo je dostupan u nekoliko varijanti formata datoteke<\/p>\n<p><a href=\"https:\/\/citycenterone.hr\/logo\/citycenterone_logo_new.ai\" target=\"_blank\" rel=\"noopener\">Adobe Illustrator<\/a> (138 KB)<br \/>\n<a href=\"https:\/\/citycenterone.hr\/logo\/citycenterone_logo_new_.eps\" target=\"_blank\" rel=\"noopener\">EPS vector<\/a> (212 KB)<br \/>\n<a href=\"https:\/\/citycenterone.hr\/logo\/citycenterone_logo_new_overlay.gif\" target=\"_blank\" rel=\"noopener\">GIF 75\u00d767<\/a> (3 KB)<br \/>\n<a href=\"https:\/\/citycenterone.hr\/logo\/citycenterone_logo_new-small.jpg\" target=\"_blank\" rel=\"noopener\">JPEG 539\u00d7480<\/a> (60 KB)<\/p>\n<\/div>\n                <\/div>\n            <\/div>\n            \n<\/div>\n\n<script>\n    $( document ).ready( function() {\n        var args = {\n            \"navId\": \"js-fix-nav\",\n            \"blockClass\": \"js-working-hours\",\n            \"sectionClass\" : \"js-section\",\n        };\n        am2.main.fixedNavigation( args );\n\n        var argsWm = {\n            \"blockId\": \"js-fix-nav\",\n            \"sectionClass\" : \"js-section\",\n        };\n        am2.main.workingHoursMenu( argsWm );\n    });\n<\/script>\n\t<div class=\"flexible-block\"><div class=\"working-hours js-working-hours\">  \n    \n<\/div>\n\n<script>\n    $( document ).ready( function() {\n        var args = {\n            \"navId\": \"js-fix-nav\",\n            \"blockClass\": \"js-working-hours\",\n            \"sectionClass\" : \"js-section\",\n        };\n        am2.main.fixedNavigation( args );\n\n        var argsWm = {\n            \"blockId\": \"js-fix-nav\",\n            \"sectionClass\" : \"js-section\",\n        };\n        am2.main.workingHoursMenu( argsWm );\n    });\n<\/script>\n<\/div>","protected":false},"excerpt":{"rendered":"","protected":false},"author":1,"featured_media":0,"parent":0,"menu_order":21,"comment_status":"closed","ping_status":"closed","template":"page-templates\/page-wide.php","meta":{"_acf_changed":false,"footnotes":""},"class_list":["post-749","page","type-page","status-publish","hentry"],"acf":[],"yoast_head":"<!-- This site is optimized with the Yoast SEO plugin v27.2 - https:\/\/yoast.com\/product\/yoast-seo-wordpress\/ -->\n<title>O nama - City Center one West<\/title>\n<meta name=\"description\" content=\"Shopping centar City Center one West, nudi bogatu ponudu svjetski poznatih brendova i cijenjenih doma\u0107ih marki.\" \/>\n<meta name=\"robots\" content=\"index, follow, max-snippet:-1, max-image-preview:large, max-video-preview:-1\" \/>\n<link rel=\"canonical\" href=\"https:\/\/citycenterone.hr\/zagreb-west\/o-nama\/\" \/>\n<meta property=\"og:locale\" content=\"hr_HR\" \/>\n<meta property=\"og:type\" content=\"article\" \/>\n<meta property=\"og:title\" content=\"O nama - City Center one West\" \/>\n<meta property=\"og:description\" content=\"Shopping centar City Center one West, nudi bogatu ponudu svjetski poznatih brendova i cijenjenih doma\u0107ih marki.\" \/>\n<meta property=\"og:url\" content=\"https:\/\/citycenterone.hr\/zagreb-west\/o-nama\/\" \/>\n<meta property=\"og:site_name\" content=\"Zagreb West\" \/>\n<meta property=\"article:modified_time\" content=\"2024-10-25T10:08:10+00:00\" \/>\n<meta name=\"twitter:card\" content=\"summary_large_image\" \/>\n<script type=\"application\/ld+json\" class=\"yoast-schema-graph\">{\"@context\":\"https:\/\/schema.org\",\"@graph\":[{\"@type\":\"WebPage\",\"@id\":\"https:\/\/citycenterone.hr\/zagreb-west\/o-nama\/\",\"url\":\"https:\/\/citycenterone.hr\/zagreb-west\/o-nama\/\",\"name\":\"O nama - City Center one West\",\"isPartOf\":{\"@id\":\"https:\/\/citycenterone.hr\/zagreb-west\/#website\"},\"datePublished\":\"2017-08-30T15:02:28+00:00\",\"dateModified\":\"2024-10-25T10:08:10+00:00\",\"description\":\"Shopping centar City Center one West, nudi bogatu ponudu svjetski poznatih brendova i cijenjenih doma\u0107ih marki.\",\"breadcrumb\":{\"@id\":\"https:\/\/citycenterone.hr\/zagreb-west\/o-nama\/#breadcrumb\"},\"inLanguage\":\"hr-HR\",\"potentialAction\":[{\"@type\":\"ReadAction\",\"target\":[\"https:\/\/citycenterone.hr\/zagreb-west\/o-nama\/\"]}]},{\"@type\":\"BreadcrumbList\",\"@id\":\"https:\/\/citycenterone.hr\/zagreb-west\/o-nama\/#breadcrumb\",\"itemListElement\":[{\"@type\":\"ListItem\",\"position\":1,\"name\":\"Home\",\"item\":\"https:\/\/citycenterone.hr\/zagreb-west\/\"},{\"@type\":\"ListItem\",\"position\":2,\"name\":\"O NAMA\"}]},{\"@type\":\"WebSite\",\"@id\":\"https:\/\/citycenterone.hr\/zagreb-west\/#website\",\"url\":\"https:\/\/citycenterone.hr\/zagreb-west\/\",\"name\":\"Zagreb West\",\"description\":\"Just another City Centar One site\",\"potentialAction\":[{\"@type\":\"SearchAction\",\"target\":{\"@type\":\"EntryPoint\",\"urlTemplate\":\"https:\/\/citycenterone.hr\/zagreb-west\/?s={search_term_string}\"},\"query-input\":{\"@type\":\"PropertyValueSpecification\",\"valueRequired\":true,\"valueName\":\"search_term_string\"}}],\"inLanguage\":\"hr-HR\"}]}<\/script>\n<!-- \/ Yoast SEO plugin. -->","yoast_head_json":{"title":"O nama - City Center one West","description":"Shopping centar City Center one West, nudi bogatu ponudu svjetski poznatih brendova i cijenjenih doma\u0107ih marki.","robots":{"index":"index","follow":"follow","max-snippet":"max-snippet:-1","max-image-preview":"max-image-preview:large","max-video-preview":"max-video-preview:-1"},"canonical":"https:\/\/citycenterone.hr\/zagreb-west\/o-nama\/","og_locale":"hr_HR","og_type":"article","og_title":"O nama - City Center one West","og_description":"Shopping centar City Center one West, nudi bogatu ponudu svjetski poznatih brendova i cijenjenih doma\u0107ih marki.","og_url":"https:\/\/citycenterone.hr\/zagreb-west\/o-nama\/","og_site_name":"Zagreb West","article_modified_time":"2024-10-25T10:08:10+00:00","twitter_card":"summary_large_image","schema":{"@context":"https:\/\/schema.org","@graph":[{"@type":"WebPage","@id":"https:\/\/citycenterone.hr\/zagreb-west\/o-nama\/","url":"https:\/\/citycenterone.hr\/zagreb-west\/o-nama\/","name":"O nama - City Center one West","isPartOf":{"@id":"https:\/\/citycenterone.hr\/zagreb-west\/#website"},"datePublished":"2017-08-30T15:02:28+00:00","dateModified":"2024-10-25T10:08:10+00:00","description":"Shopping centar City Center one West, nudi bogatu ponudu svjetski poznatih brendova i cijenjenih doma\u0107ih marki.","breadcrumb":{"@id":"https:\/\/citycenterone.hr\/zagreb-west\/o-nama\/#breadcrumb"},"inLanguage":"hr-HR","potentialAction":[{"@type":"ReadAction","target":["https:\/\/citycenterone.hr\/zagreb-west\/o-nama\/"]}]},{"@type":"BreadcrumbList","@id":"https:\/\/citycenterone.hr\/zagreb-west\/o-nama\/#breadcrumb","itemListElement":[{"@type":"ListItem","position":1,"name":"Home","item":"https:\/\/citycenterone.hr\/zagreb-west\/"},{"@type":"ListItem","position":2,"name":"O NAMA"}]},{"@type":"WebSite","@id":"https:\/\/citycenterone.hr\/zagreb-west\/#website","url":"https:\/\/citycenterone.hr\/zagreb-west\/","name":"Zagreb West","description":"Just another City Centar One site","potentialAction":[{"@type":"SearchAction","target":{"@type":"EntryPoint","urlTemplate":"https:\/\/citycenterone.hr\/zagreb-west\/?s={search_term_string}"},"query-input":{"@type":"PropertyValueSpecification","valueRequired":true,"valueName":"search_term_string"}}],"inLanguage":"hr-HR"}]}},"_links":{"self":[{"href":"https:\/\/citycenterone.hr\/zagreb-west\/wp-json\/wp\/v2\/pages\/749","targetHints":{"allow":["GET"]}}],"collection":[{"href":"https:\/\/citycenterone.hr\/zagreb-west\/wp-json\/wp\/v2\/pages"}],"about":[{"href":"https:\/\/citycenterone.hr\/zagreb-west\/wp-json\/wp\/v2\/types\/page"}],"author":[{"embeddable":true,"href":"https:\/\/citycenterone.hr\/zagreb-west\/wp-json\/wp\/v2\/users\/1"}],"replies":[{"embeddable":true,"href":"https:\/\/citycenterone.hr\/zagreb-west\/wp-json\/wp\/v2\/comments?post=749"}],"version-history":[{"count":3,"href":"https:\/\/citycenterone.hr\/zagreb-west\/wp-json\/wp\/v2\/pages\/749\/revisions"}],"predecessor-version":[{"id":79438,"href":"https:\/\/citycenterone.hr\/zagreb-west\/wp-json\/wp\/v2\/pages\/749\/revisions\/79438"}],"wp:attachment":[{"href":"https:\/\/citycenterone.hr\/zagreb-west\/wp-json\/wp\/v2\/media?parent=749"}],"curies":[{"name":"wp","href":"https:\/\/api.w.org\/{rel}","templated":true}]}}